{"id":1362,"date":"2020-09-15T18:03:43","date_gmt":"2020-09-15T18:03:43","guid":{"rendered":"http:\/\/192.168.1.192:8080\/?post_type=product&#038;p=1362"},"modified":"2020-09-15T18:03:43","modified_gmt":"2020-09-15T18:03:43","slug":"glunz-jensen-concept-302-ec","status":"publish","type":"product","link":"https:\/\/www.alephgraphics.com\/es\/producto\/glunz-jensen-concept-302-ec\/","title":{"rendered":"Glunz &#038; Jensen Concept 302 EC"},"content":{"rendered":"<p><strong>Unidad de exposici\u00f3n de planchas flexo medianas de hasta 920&#215;1200 mm, con mesa de exposici\u00f3n refrigerado, pantalla t\u00e1ctil y dos estantes de almacenamiento.<\/strong><\/p>\n<p><span style=\"text-decoration: underline;\">F\u00c1CIL DE USAR<\/span><\/p>\n<p>Al abrir la tapa se revela la superficie de exposici\u00f3n de temperatura controlada, donde las placas se mantienen en su lugar por el efecto del vac\u00edo. La l\u00e1mpara de inspecci\u00f3n y los canales de memoria hacen que la m\u00e1quina tenga un uso sencillo y conveniente.<\/p>\n<p><span style=\"text-decoration: underline;\">CONTROL DE LAS L\u00c1MPARAS\u00a0(80W)<\/span><\/p>\n<p>L\u00e1mparas\u00a0de luz UV-A de 80W 10\/R con balastos electr\u00f3nicos y control de temperatura ajustables. Las l\u00e1mparas\u00a0trabajan con temperatura UV a 45\u00baC, refrigeradas con un sistema de ventilaci\u00f3n para mantener la temperatura en ese valor. Un integrador de luz asegura que la plancha siempre reciba la misma cantidad de luz, independientemente de la salida de las l\u00e1mparas individuales. Las l\u00e1mparas defectuosas son autom\u00e1ticamente detectadas y de f\u00e1cil reemplazo.<\/p>\n<p><span style=\"text-decoration: underline;\">CAMA DE ENFRIADO CONTROLADO<\/span><\/p>\n<p>La mesa de exposici\u00f3n refrigerada reduce sustancialmente o completamente las emisiones de oxigeno por las placas, eliminando todos los problemas relacionados con el enfoque.<\/p>\n","protected":false},"excerpt":{"rendered":"<p>Unidad de exposici\u00f3n de planchas flexo medianas de hasta 920&#215;1200 mm, con mesa de exposici\u00f3n refrigerado, pantalla t\u00e1ctil y dos estantes de almacenamiento. F\u00c1CIL DE USAR Al abrir la tapa se revela la superficie de exposici\u00f3n de temperatura controlada, donde las placas se mantienen en su lugar por el efecto del vac\u00edo. La l\u00e1mpara de [&hellip;]<\/p>\n","protected":false},"featured_media":1363,"template":"","meta":{"pagelayer_contact_templates":[],"_pagelayer_content":""},"product_brand":[],"product_cat":[38],"product_tag":[],"class_list":{"0":"post-1362","1":"product","2":"type-product","3":"status-publish","4":"has-post-thumbnail","6":"product_cat-preprensa-flexo","8":"first","9":"instock","10":"shipping-taxable","11":"product-type-simple"},"_links":{"self":[{"href":"https:\/\/www.alephgraphics.com\/es\/wp-json\/wp\/v2\/product\/1362","targetHints":{"allow":["GET"]}}],"collection":[{"href":"https:\/\/www.alephgraphics.com\/es\/wp-json\/wp\/v2\/product"}],"about":[{"href":"https:\/\/www.alephgraphics.com\/es\/wp-json\/wp\/v2\/types\/product"}],"wp:featuredmedia":[{"embeddable":true,"href":"https:\/\/www.alephgraphics.com\/es\/wp-json\/wp\/v2\/media\/1363"}],"wp:attachment":[{"href":"https:\/\/www.alephgraphics.com\/es\/wp-json\/wp\/v2\/media?parent=1362"}],"wp:term":[{"taxonomy":"product_brand","embeddable":true,"href":"https:\/\/www.alephgraphics.com\/es\/wp-json\/wp\/v2\/product_brand?post=1362"},{"taxonomy":"product_cat","embeddable":true,"href":"https:\/\/www.alephgraphics.com\/es\/wp-json\/wp\/v2\/product_cat?post=1362"},{"taxonomy":"product_tag","embeddable":true,"href":"https:\/\/www.alephgraphics.com\/es\/wp-json\/wp\/v2\/product_tag?post=1362"}],"curies":[{"name":"wp","href":"https:\/\/api.w.org\/{rel}","templated":true}]}}