{"id":1356,"date":"2020-09-15T17:59:39","date_gmt":"2020-09-15T17:59:39","guid":{"rendered":"http:\/\/192.168.1.192:8080\/?post_type=product&#038;p=1356"},"modified":"2020-09-15T17:59:39","modified_gmt":"2020-09-15T17:59:39","slug":"heights-manta-letterpress-600-900-lp","status":"publish","type":"product","link":"https:\/\/www.alephgraphics.com\/es\/producto\/heights-manta-letterpress-600-900-lp\/","title":{"rendered":"HEIGHTS Manta Letterpress 600\/900 LP"},"content":{"rendered":"<p>La procesadora para LetterPress MANTA de Heights ha sido dise\u00f1ada y desarrollada para el mercado de banda angosta y media flexo. Especialmente para quienes requieren un alto nivel de calidad y de productividad.<\/p>\n<p>Disponible en 2 anchos: 660 y 920 mm<\/p>\n<p>Versi\u00f3n D con remoci\u00f3n de m\u00e1scara negra para letterpress digital y Versi\u00f3n A para letterpress anal\u00f3gicas.<\/p>\n<p>Una procesadora online robusta que entrega al final de la m\u00e1quina una plancha letterpress terminada, seca y con post exposici\u00f3n UVA, a una velocidad de producci\u00f3n para cumplir con grandes necesidades de producci\u00f3n.<\/p>\n","protected":false},"excerpt":{"rendered":"<p>La procesadora para LetterPress MANTA de Heights ha sido dise\u00f1ada y desarrollada para el mercado de banda angosta y media flexo. Especialmente para quienes requieren un alto nivel de calidad y de productividad. Disponible en 2 anchos: 660 y 920 mm Versi\u00f3n D con remoci\u00f3n de m\u00e1scara negra para letterpress digital y Versi\u00f3n A para [&hellip;]<\/p>\n","protected":false},"featured_media":1357,"template":"","meta":{"pagelayer_contact_templates":[],"_pagelayer_content":""},"product_brand":[],"product_cat":[38],"product_tag":[],"class_list":{"0":"post-1356","1":"product","2":"type-product","3":"status-publish","4":"has-post-thumbnail","6":"product_cat-preprensa-flexo","8":"first","9":"instock","10":"shipping-taxable","11":"product-type-simple"},"_links":{"self":[{"href":"https:\/\/www.alephgraphics.com\/es\/wp-json\/wp\/v2\/product\/1356","targetHints":{"allow":["GET"]}}],"collection":[{"href":"https:\/\/www.alephgraphics.com\/es\/wp-json\/wp\/v2\/product"}],"about":[{"href":"https:\/\/www.alephgraphics.com\/es\/wp-json\/wp\/v2\/types\/product"}],"wp:featuredmedia":[{"embeddable":true,"href":"https:\/\/www.alephgraphics.com\/es\/wp-json\/wp\/v2\/media\/1357"}],"wp:attachment":[{"href":"https:\/\/www.alephgraphics.com\/es\/wp-json\/wp\/v2\/media?parent=1356"}],"wp:term":[{"taxonomy":"product_brand","embeddable":true,"href":"https:\/\/www.alephgraphics.com\/es\/wp-json\/wp\/v2\/product_brand?post=1356"},{"taxonomy":"product_cat","embeddable":true,"href":"https:\/\/www.alephgraphics.com\/es\/wp-json\/wp\/v2\/product_cat?post=1356"},{"taxonomy":"product_tag","embeddable":true,"href":"https:\/\/www.alephgraphics.com\/es\/wp-json\/wp\/v2\/product_tag?post=1356"}],"curies":[{"name":"wp","href":"https:\/\/api.w.org\/{rel}","templated":true}]}}