{"id":1344,"date":"2020-09-15T17:44:09","date_gmt":"2020-09-15T17:44:09","guid":{"rendered":"http:\/\/192.168.1.192:8080\/?post_type=product&#038;p=1344"},"modified":"2020-09-15T17:44:09","modified_gmt":"2020-09-15T17:44:09","slug":"encoladora-de-3-o-4-mordazas","status":"publish","type":"product","link":"https:\/\/www.alephgraphics.com\/es\/producto\/encoladora-de-3-o-4-mordazas\/","title":{"rendered":"Encoladora de 3 o 4 Mordazas"},"content":{"rendered":"<p><strong><span style=\"text-decoration: underline;\">Modelos:\u00a0JBT5O-3D \/\u00a0JBT5O-4D<\/span><\/strong><\/p>\n<p>Pantalla t\u00e1ctil \/ Sistema PLC \/ Sistema de temperatura PID \/ C\u00e9lula fotoel\u00e9ctrica para detecci\u00f3n<br \/>\nDisplay con contador autom\u00e1tico \/ Dispositivo para cola de lomo y cola de bisagra \/ Alimentaci\u00f3n en l\u00ednea<\/p>\n","protected":false},"excerpt":{"rendered":"<p>Modelos:\u00a0JBT5O-3D \/\u00a0JBT5O-4D Pantalla t\u00e1ctil \/ Sistema PLC \/ Sistema de temperatura PID \/ C\u00e9lula fotoel\u00e9ctrica para detecci\u00f3n Display con contador autom\u00e1tico \/ Dispositivo para cola de lomo y cola de bisagra \/ Alimentaci\u00f3n en l\u00ednea<\/p>\n","protected":false},"featured_media":1345,"template":"","meta":{"pagelayer_contact_templates":[],"_pagelayer_content":""},"product_brand":[],"product_cat":[44],"product_tag":[],"class_list":{"0":"post-1344","1":"product","2":"type-product","3":"status-publish","4":"has-post-thumbnail","6":"product_cat-encuadernacion","8":"first","9":"instock","10":"shipping-taxable","11":"product-type-simple"},"_links":{"self":[{"href":"https:\/\/www.alephgraphics.com\/es\/wp-json\/wp\/v2\/product\/1344","targetHints":{"allow":["GET"]}}],"collection":[{"href":"https:\/\/www.alephgraphics.com\/es\/wp-json\/wp\/v2\/product"}],"about":[{"href":"https:\/\/www.alephgraphics.com\/es\/wp-json\/wp\/v2\/types\/product"}],"wp:featuredmedia":[{"embeddable":true,"href":"https:\/\/www.alephgraphics.com\/es\/wp-json\/wp\/v2\/media\/1345"}],"wp:attachment":[{"href":"https:\/\/www.alephgraphics.com\/es\/wp-json\/wp\/v2\/media?parent=1344"}],"wp:term":[{"taxonomy":"product_brand","embeddable":true,"href":"https:\/\/www.alephgraphics.com\/es\/wp-json\/wp\/v2\/product_brand?post=1344"},{"taxonomy":"product_cat","embeddable":true,"href":"https:\/\/www.alephgraphics.com\/es\/wp-json\/wp\/v2\/product_cat?post=1344"},{"taxonomy":"product_tag","embeddable":true,"href":"https:\/\/www.alephgraphics.com\/es\/wp-json\/wp\/v2\/product_tag?post=1344"}],"curies":[{"name":"wp","href":"https:\/\/api.w.org\/{rel}","templated":true}]}}