{"id":1335,"date":"2020-09-15T17:35:46","date_gmt":"2020-09-15T17:35:46","guid":{"rendered":"http:\/\/192.168.1.192:8080\/?post_type=product&#038;p=1335"},"modified":"2020-09-15T17:35:46","modified_gmt":"2020-09-15T17:35:46","slug":"ag-plastificadora-brillo-mate-con-divisor-automatico","status":"publish","type":"product","link":"https:\/\/www.alephgraphics.com\/es\/producto\/ag-plastificadora-brillo-mate-con-divisor-automatico\/","title":{"rendered":"AG Plastificadora Brillo \/ Mate con divisor autom\u00e1tico"},"content":{"rendered":"<p><strong><span style=\"text-decoration: underline;\">Modelos:\u00a0YFMB-720B \/\u00a0920B \/ 1200B<\/span><\/strong><\/p>\n<p>Laminadoras de estructura compacta, peque\u00f1o volumen y f\u00e1cil operaci\u00f3n.<br \/>\nTrabajan r\u00e1pidamente, con un solo operario, el cu\u00e1l coloca en la pantalla la<br \/>\nmedida del corte, y la m\u00e1quina plastifica y corta al mismo tiempo<br \/>\nFabricada con componentes el\u00e9ctricos de primera l\u00ednea.<\/p>\n","protected":false},"excerpt":{"rendered":"<p>Modelos:\u00a0YFMB-720B \/\u00a0920B \/ 1200B Laminadoras de estructura compacta, peque\u00f1o volumen y f\u00e1cil operaci\u00f3n. Trabajan r\u00e1pidamente, con un solo operario, el cu\u00e1l coloca en la pantalla la medida del corte, y la m\u00e1quina plastifica y corta al mismo tiempo Fabricada con componentes el\u00e9ctricos de primera l\u00ednea.<\/p>\n","protected":false},"featured_media":1336,"template":"","meta":{"pagelayer_contact_templates":[],"_pagelayer_content":""},"product_brand":[],"product_cat":[34],"product_tag":[],"class_list":{"0":"post-1335","1":"product","2":"type-product","3":"status-publish","4":"has-post-thumbnail","6":"product_cat-terminacion","8":"first","9":"instock","10":"shipping-taxable","11":"product-type-simple"},"_links":{"self":[{"href":"https:\/\/www.alephgraphics.com\/es\/wp-json\/wp\/v2\/product\/1335","targetHints":{"allow":["GET"]}}],"collection":[{"href":"https:\/\/www.alephgraphics.com\/es\/wp-json\/wp\/v2\/product"}],"about":[{"href":"https:\/\/www.alephgraphics.com\/es\/wp-json\/wp\/v2\/types\/product"}],"wp:featuredmedia":[{"embeddable":true,"href":"https:\/\/www.alephgraphics.com\/es\/wp-json\/wp\/v2\/media\/1336"}],"wp:attachment":[{"href":"https:\/\/www.alephgraphics.com\/es\/wp-json\/wp\/v2\/media?parent=1335"}],"wp:term":[{"taxonomy":"product_brand","embeddable":true,"href":"https:\/\/www.alephgraphics.com\/es\/wp-json\/wp\/v2\/product_brand?post=1335"},{"taxonomy":"product_cat","embeddable":true,"href":"https:\/\/www.alephgraphics.com\/es\/wp-json\/wp\/v2\/product_cat?post=1335"},{"taxonomy":"product_tag","embeddable":true,"href":"https:\/\/www.alephgraphics.com\/es\/wp-json\/wp\/v2\/product_tag?post=1335"}],"curies":[{"name":"wp","href":"https:\/\/api.w.org\/{rel}","templated":true}]}}