{"id":1326,"date":"2020-09-15T17:19:21","date_gmt":"2020-09-15T17:19:21","guid":{"rendered":"http:\/\/192.168.1.192:8080\/?post_type=product&#038;p=1326"},"modified":"2020-09-15T17:19:21","modified_gmt":"2020-09-15T17:19:21","slug":"cortadora-de-carton-kl1300","status":"publish","type":"product","link":"https:\/\/www.alephgraphics.com\/es\/producto\/cortadora-de-carton-kl1300\/","title":{"rendered":"Cortadora de Cart\u00f3n  KL1300"},"content":{"rendered":"<p><strong><span style=\"text-decoration: underline;\">M\u00e1quina de corte de cart\u00f3n semiautom\u00e1tica mod. AG\u00a0&#8211; KL1300<\/span><\/strong><\/p>\n<p>Se utiliza principalmente para el corte de materiales tales como cart\u00f3n standard,<br \/>\ncart\u00f3n industrial, cart\u00f3n gris, etc. Materiales ideales para confeccionar libros de\u00a0tapa dura.<\/p>\n<p>. Alimentaci\u00f3n manual para cartones de gran escala y autom\u00e1tica para cartones chicos.<br \/>\n. Espesor de cart\u00f3n de regulaci\u00f3n neum\u00e1tica, operaci\u00f3n f\u00e1cil, c\u00f3moda y r\u00e1pida.<br \/>\n. Cubierta de seguridad aprobada con la norma de seguridad europea CE.<br \/>\n. Sistema de lubricaci\u00f3n concentrado, f\u00e1cil mantenimiento.<\/p>\n","protected":false},"excerpt":{"rendered":"<p>M\u00e1quina de corte de cart\u00f3n semiautom\u00e1tica mod. AG\u00a0&#8211; KL1300 Se utiliza principalmente para el corte de materiales tales como cart\u00f3n standard, cart\u00f3n industrial, cart\u00f3n gris, etc. Materiales ideales para confeccionar libros de\u00a0tapa dura. . Alimentaci\u00f3n manual para cartones de gran escala y autom\u00e1tica para cartones chicos. . Espesor de cart\u00f3n de regulaci\u00f3n neum\u00e1tica, operaci\u00f3n f\u00e1cil, [&hellip;]<\/p>\n","protected":false},"featured_media":1327,"template":"","meta":{"pagelayer_contact_templates":[],"_pagelayer_content":""},"product_brand":[],"product_cat":[81],"product_tag":[],"class_list":{"0":"post-1326","1":"product","2":"type-product","3":"status-publish","4":"has-post-thumbnail","6":"product_cat-guillotinas","8":"first","9":"instock","10":"shipping-taxable","11":"product-type-simple"},"_links":{"self":[{"href":"https:\/\/www.alephgraphics.com\/es\/wp-json\/wp\/v2\/product\/1326","targetHints":{"allow":["GET"]}}],"collection":[{"href":"https:\/\/www.alephgraphics.com\/es\/wp-json\/wp\/v2\/product"}],"about":[{"href":"https:\/\/www.alephgraphics.com\/es\/wp-json\/wp\/v2\/types\/product"}],"wp:featuredmedia":[{"embeddable":true,"href":"https:\/\/www.alephgraphics.com\/es\/wp-json\/wp\/v2\/media\/1327"}],"wp:attachment":[{"href":"https:\/\/www.alephgraphics.com\/es\/wp-json\/wp\/v2\/media?parent=1326"}],"wp:term":[{"taxonomy":"product_brand","embeddable":true,"href":"https:\/\/www.alephgraphics.com\/es\/wp-json\/wp\/v2\/product_brand?post=1326"},{"taxonomy":"product_cat","embeddable":true,"href":"https:\/\/www.alephgraphics.com\/es\/wp-json\/wp\/v2\/product_cat?post=1326"},{"taxonomy":"product_tag","embeddable":true,"href":"https:\/\/www.alephgraphics.com\/es\/wp-json\/wp\/v2\/product_tag?post=1326"}],"curies":[{"name":"wp","href":"https:\/\/api.w.org\/{rel}","templated":true}]}}