{"id":1305,"date":"2020-09-15T16:48:31","date_gmt":"2020-09-15T16:48:31","guid":{"rendered":"http:\/\/192.168.1.192:8080\/?post_type=product&#038;p=1305"},"modified":"2020-09-15T16:48:31","modified_gmt":"2020-09-15T16:48:31","slug":"empacadora-automatica-de-alta-velocidad-de-sellado-lateral-y-termoencogido","status":"publish","type":"product","link":"https:\/\/www.alephgraphics.com\/es\/producto\/empacadora-automatica-de-alta-velocidad-de-sellado-lateral-y-termoencogido\/","title":{"rendered":"Empacadora autom\u00e1tica de alta velocidad de sellado lateral y termoencogido"},"content":{"rendered":"<p>La Emapacadora AG-5545TBH contiene un sellador de alta velocidad el\u00a0cu\u00e1l detecta autom\u00e1ticamente el producto con fotoc\u00e9lulas. El tipo de\u00a0alimentaci\u00f3n puede ser autom\u00e1tico o manual, disponible con pel\u00edcula de\u00a0pliegue central para sellar tres lados logrando un retractilado totalmente\u00a0autom\u00e1tico. Capaz de producir hasta 60 piezas por minuto.<\/p>\n<p><strong><span style=\"text-decoration: underline;\">Caracter\u00edsticas:<\/span><\/strong><br \/>\n. Sellado lateral continuo y sin l\u00edmite de longitud de producto.<br \/>\n. Sistema de soldadura cruzada con control de motores servo que aseguran la\u00a0posici\u00f3n exacta y la l\u00ednea de cierre perfecto, dobles varas de tracci\u00f3n hacen que\u00a0la hoja de sellado se mantenga estable para trabajos de larga duraci\u00f3n.<br \/>\n. Sistema de alimentaci\u00f3n de velocidad ajustable y rodillos libres permiten una\u00a0operaci\u00f3n sin tripulaci\u00f3n.<br \/>\n. T\u00fanel de retracci\u00f3n de alta velocidad con viento caliente. Cinta transportadora\u00a0con rodillos cubiertos de silicona a prueba de calor, ventana visible muestra\u00a0proceso de encogimiento en el t\u00fanel.<br \/>\n. El uso uniforme de la temperatura en el t\u00fanel permiten diferentes materiales\u00a0como PVC, POF y otras pel\u00edculas de encogimiento.<\/p>\n","protected":false},"excerpt":{"rendered":"<p>La Emapacadora AG-5545TBH contiene un sellador de alta velocidad el\u00a0cu\u00e1l detecta autom\u00e1ticamente el producto con fotoc\u00e9lulas. El tipo de\u00a0alimentaci\u00f3n puede ser autom\u00e1tico o manual, disponible con pel\u00edcula de\u00a0pliegue central para sellar tres lados logrando un retractilado totalmente\u00a0autom\u00e1tico. Capaz de producir hasta 60 piezas por minuto. Caracter\u00edsticas: . Sellado lateral continuo y sin l\u00edmite de longitud [&hellip;]<\/p>\n","protected":false},"featured_media":1306,"template":"","meta":{"pagelayer_contact_templates":[],"_pagelayer_content":""},"product_brand":[],"product_cat":[41],"product_tag":[],"class_list":{"0":"post-1305","1":"product","2":"type-product","3":"status-publish","4":"has-post-thumbnail","6":"product_cat-empaque","8":"first","9":"instock","10":"shipping-taxable","11":"product-type-simple"},"_links":{"self":[{"href":"https:\/\/www.alephgraphics.com\/es\/wp-json\/wp\/v2\/product\/1305","targetHints":{"allow":["GET"]}}],"collection":[{"href":"https:\/\/www.alephgraphics.com\/es\/wp-json\/wp\/v2\/product"}],"about":[{"href":"https:\/\/www.alephgraphics.com\/es\/wp-json\/wp\/v2\/types\/product"}],"wp:featuredmedia":[{"embeddable":true,"href":"https:\/\/www.alephgraphics.com\/es\/wp-json\/wp\/v2\/media\/1306"}],"wp:attachment":[{"href":"https:\/\/www.alephgraphics.com\/es\/wp-json\/wp\/v2\/media?parent=1305"}],"wp:term":[{"taxonomy":"product_brand","embeddable":true,"href":"https:\/\/www.alephgraphics.com\/es\/wp-json\/wp\/v2\/product_brand?post=1305"},{"taxonomy":"product_cat","embeddable":true,"href":"https:\/\/www.alephgraphics.com\/es\/wp-json\/wp\/v2\/product_cat?post=1305"},{"taxonomy":"product_tag","embeddable":true,"href":"https:\/\/www.alephgraphics.com\/es\/wp-json\/wp\/v2\/product_tag?post=1305"}],"curies":[{"name":"wp","href":"https:\/\/api.w.org\/{rel}","templated":true}]}}