{"id":1287,"date":"2020-09-15T16:25:36","date_gmt":"2020-09-15T16:25:36","guid":{"rendered":"http:\/\/192.168.1.192:8080\/?post_type=product&#038;p=1287"},"modified":"2020-09-15T16:25:36","modified_gmt":"2020-09-15T16:25:36","slug":"empacadora-2-en-1","status":"publish","type":"product","link":"https:\/\/www.alephgraphics.com\/es\/producto\/empacadora-2-en-1\/","title":{"rendered":"Empacadora 2 en 1"},"content":{"rendered":"<p><strong>EMPACADORA 2 EN 1\u00a0DE SELLADO Y TERMOENCOGIDO mod.\u00a0AG-5540A<\/strong><\/p>\n<p>La Empacadora 2 en 1 de sellado y termoencogido, permite sellar, cortar<br \/>\ny termo encoger la pel\u00edcula empaquetadora en una sola operaci\u00f3n.<\/p>\n<p><strong><span style=\"text-decoration: underline;\">Caracter\u00edsticas:<\/span><\/strong><\/p>\n<p>. Produce de 500 a 800 piezas por hora (en\u00a0funci\u00f3n al producto)<br \/>\n. Cuchilla soldadora<br \/>\n. Plano de trabajo regulable en altura.<br \/>\n. Mesa de alimentaci\u00f3n y porta bobina\u00a0m\u00f3vil para adaptar m\u00e1s f\u00e1cilmente la<br \/>\npel\u00edcula a las dimensiones del paquete.<br \/>\n. Electroim\u00e1n de detenci\u00f3n de la campana.<br \/>\n. Reapertura autom\u00e1tica de la campana.<br \/>\n. Panel de control digital.<br \/>\n. Reducido consumo de energ\u00eda.<br \/>\n. Incluye bandeja de salida con rodillos\u00a0m\u00f3viles dise\u00f1ada para f\u00e1cil movilidad.<\/p>\n","protected":false},"excerpt":{"rendered":"<p>EMPACADORA 2 EN 1\u00a0DE SELLADO Y TERMOENCOGIDO mod.\u00a0AG-5540A La Empacadora 2 en 1 de sellado y termoencogido, permite sellar, cortar y termo encoger la pel\u00edcula empaquetadora en una sola operaci\u00f3n. Caracter\u00edsticas: . Produce de 500 a 800 piezas por hora (en\u00a0funci\u00f3n al producto) . Cuchilla soldadora . Plano de trabajo regulable en altura. . Mesa [&hellip;]<\/p>\n","protected":false},"featured_media":1288,"template":"","meta":{"pagelayer_contact_templates":[],"_pagelayer_content":""},"product_brand":[],"product_cat":[41],"product_tag":[],"class_list":{"0":"post-1287","1":"product","2":"type-product","3":"status-publish","4":"has-post-thumbnail","6":"product_cat-empaque","8":"first","9":"instock","10":"shipping-taxable","11":"product-type-simple"},"_links":{"self":[{"href":"https:\/\/www.alephgraphics.com\/es\/wp-json\/wp\/v2\/product\/1287","targetHints":{"allow":["GET"]}}],"collection":[{"href":"https:\/\/www.alephgraphics.com\/es\/wp-json\/wp\/v2\/product"}],"about":[{"href":"https:\/\/www.alephgraphics.com\/es\/wp-json\/wp\/v2\/types\/product"}],"wp:featuredmedia":[{"embeddable":true,"href":"https:\/\/www.alephgraphics.com\/es\/wp-json\/wp\/v2\/media\/1288"}],"wp:attachment":[{"href":"https:\/\/www.alephgraphics.com\/es\/wp-json\/wp\/v2\/media?parent=1287"}],"wp:term":[{"taxonomy":"product_brand","embeddable":true,"href":"https:\/\/www.alephgraphics.com\/es\/wp-json\/wp\/v2\/product_brand?post=1287"},{"taxonomy":"product_cat","embeddable":true,"href":"https:\/\/www.alephgraphics.com\/es\/wp-json\/wp\/v2\/product_cat?post=1287"},{"taxonomy":"product_tag","embeddable":true,"href":"https:\/\/www.alephgraphics.com\/es\/wp-json\/wp\/v2\/product_tag?post=1287"}],"curies":[{"name":"wp","href":"https:\/\/api.w.org\/{rel}","templated":true}]}}