{"id":1282,"date":"2020-09-15T16:23:17","date_gmt":"2020-09-15T16:23:17","guid":{"rendered":"http:\/\/192.168.1.192:8080\/?post_type=product&#038;p=1282"},"modified":"2020-09-15T16:23:36","modified_gmt":"2020-09-15T16:23:36","slug":"cron-dcc-para-esechos","status":"publish","type":"product","link":"https:\/\/www.alephgraphics.com\/es\/producto\/cron-dcc-para-esechos\/","title":{"rendered":"CRON DCC para Desechos"},"content":{"rendered":"<h1><strong>CRON DCC Sistema de Concentraci\u00f3n de L\u00edquidos<\/strong><\/h1>\n<p>Los restos del revelador generados por una procesadora de planchas en un Service Boureau, son el mayor emisor de contaminaci\u00f3n. La descarga directa del Revelador usado al drenaje da\u00f1a el ambiente.<\/p>\n<p>La soluci\u00f3n de <strong>CRON DCC Sistema de Concentraci\u00f3n de L\u00edquidos<\/strong>, puede reducir el 85% de la descarga de revelador usado, generando un tratamiento profesional de aguas residuales y reducci\u00f3n del consumo de agua.<\/p>\n","protected":false},"excerpt":{"rendered":"<p>CRON DCC Sistema de Concentraci\u00f3n de L\u00edquidos Los restos del revelador generados por una procesadora de planchas en un Service Boureau, son el mayor emisor de contaminaci\u00f3n. La descarga directa del Revelador usado al drenaje da\u00f1a el ambiente. La soluci\u00f3n de CRON DCC Sistema de Concentraci\u00f3n de L\u00edquidos, puede reducir el 85% de la descarga [&hellip;]<\/p>\n","protected":false},"featured_media":1284,"template":"","meta":{"pagelayer_contact_templates":[],"_pagelayer_content":""},"product_brand":[],"product_cat":[26],"product_tag":[],"class_list":{"0":"post-1282","1":"product","2":"type-product","3":"status-publish","4":"has-post-thumbnail","6":"product_cat-procesadoras","8":"first","9":"instock","10":"shipping-taxable","11":"product-type-simple"},"_links":{"self":[{"href":"https:\/\/www.alephgraphics.com\/es\/wp-json\/wp\/v2\/product\/1282","targetHints":{"allow":["GET"]}}],"collection":[{"href":"https:\/\/www.alephgraphics.com\/es\/wp-json\/wp\/v2\/product"}],"about":[{"href":"https:\/\/www.alephgraphics.com\/es\/wp-json\/wp\/v2\/types\/product"}],"wp:featuredmedia":[{"embeddable":true,"href":"https:\/\/www.alephgraphics.com\/es\/wp-json\/wp\/v2\/media\/1284"}],"wp:attachment":[{"href":"https:\/\/www.alephgraphics.com\/es\/wp-json\/wp\/v2\/media?parent=1282"}],"wp:term":[{"taxonomy":"product_brand","embeddable":true,"href":"https:\/\/www.alephgraphics.com\/es\/wp-json\/wp\/v2\/product_brand?post=1282"},{"taxonomy":"product_cat","embeddable":true,"href":"https:\/\/www.alephgraphics.com\/es\/wp-json\/wp\/v2\/product_cat?post=1282"},{"taxonomy":"product_tag","embeddable":true,"href":"https:\/\/www.alephgraphics.com\/es\/wp-json\/wp\/v2\/product_tag?post=1282"}],"curies":[{"name":"wp","href":"https:\/\/api.w.org\/{rel}","templated":true}]}}