{"id":1273,"date":"2020-09-15T16:13:53","date_gmt":"2020-09-15T16:13:53","guid":{"rendered":"http:\/\/192.168.1.192:8080\/?post_type=product&#038;p=1273"},"modified":"2020-09-15T16:14:21","modified_gmt":"2020-09-15T16:14:21","slug":"fp-film-processor","status":"publish","type":"product","link":"https:\/\/www.alephgraphics.com\/es\/producto\/fp-film-processor\/","title":{"rendered":"FP Film Processor"},"content":{"rendered":"<h1>Procesadora para Film FP<\/h1>\n<p>De operaci\u00f3n f\u00e1cil. Tanques y estructura en acero y rodillos de alta calidad para soportar los agentes corrosivos.<\/p>\n<p>Rack de rodillos f\u00e1cil de extarer y limpiar sin necesidad de herramientas.<\/p>\n<p>Ahorro de qu\u00edmicos y calidad de procesado de film.<\/p>\n","protected":false},"excerpt":{"rendered":"<p>Procesadora para Film FP De operaci\u00f3n f\u00e1cil. Tanques y estructura en acero y rodillos de alta calidad para soportar los agentes corrosivos. Rack de rodillos f\u00e1cil de extarer y limpiar sin necesidad de herramientas. Ahorro de qu\u00edmicos y calidad de procesado de film.<\/p>\n","protected":false},"featured_media":1274,"template":"","meta":{"pagelayer_contact_templates":[],"_pagelayer_content":""},"product_brand":[],"product_cat":[25],"product_tag":[],"class_list":{"0":"post-1273","1":"product","2":"type-product","3":"status-publish","4":"has-post-thumbnail","6":"product_cat-ctf","8":"first","9":"instock","10":"shipping-taxable","11":"product-type-simple"},"_links":{"self":[{"href":"https:\/\/www.alephgraphics.com\/es\/wp-json\/wp\/v2\/product\/1273","targetHints":{"allow":["GET"]}}],"collection":[{"href":"https:\/\/www.alephgraphics.com\/es\/wp-json\/wp\/v2\/product"}],"about":[{"href":"https:\/\/www.alephgraphics.com\/es\/wp-json\/wp\/v2\/types\/product"}],"wp:featuredmedia":[{"embeddable":true,"href":"https:\/\/www.alephgraphics.com\/es\/wp-json\/wp\/v2\/media\/1274"}],"wp:attachment":[{"href":"https:\/\/www.alephgraphics.com\/es\/wp-json\/wp\/v2\/media?parent=1273"}],"wp:term":[{"taxonomy":"product_brand","embeddable":true,"href":"https:\/\/www.alephgraphics.com\/es\/wp-json\/wp\/v2\/product_brand?post=1273"},{"taxonomy":"product_cat","embeddable":true,"href":"https:\/\/www.alephgraphics.com\/es\/wp-json\/wp\/v2\/product_cat?post=1273"},{"taxonomy":"product_tag","embeddable":true,"href":"https:\/\/www.alephgraphics.com\/es\/wp-json\/wp\/v2\/product_tag?post=1273"}],"curies":[{"name":"wp","href":"https:\/\/api.w.org\/{rel}","templated":true}]}}