{"id":1257,"date":"2020-09-15T16:00:45","date_gmt":"2020-09-15T16:00:45","guid":{"rendered":"http:\/\/192.168.1.192:8080\/?post_type=product&#038;p=1257"},"modified":"2020-09-15T16:00:45","modified_gmt":"2020-09-15T16:00:45","slug":"ecrm-mako-newsmatic","status":"publish","type":"product","link":"https:\/\/www.alephgraphics.com\/es\/producto\/ecrm-mako-newsmatic\/","title":{"rendered":"ECRM Mako NEWSmatic"},"content":{"rendered":"<p>El<em> MAKO NEWSmatic<\/em> totalmente automatizado proporciona nuevos niveles de simplicidad, versatilidad y econom\u00eda\u00a0sientdo\u00a0la transici\u00f3n ideal para la producci\u00f3n de CTP desatendida para los peri\u00f3dicos.<\/p>\n","protected":false},"excerpt":{"rendered":"<p>El MAKO NEWSmatic totalmente automatizado proporciona nuevos niveles de simplicidad, versatilidad y econom\u00eda\u00a0sientdo\u00a0la transici\u00f3n ideal para la producci\u00f3n de CTP desatendida para los peri\u00f3dicos.<\/p>\n","protected":false},"featured_media":1258,"template":"","meta":{"pagelayer_contact_templates":[],"_pagelayer_content":""},"product_brand":[],"product_cat":[43,53],"product_tag":[],"class_list":{"0":"post-1257","1":"product","2":"type-product","3":"status-publish","4":"has-post-thumbnail","6":"product_cat-ctp-usados-reconstruidos","7":"product_cat-ecrm","9":"first","10":"instock","11":"shipping-taxable","12":"product-type-simple"},"_links":{"self":[{"href":"https:\/\/www.alephgraphics.com\/es\/wp-json\/wp\/v2\/product\/1257","targetHints":{"allow":["GET"]}}],"collection":[{"href":"https:\/\/www.alephgraphics.com\/es\/wp-json\/wp\/v2\/product"}],"about":[{"href":"https:\/\/www.alephgraphics.com\/es\/wp-json\/wp\/v2\/types\/product"}],"wp:featuredmedia":[{"embeddable":true,"href":"https:\/\/www.alephgraphics.com\/es\/wp-json\/wp\/v2\/media\/1258"}],"wp:attachment":[{"href":"https:\/\/www.alephgraphics.com\/es\/wp-json\/wp\/v2\/media?parent=1257"}],"wp:term":[{"taxonomy":"product_brand","embeddable":true,"href":"https:\/\/www.alephgraphics.com\/es\/wp-json\/wp\/v2\/product_brand?post=1257"},{"taxonomy":"product_cat","embeddable":true,"href":"https:\/\/www.alephgraphics.com\/es\/wp-json\/wp\/v2\/product_cat?post=1257"},{"taxonomy":"product_tag","embeddable":true,"href":"https:\/\/www.alephgraphics.com\/es\/wp-json\/wp\/v2\/product_tag?post=1257"}],"curies":[{"name":"wp","href":"https:\/\/api.w.org\/{rel}","templated":true}]}}