{"id":1248,"date":"2020-09-15T15:44:41","date_gmt":"2020-09-15T15:44:41","guid":{"rendered":"http:\/\/192.168.1.192:8080\/?post_type=product&#038;p=1248"},"modified":"2020-09-15T15:44:42","modified_gmt":"2020-09-15T15:44:42","slug":"ecrm-mako-200","status":"publish","type":"product","link":"https:\/\/www.alephgraphics.com\/es\/producto\/ecrm-mako-200\/","title":{"rendered":"ECRM Mako 200"},"content":{"rendered":"<p>El <em>MAKO CTP 200<\/em> proporciona una entrada f\u00e1cil en la producci\u00f3n de CTP con un rango de resoluci\u00f3n completa de 1200 a 3.556 dpi. Es uno de los m\u00e1s r\u00e1pidas unidades CTP de 2 p\u00e1ginas de su clase, produciendo\u00a0m\u00e1s de 34 placas GTO por hora a 2400 ppp. Mediante la combinaci\u00f3n de simplicidad, versatilidad y tecnolog\u00eda de imagen probada, el MAKO 200 trae beneficios m\u00e1ximos CTP incluyendo los costos de operaci\u00f3n reducidos y una mejor calidad en la impresi\u00f3n en impresoras de 2 p\u00e1ginas.<\/p>\n","protected":false},"excerpt":{"rendered":"<p>El MAKO CTP 200 proporciona una entrada f\u00e1cil en la producci\u00f3n de CTP con un rango de resoluci\u00f3n completa de 1200 a 3.556 dpi. Es uno de los m\u00e1s r\u00e1pidas unidades CTP de 2 p\u00e1ginas de su clase, produciendo\u00a0m\u00e1s de 34 placas GTO por hora a 2400 ppp. Mediante la combinaci\u00f3n de simplicidad, versatilidad y [&hellip;]<\/p>\n","protected":false},"featured_media":1249,"template":"","meta":{"pagelayer_contact_templates":[],"_pagelayer_content":""},"product_brand":[],"product_cat":[43,53],"product_tag":[],"class_list":{"0":"post-1248","1":"product","2":"type-product","3":"status-publish","4":"has-post-thumbnail","6":"product_cat-ctp-usados-reconstruidos","7":"product_cat-ecrm","9":"first","10":"instock","11":"shipping-taxable","12":"product-type-simple"},"_links":{"self":[{"href":"https:\/\/www.alephgraphics.com\/es\/wp-json\/wp\/v2\/product\/1248","targetHints":{"allow":["GET"]}}],"collection":[{"href":"https:\/\/www.alephgraphics.com\/es\/wp-json\/wp\/v2\/product"}],"about":[{"href":"https:\/\/www.alephgraphics.com\/es\/wp-json\/wp\/v2\/types\/product"}],"wp:featuredmedia":[{"embeddable":true,"href":"https:\/\/www.alephgraphics.com\/es\/wp-json\/wp\/v2\/media\/1249"}],"wp:attachment":[{"href":"https:\/\/www.alephgraphics.com\/es\/wp-json\/wp\/v2\/media?parent=1248"}],"wp:term":[{"taxonomy":"product_brand","embeddable":true,"href":"https:\/\/www.alephgraphics.com\/es\/wp-json\/wp\/v2\/product_brand?post=1248"},{"taxonomy":"product_cat","embeddable":true,"href":"https:\/\/www.alephgraphics.com\/es\/wp-json\/wp\/v2\/product_cat?post=1248"},{"taxonomy":"product_tag","embeddable":true,"href":"https:\/\/www.alephgraphics.com\/es\/wp-json\/wp\/v2\/product_tag?post=1248"}],"curies":[{"name":"wp","href":"https:\/\/api.w.org\/{rel}","templated":true}]}}