{"id":1245,"date":"2020-09-15T15:33:00","date_gmt":"2020-09-15T15:33:00","guid":{"rendered":"http:\/\/192.168.1.192:8080\/?post_type=product&#038;p=1245"},"modified":"2020-09-15T15:33:00","modified_gmt":"2020-09-15T15:33:00","slug":"ecrm-mako-4matic","status":"publish","type":"product","link":"https:\/\/www.alephgraphics.com\/es\/producto\/ecrm-mako-4matic\/","title":{"rendered":"ECRM Mako 4Matic"},"content":{"rendered":"<p>El <em>MAKO 4MATIC<\/em> es una soluci\u00f3n automatizada, con todas las funciones de 4 p\u00e1ginas CTP desarrollado para impresores comerciales que exigen una salida de alta calidad, manteniendo un funcionamiento rentable. Proporciona una transici\u00f3n simple y f\u00e1cil de la producci\u00f3n CTP sin comprometer la calidad, la fiabilidad o la productividad &#8211; el sustituto ideal para el envejecimiento de la tecnolog\u00eda de la filmadora.<\/p>\n","protected":false},"excerpt":{"rendered":"<p>El MAKO 4MATIC es una soluci\u00f3n automatizada, con todas las funciones de 4 p\u00e1ginas CTP desarrollado para impresores comerciales que exigen una salida de alta calidad, manteniendo un funcionamiento rentable. Proporciona una transici\u00f3n simple y f\u00e1cil de la producci\u00f3n CTP sin comprometer la calidad, la fiabilidad o la productividad &#8211; el sustituto ideal para el [&hellip;]<\/p>\n","protected":false},"featured_media":1246,"template":"","meta":{"pagelayer_contact_templates":[],"_pagelayer_content":""},"product_brand":[],"product_cat":[43,53],"product_tag":[],"class_list":{"0":"post-1245","1":"product","2":"type-product","3":"status-publish","4":"has-post-thumbnail","6":"product_cat-ctp-usados-reconstruidos","7":"product_cat-ecrm","9":"first","10":"instock","11":"shipping-taxable","12":"product-type-simple"},"_links":{"self":[{"href":"https:\/\/www.alephgraphics.com\/es\/wp-json\/wp\/v2\/product\/1245","targetHints":{"allow":["GET"]}}],"collection":[{"href":"https:\/\/www.alephgraphics.com\/es\/wp-json\/wp\/v2\/product"}],"about":[{"href":"https:\/\/www.alephgraphics.com\/es\/wp-json\/wp\/v2\/types\/product"}],"wp:featuredmedia":[{"embeddable":true,"href":"https:\/\/www.alephgraphics.com\/es\/wp-json\/wp\/v2\/media\/1246"}],"wp:attachment":[{"href":"https:\/\/www.alephgraphics.com\/es\/wp-json\/wp\/v2\/media?parent=1245"}],"wp:term":[{"taxonomy":"product_brand","embeddable":true,"href":"https:\/\/www.alephgraphics.com\/es\/wp-json\/wp\/v2\/product_brand?post=1245"},{"taxonomy":"product_cat","embeddable":true,"href":"https:\/\/www.alephgraphics.com\/es\/wp-json\/wp\/v2\/product_cat?post=1245"},{"taxonomy":"product_tag","embeddable":true,"href":"https:\/\/www.alephgraphics.com\/es\/wp-json\/wp\/v2\/product_tag?post=1245"}],"curies":[{"name":"wp","href":"https:\/\/api.w.org\/{rel}","templated":true}]}}