{"id":1233,"date":"2020-09-15T15:22:19","date_gmt":"2020-09-15T15:22:19","guid":{"rendered":"http:\/\/192.168.1.192:8080\/?post_type=product&#038;p=1233"},"modified":"2020-09-15T15:22:19","modified_gmt":"2020-09-15T15:22:19","slug":"azon-razor-hale-uv-dts","status":"publish","type":"product","link":"https:\/\/www.alephgraphics.com\/es\/producto\/azon-razor-hale-uv-dts\/","title":{"rendered":"AZON Razor Hale UV DTS"},"content":{"rendered":"<div class=\"page\" title=\"Page 2\">\n<div class=\"section\">\n<div class=\"layoutArea\">\n<div class=\"column\">\n<p>La tecnolog\u00eda avanzada de Azon Razor Hale, pone a la impresora en una posici\u00f3n superior en comparaci\u00f3n a otras soluciones disponibles en el mercado. Siempre con el objetivo de maximizar la potencia de sus m\u00e1quinas, Azon implementa la opci\u00f3n Azon Conti: seis nulk ink tanks de 500ml especialmente dise\u00f1ados con sensores de monitoreo los cu\u00e1les incrementan la capacidad de impresi\u00f3n en gran medida. Sus LED UV de larga duraci\u00f3n y gran eficiencia, generan bajos niveles de calor para imprimir directamente en una amplia gama de superficies y objetos tridimensionales de hasta 300 mm de ancho.<\/p>\n<p>Para cumplir con las crecientes demandas de un mercado en r\u00e1pido crecimiento Azon prepar\u00f3 con \u00e9xito nuevas mejoras para aumentar la productividad y la rentabilidad de sus productos. Azon Razor Hale combina l\u00e1sers con sensores autom\u00e1ticos de altura. Su movimiento vertical mejorado proporciona un funcionamiento m\u00e1s preciso, m\u00e1s r\u00e1pido y m\u00e1s seguro. Las mejoras en las opciones de Azon Conti se han hecho as\u00ed. Su nuevo sistema de recirculaci\u00f3n de tinta mejora el uso de la tinta eficazmente y proporciona una capa blanca m\u00e1s consistente. El consumo de tinta se reduce en gran medida, mientras que un menor mantenimiento asegura un uso f\u00e1cil de la impresora.<\/p>\n<\/div>\n<div class=\"column\">\n<p>Las nuevas tintas UV TurboJet que estar\u00e1n disponibles para el nuevo Azon Razor Hale est\u00e1n mejorando la calidad de impresi\u00f3n de forma espectacular. Impresiones vibrantes y coloridas se pueden esperar en cualquier tipo de material: piedra, vidrio, madera, pl\u00e1stico y tela sin tener en cuenta para el uso de interior o al aire libre. Azon Razor Hale es la soluci\u00f3n m\u00e1s vers\u00e1til y completa para los clientes que est\u00e1n dispuestos a cumplir con las nuevas oportunidades de negocio.<\/p>\n<\/div>\n<\/div>\n<\/div>\n<\/div>\n<p>&nbsp;<\/p>\n<p><span style=\"text-decoration: underline;\">ESPECIFICACIONES T\u00c9CNICAS:<\/span><\/p>\n<p>. Modelo: <em>Azon\u00a0Razor<\/em><\/p>\n<p>. Tecnolog\u00eda de impresi\u00f3n: <em>ink-jet (Micro Pieza Head)<\/em><\/p>\n<p>. Tama\u00f1o de impresi\u00f3n m\u00e1x:\u00a0<em>290 mm x 800 mm (11.4 x 31.5 in.), \u00a0espesor\u00a0200 mm (7.9 in.)<\/em><\/p>\n<p>. Tipo de tinta: <em>LED UV (cartuchos de 220cc)\u00a0<\/em><\/p>\n<p>. Tintas: <em>CMYK + WWGG<\/em><\/p>\n<p>. Unidad de curado de la tinta: <em>L\u00e1mpara\u00a0UV-LED<\/em><\/p>\n<p><em>.\u00a0<\/em>Resoluci\u00f3n m\u00e1x.: <em>2880\u00a0dpi<\/em><\/p>\n<p>. Requerimientos de potencia:<em>\u00a0AC 110V+-10%, 1.05 A (50\/60 Hz), 231 W (modo standby 59,4 W)<\/em><\/p>\n<p>. Redes:<em>\u00a0Ethernet (10BASE-T\/100BASE-TX, automatic switching)<\/em><\/p>\n<p>. Condiciones ambientales:\u00a0<em>Temperatura de 20\u00b0C a 32\u00b0C, humedad de 35\u00a0a 80% RH<\/em><\/p>\n<p>.\u00a0Materiales aceptados: <em>vidrio, metal, piedra, madera, pl\u00e1sticos, etc.<\/em><\/p>\n<p>. Dimensiones de la impresora:<em>\u00a01450 mm x 800 mm x 1350 mm (31.5 x 57.1 x 53.1 in.)<\/em><\/p>\n<p><em>. Peso: 1112kg (247lbs.)<\/em><\/p>\n<p>&nbsp;<\/p>\n","protected":false},"excerpt":{"rendered":"<p>La tecnolog\u00eda avanzada de Azon Razor Hale, pone a la impresora en una posici\u00f3n superior en comparaci\u00f3n a otras soluciones disponibles en el mercado. Siempre con el objetivo de maximizar la potencia de sus m\u00e1quinas, Azon implementa la opci\u00f3n Azon Conti: seis nulk ink tanks de 500ml especialmente dise\u00f1ados con sensores de monitoreo los cu\u00e1les [&hellip;]<\/p>\n","protected":false},"featured_media":1234,"template":"","meta":{"pagelayer_contact_templates":[],"_pagelayer_content":""},"product_brand":[],"product_cat":[37],"product_tag":[],"class_list":{"0":"post-1233","1":"product","2":"type-product","3":"status-publish","4":"has-post-thumbnail","6":"product_cat-impresion-digital-directo-a-objeto","8":"first","9":"instock","10":"shipping-taxable","11":"product-type-simple"},"_links":{"self":[{"href":"https:\/\/www.alephgraphics.com\/es\/wp-json\/wp\/v2\/product\/1233","targetHints":{"allow":["GET"]}}],"collection":[{"href":"https:\/\/www.alephgraphics.com\/es\/wp-json\/wp\/v2\/product"}],"about":[{"href":"https:\/\/www.alephgraphics.com\/es\/wp-json\/wp\/v2\/types\/product"}],"wp:featuredmedia":[{"embeddable":true,"href":"https:\/\/www.alephgraphics.com\/es\/wp-json\/wp\/v2\/media\/1234"}],"wp:attachment":[{"href":"https:\/\/www.alephgraphics.com\/es\/wp-json\/wp\/v2\/media?parent=1233"}],"wp:term":[{"taxonomy":"product_brand","embeddable":true,"href":"https:\/\/www.alephgraphics.com\/es\/wp-json\/wp\/v2\/product_brand?post=1233"},{"taxonomy":"product_cat","embeddable":true,"href":"https:\/\/www.alephgraphics.com\/es\/wp-json\/wp\/v2\/product_cat?post=1233"},{"taxonomy":"product_tag","embeddable":true,"href":"https:\/\/www.alephgraphics.com\/es\/wp-json\/wp\/v2\/product_tag?post=1233"}],"curies":[{"name":"wp","href":"https:\/\/api.w.org\/{rel}","templated":true}]}}