{"id":1220,"date":"2020-09-15T15:05:54","date_gmt":"2020-09-15T15:05:54","guid":{"rendered":"http:\/\/192.168.1.192:8080\/?post_type=product&#038;p=1220"},"modified":"2020-09-15T15:05:54","modified_gmt":"2020-09-15T15:05:54","slug":"colormunki-calibrador","status":"publish","type":"product","link":"https:\/\/www.alephgraphics.com\/es\/producto\/colormunki-calibrador\/","title":{"rendered":"COLORMUNKI Calibrador"},"content":{"rendered":"<p>Ideal para agencias de publicidad, estudios de dise\u00f1o o dise\u00f1adores freelance, esta herramienta multiuso brinda la libertad de dise\u00f1ar y comunicar con cualquier color existente en el espectro visible, incluso con aquellos colores que nunca cre\u00edste que existieran.<\/p>\n<p>Podr\u00e1s seleccionar colores desde distintas bibliotecas preexistentes como PANTONE MATCHING SYSTEM o GOE, crear tus propias bibliotecas personalizadas o capturar colores planos desde cualquier superficie o sustrato.<\/p>\n<p>Incluye las funciones de control de color esenciales para la calibraci\u00f3n de pantallas, impresoras y proyectores, para una optimizaci\u00f3n de colores planos \u00fanica, todo integrado en un s\u00f3lo dispositivo.<\/p>\n<p><span style=\"text-decoration: underline;\">CARACTER\u00cdSTICAS PRINCIPALES:<\/span><\/p>\n<p>. Crear y nombrar ilimitadas paletas de colores personalizadas<\/p>\n<p>. Seleccionar los colores de PANTONE\u00ae y otras bibliotecas incorporadas<\/p>\n<p>. Capturar cualquier color de cualquier sustrato<\/p>\n<p>. Extraer autom\u00e1ticamente el color de cualquier imagen<\/p>\n<p>. Rastrear colores seg\u00fan palabras claves como \u00abfrescos\u00bb, \u00abdeportivos\u00bb, \u00abvivos\u00bb, etc.<\/p>\n<p>. ColorMunki Design proporciona herramientas de verificaci\u00f3n \u00fanicas que le permiten previsualizar r\u00e1pidamente sus colores antes de irse a la producci\u00f3n: PrintSafe\u2122 one-click out-of-gamut permite visualizar los colores para diferentes combinaciones de impresoras y papeles.<\/p>\n<p>. Previsualizaci\u00f3n de paletas CMYK o Spot de impresi\u00f3n en color<\/p>\n<p>. Evaluaci\u00f3n de colores bajo diferentes fuentes de luz<\/p>\n<p>. Sincronizar autom\u00e1ticamente las paletas a Adobe\u00ae Photoshop\u00ae, InDesign\u00ae y QuarkXpress\u00ae o exportar a sus aplicaciones de dise\u00f1o y fotos favoritos<\/p>\n<p>. A\u00f1adir colores de su selector de sistema operativo<\/p>\n<p>. Ver los datos de color en LAB, CMYK y sRGB<\/p>\n","protected":false},"excerpt":{"rendered":"<p>Ideal para agencias de publicidad, estudios de dise\u00f1o o dise\u00f1adores freelance, esta herramienta multiuso brinda la libertad de dise\u00f1ar y comunicar con cualquier color existente en el espectro visible, incluso con aquellos colores que nunca cre\u00edste que existieran. Podr\u00e1s seleccionar colores desde distintas bibliotecas preexistentes como PANTONE MATCHING SYSTEM o GOE, crear tus propias bibliotecas [&hellip;]<\/p>\n","protected":false},"featured_media":1221,"template":"","meta":{"pagelayer_contact_templates":[],"_pagelayer_content":""},"product_brand":[],"product_cat":[29,50],"product_tag":[],"class_list":{"0":"post-1220","1":"product","2":"type-product","3":"status-publish","4":"has-post-thumbnail","6":"product_cat-color","7":"product_cat-instrumentos-color","9":"first","10":"instock","11":"shipping-taxable","12":"product-type-simple"},"_links":{"self":[{"href":"https:\/\/www.alephgraphics.com\/es\/wp-json\/wp\/v2\/product\/1220","targetHints":{"allow":["GET"]}}],"collection":[{"href":"https:\/\/www.alephgraphics.com\/es\/wp-json\/wp\/v2\/product"}],"about":[{"href":"https:\/\/www.alephgraphics.com\/es\/wp-json\/wp\/v2\/types\/product"}],"wp:featuredmedia":[{"embeddable":true,"href":"https:\/\/www.alephgraphics.com\/es\/wp-json\/wp\/v2\/media\/1221"}],"wp:attachment":[{"href":"https:\/\/www.alephgraphics.com\/es\/wp-json\/wp\/v2\/media?parent=1220"}],"wp:term":[{"taxonomy":"product_brand","embeddable":true,"href":"https:\/\/www.alephgraphics.com\/es\/wp-json\/wp\/v2\/product_brand?post=1220"},{"taxonomy":"product_cat","embeddable":true,"href":"https:\/\/www.alephgraphics.com\/es\/wp-json\/wp\/v2\/product_cat?post=1220"},{"taxonomy":"product_tag","embeddable":true,"href":"https:\/\/www.alephgraphics.com\/es\/wp-json\/wp\/v2\/product_tag?post=1220"}],"curies":[{"name":"wp","href":"https:\/\/api.w.org\/{rel}","templated":true}]}}