{"id":1201,"date":"2020-09-15T00:47:48","date_gmt":"2020-09-15T00:47:48","guid":{"rendered":"http:\/\/192.168.1.192:8080\/?post_type=product&#038;p=1201"},"modified":"2020-09-15T00:47:48","modified_gmt":"2020-09-15T00:47:48","slug":"plancha-liberty-nxp","status":"publish","type":"product","link":"https:\/\/www.alephgraphics.com\/es\/producto\/plancha-liberty-nxp\/","title":{"rendered":"Plancha LIBERTY NXP"},"content":{"rendered":"<p>La Liberty NXP es una placa fotopol\u00edmera termal no ablativa de funci\u00f3n negativa que puede ser expuesta de inmediato y montada en cualquier prensa offset (y se adapta pr\u00e1cticamente a cualquier soluci\u00f3n de fuente existente). Desarrollada y producida para peri\u00f3dicos y otras publicaciones de rotativa cold-set.<\/p>\n","protected":false},"excerpt":{"rendered":"<p>La Liberty NXP es una placa fotopol\u00edmera termal no ablativa de funci\u00f3n negativa que puede ser expuesta de inmediato y montada en cualquier prensa offset (y se adapta pr\u00e1cticamente a cualquier soluci\u00f3n de fuente existente). Desarrollada y producida para peri\u00f3dicos y otras publicaciones de rotativa cold-set.<\/p>\n","protected":false},"featured_media":1202,"template":"","meta":{"pagelayer_contact_templates":[],"_pagelayer_content":""},"product_brand":[],"product_cat":[42],"product_tag":[],"class_list":{"0":"post-1201","1":"product","2":"type-product","3":"status-publish","4":"has-post-thumbnail","6":"product_cat-planchas-para-ctp","8":"first","9":"instock","10":"shipping-taxable","11":"product-type-simple"},"_links":{"self":[{"href":"https:\/\/www.alephgraphics.com\/es\/wp-json\/wp\/v2\/product\/1201","targetHints":{"allow":["GET"]}}],"collection":[{"href":"https:\/\/www.alephgraphics.com\/es\/wp-json\/wp\/v2\/product"}],"about":[{"href":"https:\/\/www.alephgraphics.com\/es\/wp-json\/wp\/v2\/types\/product"}],"wp:featuredmedia":[{"embeddable":true,"href":"https:\/\/www.alephgraphics.com\/es\/wp-json\/wp\/v2\/media\/1202"}],"wp:attachment":[{"href":"https:\/\/www.alephgraphics.com\/es\/wp-json\/wp\/v2\/media?parent=1201"}],"wp:term":[{"taxonomy":"product_brand","embeddable":true,"href":"https:\/\/www.alephgraphics.com\/es\/wp-json\/wp\/v2\/product_brand?post=1201"},{"taxonomy":"product_cat","embeddable":true,"href":"https:\/\/www.alephgraphics.com\/es\/wp-json\/wp\/v2\/product_cat?post=1201"},{"taxonomy":"product_tag","embeddable":true,"href":"https:\/\/www.alephgraphics.com\/es\/wp-json\/wp\/v2\/product_tag?post=1201"}],"curies":[{"name":"wp","href":"https:\/\/api.w.org\/{rel}","templated":true}]}}