{"id":1198,"date":"2020-09-15T00:44:43","date_gmt":"2020-09-15T00:44:43","guid":{"rendered":"http:\/\/192.168.1.192:8080\/?post_type=product&#038;p=1198"},"modified":"2020-09-15T00:44:43","modified_gmt":"2020-09-15T00:44:43","slug":"plancha-replica-hsv","status":"publish","type":"product","link":"https:\/\/www.alephgraphics.com\/es\/producto\/plancha-replica-hsv\/","title":{"rendered":"Plancha REPLICA HSV"},"content":{"rendered":"<p>Plancha para CtP violeta, alcanza tirajes de 250.000 impresiones (m\u00e1s de 1 mill\u00f3n con post horneado). Superior balance de tinta y agua en prensa. De r\u00e1pida puesta en marcha, resistente a los raspados.<\/p>\n","protected":false},"excerpt":{"rendered":"<p>Plancha para CtP violeta, alcanza tirajes de 250.000 impresiones (m\u00e1s de 1 mill\u00f3n con post horneado). Superior balance de tinta y agua en prensa. De r\u00e1pida puesta en marcha, resistente a los raspados.<\/p>\n","protected":false},"featured_media":1199,"template":"","meta":{"pagelayer_contact_templates":[],"_pagelayer_content":""},"product_brand":[],"product_cat":[39,42],"product_tag":[],"class_list":{"0":"post-1198","1":"product","2":"type-product","3":"status-publish","4":"has-post-thumbnail","6":"product_cat-insumos-graficos","7":"product_cat-planchas-para-ctp","9":"first","10":"instock","11":"shipping-taxable","12":"product-type-simple"},"_links":{"self":[{"href":"https:\/\/www.alephgraphics.com\/es\/wp-json\/wp\/v2\/product\/1198","targetHints":{"allow":["GET"]}}],"collection":[{"href":"https:\/\/www.alephgraphics.com\/es\/wp-json\/wp\/v2\/product"}],"about":[{"href":"https:\/\/www.alephgraphics.com\/es\/wp-json\/wp\/v2\/types\/product"}],"wp:featuredmedia":[{"embeddable":true,"href":"https:\/\/www.alephgraphics.com\/es\/wp-json\/wp\/v2\/media\/1199"}],"wp:attachment":[{"href":"https:\/\/www.alephgraphics.com\/es\/wp-json\/wp\/v2\/media?parent=1198"}],"wp:term":[{"taxonomy":"product_brand","embeddable":true,"href":"https:\/\/www.alephgraphics.com\/es\/wp-json\/wp\/v2\/product_brand?post=1198"},{"taxonomy":"product_cat","embeddable":true,"href":"https:\/\/www.alephgraphics.com\/es\/wp-json\/wp\/v2\/product_cat?post=1198"},{"taxonomy":"product_tag","embeddable":true,"href":"https:\/\/www.alephgraphics.com\/es\/wp-json\/wp\/v2\/product_tag?post=1198"}],"curies":[{"name":"wp","href":"https:\/\/api.w.org\/{rel}","templated":true}]}}