{"id":1195,"date":"2020-09-15T00:41:42","date_gmt":"2020-09-15T00:41:42","guid":{"rendered":"http:\/\/192.168.1.192:8080\/?post_type=product&#038;p=1195"},"modified":"2020-09-15T00:41:42","modified_gmt":"2020-09-15T00:41:42","slug":"plancha-viper-830-tpx","status":"publish","type":"product","link":"https:\/\/www.alephgraphics.com\/es\/producto\/plancha-viper-830-tpx\/","title":{"rendered":"Plancha VIPER 830 TPX"},"content":{"rendered":"<p>Planchas digitales negativas, termales fotopolim\u00e9ricas. Est\u00e1n dise\u00f1adas para alcanzar las necesidades de velocidad, consistencia y econom\u00eda de los per\u00edodicos de hoy d\u00eda.<\/p>\n","protected":false},"excerpt":{"rendered":"<p>Planchas digitales negativas, termales fotopolim\u00e9ricas. Est\u00e1n dise\u00f1adas para alcanzar las necesidades de velocidad, consistencia y econom\u00eda de los per\u00edodicos de hoy d\u00eda.<\/p>\n","protected":false},"featured_media":1196,"template":"","meta":{"pagelayer_contact_templates":[],"_pagelayer_content":""},"product_brand":[],"product_cat":[39,42],"product_tag":[],"class_list":{"0":"post-1195","1":"product","2":"type-product","3":"status-publish","4":"has-post-thumbnail","6":"product_cat-insumos-graficos","7":"product_cat-planchas-para-ctp","9":"first","10":"instock","11":"shipping-taxable","12":"product-type-simple"},"_links":{"self":[{"href":"https:\/\/www.alephgraphics.com\/es\/wp-json\/wp\/v2\/product\/1195","targetHints":{"allow":["GET"]}}],"collection":[{"href":"https:\/\/www.alephgraphics.com\/es\/wp-json\/wp\/v2\/product"}],"about":[{"href":"https:\/\/www.alephgraphics.com\/es\/wp-json\/wp\/v2\/types\/product"}],"wp:featuredmedia":[{"embeddable":true,"href":"https:\/\/www.alephgraphics.com\/es\/wp-json\/wp\/v2\/media\/1196"}],"wp:attachment":[{"href":"https:\/\/www.alephgraphics.com\/es\/wp-json\/wp\/v2\/media?parent=1195"}],"wp:term":[{"taxonomy":"product_brand","embeddable":true,"href":"https:\/\/www.alephgraphics.com\/es\/wp-json\/wp\/v2\/product_brand?post=1195"},{"taxonomy":"product_cat","embeddable":true,"href":"https:\/\/www.alephgraphics.com\/es\/wp-json\/wp\/v2\/product_cat?post=1195"},{"taxonomy":"product_tag","embeddable":true,"href":"https:\/\/www.alephgraphics.com\/es\/wp-json\/wp\/v2\/product_tag?post=1195"}],"curies":[{"name":"wp","href":"https:\/\/api.w.org\/{rel}","templated":true}]}}