{"id":1168,"date":"2020-09-15T00:01:31","date_gmt":"2020-09-15T00:01:31","guid":{"rendered":"http:\/\/192.168.1.192:8080\/?post_type=product&#038;p=1168"},"modified":"2020-09-15T00:01:32","modified_gmt":"2020-09-15T00:01:32","slug":"pantone-formula-guide-coated-uncoated","status":"publish","type":"product","link":"https:\/\/www.alephgraphics.com\/es\/producto\/pantone-formula-guide-coated-uncoated\/","title":{"rendered":"PANTONE Formula Guide Coated &#038; Uncoated"},"content":{"rendered":"<p>La gu\u00eda pantone m\u00e1s vendida del mundo, ideal para inspiraci\u00f3n en dise\u00f1o, especificaci\u00f3n de color y precisi\u00f3n de impresi\u00f3n, Formula Guide viene con 1.867 colores planos Pantone con sus correspondientes formulaciones de tinta. Utilice esta gu\u00eda para logotipos y marcas, materiales de marketing, empaquetado y cuando se necesite impresi\u00f3n a todo color.<\/p>\n<p>&nbsp;<\/p>\n<p><strong>FORMATO:<\/strong><\/p>\n<p>&#8211; Dos gu\u00edas port\u00e1tiles, tipo abanico impresas en papel coteado y no coteado<\/p>\n<p>&#8211; Impresas en los gramajes\u00a0de papel m\u00e1s utilizados (100 libras para rcoteado y 80 libras para no coteado)<\/p>\n<p>&#8211;\u00a0El Indicador de iluminaci\u00f3n muestra cuando las condiciones de iluminaci\u00f3n son adecuadas para la evaluaci\u00f3n del color<\/p>\n<p>&nbsp;<\/p>\n<p><strong>COLOR:<\/strong><\/p>\n<p>&#8211;\u00a0La mayor gama de colores del sistema gr\u00e1fico Pantone<\/p>\n<p>&#8211;\u00a01.867 colores planos, incluyendo 112 nuevos colores publicados en 2016<\/p>\n<p>&#8211;\u00a0Cada color se muestra con n\u00fameros de coordenadas y formulaciones de tinta<\/p>\n<p>&#8211;\u00a0Colores dispuestos en formato crom\u00e1tico, con 112 nuevos colores en el frente<\/p>\n<p>&#8211;\u00a0El \u00edndice en la parte posterior de las gu\u00edas proporciona la ubicaci\u00f3n num\u00e9rica para cada color<\/p>\n<p>&nbsp;<\/p>\n<p><strong>APLICACIONES DEL PRODUCTO:<\/strong><\/p>\n<p>&#8211;\u00a0Uso para logotipos y branding,\u00a0materiales de marketing y packaging,\u00a0entre otras cosas<\/p>\n<p>&#8211;\u00a0Gu\u00eda m\u00e1s utilizada en el mundo para directrices de marca e impresi\u00f3n a color<\/p>\n<p>&#8211; Las formulaciones de tinta proporcionan el m\u00e9todo m\u00e1s preciso para lograr el color adecuado en los materiales impresos<\/p>\n<p><strong>&#8211; SKU: GP1601<\/strong><\/p>\n","protected":false},"excerpt":{"rendered":"<p>La gu\u00eda pantone m\u00e1s vendida del mundo, ideal para inspiraci\u00f3n en dise\u00f1o, especificaci\u00f3n de color y precisi\u00f3n de impresi\u00f3n, Formula Guide viene con 1.867 colores planos Pantone con sus correspondientes formulaciones de tinta. Utilice esta gu\u00eda para logotipos y marcas, materiales de marketing, empaquetado y cuando se necesite impresi\u00f3n a todo color. &nbsp; FORMATO: &#8211; [&hellip;]<\/p>\n","protected":false},"featured_media":1169,"template":"","meta":{"pagelayer_contact_templates":[],"_pagelayer_content":""},"product_brand":[],"product_cat":[29,50],"product_tag":[],"class_list":{"0":"post-1168","1":"product","2":"type-product","3":"status-publish","4":"has-post-thumbnail","6":"product_cat-color","7":"product_cat-instrumentos-color","9":"first","10":"instock","11":"shipping-taxable","12":"product-type-simple"},"_links":{"self":[{"href":"https:\/\/www.alephgraphics.com\/es\/wp-json\/wp\/v2\/product\/1168","targetHints":{"allow":["GET"]}}],"collection":[{"href":"https:\/\/www.alephgraphics.com\/es\/wp-json\/wp\/v2\/product"}],"about":[{"href":"https:\/\/www.alephgraphics.com\/es\/wp-json\/wp\/v2\/types\/product"}],"wp:featuredmedia":[{"embeddable":true,"href":"https:\/\/www.alephgraphics.com\/es\/wp-json\/wp\/v2\/media\/1169"}],"wp:attachment":[{"href":"https:\/\/www.alephgraphics.com\/es\/wp-json\/wp\/v2\/media?parent=1168"}],"wp:term":[{"taxonomy":"product_brand","embeddable":true,"href":"https:\/\/www.alephgraphics.com\/es\/wp-json\/wp\/v2\/product_brand?post=1168"},{"taxonomy":"product_cat","embeddable":true,"href":"https:\/\/www.alephgraphics.com\/es\/wp-json\/wp\/v2\/product_cat?post=1168"},{"taxonomy":"product_tag","embeddable":true,"href":"https:\/\/www.alephgraphics.com\/es\/wp-json\/wp\/v2\/product_tag?post=1168"}],"curies":[{"name":"wp","href":"https:\/\/api.w.org\/{rel}","templated":true}]}}