{"id":1165,"date":"2020-09-14T23:57:39","date_gmt":"2020-09-14T23:57:39","guid":{"rendered":"http:\/\/192.168.1.192:8080\/?post_type=product&#038;p=1165"},"modified":"2020-09-14T23:57:40","modified_gmt":"2020-09-14T23:57:40","slug":"pantone-cmyk-coated-uncoated-set","status":"publish","type":"product","link":"https:\/\/www.alephgraphics.com\/es\/producto\/pantone-cmyk-coated-uncoated-set\/","title":{"rendered":"PANTONE CMYK Coated &#038; Uncoated Set"},"content":{"rendered":"<p>La gu\u00eda CMYK ilustra 2.868 colores de proceso CMYK y sus valores correspondientes. Estos colores son \u00fanicos para el sistema de gr\u00e1ficos Pantone y no combinables con colores planos Pantone. Utilice esta gu\u00eda cuando imprima en cuatricom\u00eda.<\/p>\n<p>&nbsp;<\/p>\n<p><strong>FORMATO:<\/strong><\/p>\n<p>&#8211; Dos gu\u00edas port\u00e1tiles, tipo abanico impresas en papel coteado y no coteado<\/p>\n<p>&#8211; Impreso seg\u00fan la Certificaci\u00f3n ISO para que los colores se puedan reproducir de manera consistente<\/p>\n<p>&#8211; Impresas en los gramajes\u00a0de papel m\u00e1s utilizados (100 libras para rcoteado y 80 libras para no coteado)<\/p>\n<p>&#8211;\u00a0El Indicador de iluminaci\u00f3n muestra cuando las condiciones de iluminaci\u00f3n son adecuadas para la evaluaci\u00f3n del color<\/p>\n<p>&nbsp;<\/p>\n<p><strong>COLOR:<\/strong><\/p>\n<p>&#8211; Incluye 16 colores distintos por p\u00e1gina organizados en formato num\u00e9rico y crom\u00e1tico<\/p>\n<p>&#8211; Cada color se muestra con n\u00fameros y valores de coordinaci\u00f3n<\/p>\n<p>&#8211; Los porcentajes de tinte de la pantalla se proporcionan para cuatro tintas base<\/p>\n<p>&nbsp;<\/p>\n<p><strong>APLICACI\u00d3N:<\/strong><\/p>\n<p>&#8211; Uso al dise\u00f1ar para la impresi\u00f3n de proceso de cuatro colores (cuatricom\u00eda)<br \/>\n&#8211; Ideal para los procesos de impresiones m\u00e1s comunes y asequible<br \/>\n&#8211; Adecuado para la inspiraci\u00f3n y la creaci\u00f3n de dise\u00f1os cuando la precisi\u00f3n del color no es cr\u00edtica<\/p>\n<p>&nbsp;<\/p>\n<p><strong>&#8211; PKU: GP5101<\/strong><\/p>\n","protected":false},"excerpt":{"rendered":"<p>La gu\u00eda CMYK ilustra 2.868 colores de proceso CMYK y sus valores correspondientes. Estos colores son \u00fanicos para el sistema de gr\u00e1ficos Pantone y no combinables con colores planos Pantone. Utilice esta gu\u00eda cuando imprima en cuatricom\u00eda. &nbsp; FORMATO: &#8211; Dos gu\u00edas port\u00e1tiles, tipo abanico impresas en papel coteado y no coteado &#8211; Impreso seg\u00fan [&hellip;]<\/p>\n","protected":false},"featured_media":1166,"template":"","meta":{"pagelayer_contact_templates":[],"_pagelayer_content":""},"product_brand":[],"product_cat":[29,50],"product_tag":[],"class_list":{"0":"post-1165","1":"product","2":"type-product","3":"status-publish","4":"has-post-thumbnail","6":"product_cat-color","7":"product_cat-instrumentos-color","9":"first","10":"instock","11":"shipping-taxable","12":"product-type-simple"},"_links":{"self":[{"href":"https:\/\/www.alephgraphics.com\/es\/wp-json\/wp\/v2\/product\/1165","targetHints":{"allow":["GET"]}}],"collection":[{"href":"https:\/\/www.alephgraphics.com\/es\/wp-json\/wp\/v2\/product"}],"about":[{"href":"https:\/\/www.alephgraphics.com\/es\/wp-json\/wp\/v2\/types\/product"}],"wp:featuredmedia":[{"embeddable":true,"href":"https:\/\/www.alephgraphics.com\/es\/wp-json\/wp\/v2\/media\/1166"}],"wp:attachment":[{"href":"https:\/\/www.alephgraphics.com\/es\/wp-json\/wp\/v2\/media?parent=1165"}],"wp:term":[{"taxonomy":"product_brand","embeddable":true,"href":"https:\/\/www.alephgraphics.com\/es\/wp-json\/wp\/v2\/product_brand?post=1165"},{"taxonomy":"product_cat","embeddable":true,"href":"https:\/\/www.alephgraphics.com\/es\/wp-json\/wp\/v2\/product_cat?post=1165"},{"taxonomy":"product_tag","embeddable":true,"href":"https:\/\/www.alephgraphics.com\/es\/wp-json\/wp\/v2\/product_tag?post=1165"}],"curies":[{"name":"wp","href":"https:\/\/api.w.org\/{rel}","templated":true}]}}