{"id":1159,"date":"2020-09-14T23:51:09","date_gmt":"2020-09-14T23:51:09","guid":{"rendered":"http:\/\/192.168.1.192:8080\/?post_type=product&#038;p=1159"},"modified":"2020-09-14T23:51:09","modified_gmt":"2020-09-14T23:51:09","slug":"mitsubishi-diamond-proof-paper","status":"publish","type":"product","link":"https:\/\/www.alephgraphics.com\/es\/producto\/mitsubishi-diamond-proof-paper\/","title":{"rendered":"MITSUBISHI Diamond\u00a0Proof Paper"},"content":{"rendered":"<h2>Mitsubishi Diamond\u00a0Papel para Prueba Color<\/h2>\n<p>Los papeles Mitsubishi Diamond Proof est\u00e1n un paso arriba de la competencia siempre. Su proceso de ingenier\u00eda \u00fanica le agrega al papel una mayor estabilidad para que tenga una performance sin fallas en virtualmente todas las impresoras inkjet y dispositivos de proofing.<\/p>\n","protected":false},"excerpt":{"rendered":"<p>Mitsubishi Diamond\u00a0Papel para Prueba Color Los papeles Mitsubishi Diamond Proof est\u00e1n un paso arriba de la competencia siempre. Su proceso de ingenier\u00eda \u00fanica le agrega al papel una mayor estabilidad para que tenga una performance sin fallas en virtualmente todas las impresoras inkjet y dispositivos de proofing.<\/p>\n","protected":false},"featured_media":1160,"template":"","meta":{"pagelayer_contact_templates":[],"_pagelayer_content":""},"product_brand":[],"product_cat":[36,30],"product_tag":[],"class_list":{"0":"post-1159","1":"product","2":"type-product","3":"status-publish","4":"has-post-thumbnail","6":"product_cat-ink-jet","7":"product_cat-proofer","9":"first","10":"instock","11":"shipping-taxable","12":"product-type-simple"},"_links":{"self":[{"href":"https:\/\/www.alephgraphics.com\/es\/wp-json\/wp\/v2\/product\/1159","targetHints":{"allow":["GET"]}}],"collection":[{"href":"https:\/\/www.alephgraphics.com\/es\/wp-json\/wp\/v2\/product"}],"about":[{"href":"https:\/\/www.alephgraphics.com\/es\/wp-json\/wp\/v2\/types\/product"}],"wp:featuredmedia":[{"embeddable":true,"href":"https:\/\/www.alephgraphics.com\/es\/wp-json\/wp\/v2\/media\/1160"}],"wp:attachment":[{"href":"https:\/\/www.alephgraphics.com\/es\/wp-json\/wp\/v2\/media?parent=1159"}],"wp:term":[{"taxonomy":"product_brand","embeddable":true,"href":"https:\/\/www.alephgraphics.com\/es\/wp-json\/wp\/v2\/product_brand?post=1159"},{"taxonomy":"product_cat","embeddable":true,"href":"https:\/\/www.alephgraphics.com\/es\/wp-json\/wp\/v2\/product_cat?post=1159"},{"taxonomy":"product_tag","embeddable":true,"href":"https:\/\/www.alephgraphics.com\/es\/wp-json\/wp\/v2\/product_tag?post=1159"}],"curies":[{"name":"wp","href":"https:\/\/api.w.org\/{rel}","templated":true}]}}