{"id":1153,"date":"2020-09-14T23:45:09","date_gmt":"2020-09-14T23:45:09","guid":{"rendered":"http:\/\/192.168.1.192:8080\/?post_type=product&#038;p=1153"},"modified":"2020-09-14T23:45:09","modified_gmt":"2020-09-14T23:45:09","slug":"copa-zahn-ag","status":"publish","type":"product","link":"https:\/\/www.alephgraphics.com\/es\/producto\/copa-zahn-ag\/","title":{"rendered":"Copa Zahn AG"},"content":{"rendered":"<h4>Copa Zahn AG para medir viscosidad<\/h4>\n<p>Las copas de inmersi\u00f3n Zahn de Alephgraphics\u00a0se pueden usar en tiendas, f\u00e1bricas y laboratorios para una r\u00e1pida verificaci\u00f3n y ajuste de la viscosidad de muchos tipos de l\u00edquidos.<\/p>\n","protected":false},"excerpt":{"rendered":"<p>Copa Zahn AG para medir viscosidad Las copas de inmersi\u00f3n Zahn de Alephgraphics\u00a0se pueden usar en tiendas, f\u00e1bricas y laboratorios para una r\u00e1pida verificaci\u00f3n y ajuste de la viscosidad de muchos tipos de l\u00edquidos.<\/p>\n","protected":false},"featured_media":1154,"template":"","meta":{"pagelayer_contact_templates":[],"_pagelayer_content":""},"product_brand":[],"product_cat":[50,49,51],"product_tag":[],"class_list":{"0":"post-1153","1":"product","2":"type-product","3":"status-publish","4":"has-post-thumbnail","6":"product_cat-instrumentos-color","7":"product_cat-instrumentos-flexo","8":"product_cat-instrumentos-offset","10":"first","11":"instock","12":"shipping-taxable","13":"product-type-simple"},"_links":{"self":[{"href":"https:\/\/www.alephgraphics.com\/es\/wp-json\/wp\/v2\/product\/1153","targetHints":{"allow":["GET"]}}],"collection":[{"href":"https:\/\/www.alephgraphics.com\/es\/wp-json\/wp\/v2\/product"}],"about":[{"href":"https:\/\/www.alephgraphics.com\/es\/wp-json\/wp\/v2\/types\/product"}],"wp:featuredmedia":[{"embeddable":true,"href":"https:\/\/www.alephgraphics.com\/es\/wp-json\/wp\/v2\/media\/1154"}],"wp:attachment":[{"href":"https:\/\/www.alephgraphics.com\/es\/wp-json\/wp\/v2\/media?parent=1153"}],"wp:term":[{"taxonomy":"product_brand","embeddable":true,"href":"https:\/\/www.alephgraphics.com\/es\/wp-json\/wp\/v2\/product_brand?post=1153"},{"taxonomy":"product_cat","embeddable":true,"href":"https:\/\/www.alephgraphics.com\/es\/wp-json\/wp\/v2\/product_cat?post=1153"},{"taxonomy":"product_tag","embeddable":true,"href":"https:\/\/www.alephgraphics.com\/es\/wp-json\/wp\/v2\/product_tag?post=1153"}],"curies":[{"name":"wp","href":"https:\/\/api.w.org\/{rel}","templated":true}]}}