{"id":1141,"date":"2020-09-14T23:33:52","date_gmt":"2020-09-14T23:33:52","guid":{"rendered":"http:\/\/192.168.1.192:8080\/?post_type=product&#038;p=1141"},"modified":"2020-09-14T23:33:52","modified_gmt":"2020-09-14T23:33:52","slug":"maquina-de-prensa-y-pliegue","status":"publish","type":"product","link":"https:\/\/www.alephgraphics.com\/es\/producto\/maquina-de-prensa-y-pliegue\/","title":{"rendered":"M\u00e1quina de Prensa y Pliegue"},"content":{"rendered":"<p><span style=\"text-decoration: underline;\"><strong>M\u00e1quina de presi\u00f3n y pliegue para libros de tapa dura mod.\u00a0MF-PCM380\/560<\/strong><\/span><\/p>\n<p>La M\u00e1quina de Presi\u00f3n y Ploiegue\u00a0es un equipo f\u00e1cil de manejar por el operador y\u00a0al mismo tiempo muy eficaz en el prensado y plegado de libros de tapa dura . Un\u00a0solo operador puede operar la m\u00e1quina con facilidad. Una vez comenzada la\u00a0operaci\u00f3n, se puede volver a cambiar la medida del trabajo.<br \/>\nLa m\u00e1quina trabaja con un sistema neum\u00e1tico e hidr\u00e1ulico y el operador maneja la m\u00e1quina desde el panel de control PLC.<\/p>\n","protected":false},"excerpt":{"rendered":"<p>M\u00e1quina de presi\u00f3n y pliegue para libros de tapa dura mod.\u00a0MF-PCM380\/560 La M\u00e1quina de Presi\u00f3n y Ploiegue\u00a0es un equipo f\u00e1cil de manejar por el operador y\u00a0al mismo tiempo muy eficaz en el prensado y plegado de libros de tapa dura . Un\u00a0solo operador puede operar la m\u00e1quina con facilidad. Una vez comenzada la\u00a0operaci\u00f3n, se puede [&hellip;]<\/p>\n","protected":false},"featured_media":1142,"template":"","meta":{"pagelayer_contact_templates":[],"_pagelayer_content":""},"product_brand":[],"product_cat":[44],"product_tag":[],"class_list":{"0":"post-1141","1":"product","2":"type-product","3":"status-publish","4":"has-post-thumbnail","6":"product_cat-encuadernacion","8":"first","9":"instock","10":"shipping-taxable","11":"product-type-simple"},"_links":{"self":[{"href":"https:\/\/www.alephgraphics.com\/es\/wp-json\/wp\/v2\/product\/1141","targetHints":{"allow":["GET"]}}],"collection":[{"href":"https:\/\/www.alephgraphics.com\/es\/wp-json\/wp\/v2\/product"}],"about":[{"href":"https:\/\/www.alephgraphics.com\/es\/wp-json\/wp\/v2\/types\/product"}],"wp:featuredmedia":[{"embeddable":true,"href":"https:\/\/www.alephgraphics.com\/es\/wp-json\/wp\/v2\/media\/1142"}],"wp:attachment":[{"href":"https:\/\/www.alephgraphics.com\/es\/wp-json\/wp\/v2\/media?parent=1141"}],"wp:term":[{"taxonomy":"product_brand","embeddable":true,"href":"https:\/\/www.alephgraphics.com\/es\/wp-json\/wp\/v2\/product_brand?post=1141"},{"taxonomy":"product_cat","embeddable":true,"href":"https:\/\/www.alephgraphics.com\/es\/wp-json\/wp\/v2\/product_cat?post=1141"},{"taxonomy":"product_tag","embeddable":true,"href":"https:\/\/www.alephgraphics.com\/es\/wp-json\/wp\/v2\/product_tag?post=1141"}],"curies":[{"name":"wp","href":"https:\/\/api.w.org\/{rel}","templated":true}]}}