{"id":1112,"date":"2020-09-14T23:00:36","date_gmt":"2020-09-14T23:00:36","guid":{"rendered":"http:\/\/192.168.1.192:8080\/?post_type=product&#038;p=1112"},"modified":"2020-09-15T20:15:20","modified_gmt":"2020-09-15T20:15:20","slug":"ihara-t500-densitometro","status":"publish","type":"product","link":"https:\/\/www.alephgraphics.com\/es\/producto\/ihara-t500-densitometro\/","title":{"rendered":"IHARA T500 Densit\u00f3metro"},"content":{"rendered":"<h3>DENSIT\u00d3METRO DE TRANSMISI\u00d3N B&amp;W IHARA T500<\/h3>\n<p>Densit\u00f3metro de transmisi\u00f3n para Film. Mide Densidad, Area de Punto Positiva y Area de Punto Negativa. Con tabla iluminada intergrada para un perfecto posicionamiento de la pel\u00edcula.<\/p>\n<p>INCLUYE:<\/p>\n<ul>\n<li>Manual operativo<\/li>\n<li>Calibraci\u00f3n\u00a0Standard<\/li>\n<li>Adaptador AC\u00a0(9V, 500mA, center-negative)<\/li>\n<li>Cable de interface RS-232<em>(Opcional)<\/em><\/li>\n<li>Software de comunicaci\u00f3n (PC)<\/li>\n<\/ul>\n","protected":false},"excerpt":{"rendered":"<p>DENSIT\u00d3METRO DE TRANSMISI\u00d3N B&amp;W IHARA T500 Densit\u00f3metro de transmisi\u00f3n para Film. Mide Densidad, Area de Punto Positiva y Area de Punto Negativa. Con tabla iluminada intergrada para un perfecto posicionamiento de la pel\u00edcula. INCLUYE: Manual operativo Calibraci\u00f3n\u00a0Standard Adaptador AC\u00a0(9V, 500mA, center-negative) Cable de interface RS-232(Opcional) Software de comunicaci\u00f3n (PC)<\/p>\n","protected":false},"featured_media":1113,"template":"","meta":{"pagelayer_contact_templates":[],"_pagelayer_content":""},"product_brand":[],"product_cat":[25,51],"product_tag":[],"class_list":{"0":"post-1112","1":"product","2":"type-product","3":"status-publish","4":"has-post-thumbnail","6":"product_cat-ctf","7":"product_cat-instrumentos-offset","9":"first","10":"instock","11":"shipping-taxable","12":"product-type-simple"},"_links":{"self":[{"href":"https:\/\/www.alephgraphics.com\/es\/wp-json\/wp\/v2\/product\/1112","targetHints":{"allow":["GET"]}}],"collection":[{"href":"https:\/\/www.alephgraphics.com\/es\/wp-json\/wp\/v2\/product"}],"about":[{"href":"https:\/\/www.alephgraphics.com\/es\/wp-json\/wp\/v2\/types\/product"}],"wp:featuredmedia":[{"embeddable":true,"href":"https:\/\/www.alephgraphics.com\/es\/wp-json\/wp\/v2\/media\/1113"}],"wp:attachment":[{"href":"https:\/\/www.alephgraphics.com\/es\/wp-json\/wp\/v2\/media?parent=1112"}],"wp:term":[{"taxonomy":"product_brand","embeddable":true,"href":"https:\/\/www.alephgraphics.com\/es\/wp-json\/wp\/v2\/product_brand?post=1112"},{"taxonomy":"product_cat","embeddable":true,"href":"https:\/\/www.alephgraphics.com\/es\/wp-json\/wp\/v2\/product_cat?post=1112"},{"taxonomy":"product_tag","embeddable":true,"href":"https:\/\/www.alephgraphics.com\/es\/wp-json\/wp\/v2\/product_tag?post=1112"}],"curies":[{"name":"wp","href":"https:\/\/api.w.org\/{rel}","templated":true}]}}