{"id":1106,"date":"2020-09-14T22:35:22","date_gmt":"2020-09-14T22:35:22","guid":{"rendered":"http:\/\/192.168.1.192:8080\/?post_type=product&#038;p=1106"},"modified":"2020-09-14T22:57:12","modified_gmt":"2020-09-14T22:57:12","slug":"ag-ctp-plate-processor-pt-series","status":"publish","type":"product","link":"https:\/\/www.alephgraphics.com\/es\/producto\/ag-ctp-plate-processor-pt-series\/","title":{"rendered":"AG CTP Plate Processor PT Series"},"content":{"rendered":"<div title=\"Page 1\">\n<h4><strong>PROCESADORA CTP PARA PLANCHAS TERMALES Y CONVENCIONALES<\/strong><\/h4>\n<p>&nbsp;<\/p>\n<p><span style=\"text-decoration: underline;\">EXQUISITO DISE\u00d1O Y RESISTENTE MATERIAL DURALUMIN<\/span><\/p>\n<p>Construida con materiales Duralumin altamente resistentes al \u00e1cido y tanque de PVC en su interior, esta procesadora para planchas esta dise\u00f1ada para una larga vida operativa.<\/p>\n<p><span style=\"text-decoration: underline;\">CONTROLES ELECTR\u00d3NICOS PRECISOS<\/span><\/p>\n<div title=\"Page 1\">\n<p>Equipado con control PLC Siemens, la procesadora opera el proceso revelado-lavado-engomado-secado en forma suave y sin p\u00e9rdidas.<\/p>\n<p><span style=\"text-decoration: underline;\">F\u00c1CIL DE MANTENER Y OPERAR<\/span><\/p>\n<p>Puede ser conectada a la mayor\u00eda de los CTP ofrecidos en el mercado en forma online u offline. Trabaja con casi todas las marcas de plancha entre 0.15 mm \u2013 0.4 mm. Conveniente acceso a todas las \u00e1reas y componentes para su servicio. Engranajes y rodillos de calidad.<\/p>\n<div title=\"Page 1\">\n<div title=\"Page 1\">\n<p><span style=\"text-decoration: underline;\">PERFORMANCE SUPERIOR EN REVELADO DE LA PLANCHA<\/span><\/p>\n<p>Rodillo de revelado que asegura que la superficie de la plancha no tenga da\u00f1os y dos sets de cepillos que aseguran un eficiente revelado de la plancha. Equipada con sistema autom\u00e1tico de detecci\u00f3n anti-oxidaci\u00f3n y reemplazo que con precisi\u00f3n controla la concentraci\u00f3n de revelador.<\/p>\n<p><span style=\"text-decoration: underline;\">SISTEMA DE ENFRIAMIENTO INDEPENDIENTE<\/span><\/p>\n<div title=\"Page 1\">\n<p>La procesadora posee un sistema de enfriamiento independiente que mantiene la fluctuaci\u00f3n de temperatura del revelador entre 0,5 grados centi?grados.<\/p>\n<p><span style=\"text-decoration: underline;\">AMIGABLE CON EL MEDIO AMBIENTE<\/span><\/p>\n<div title=\"Page 1\">\n<p>Proceso de engomado con limpiado autom\u00e1tico y funci\u00f3n de reciclado. Ahorrador de energ\u00eda y amigable con el medio ambiente<\/p>\n<\/div>\n<\/div>\n<\/div>\n<\/div>\n<\/div>\n<\/div>\n","protected":false},"excerpt":{"rendered":"<p>PROCESADORA CTP PARA PLANCHAS TERMALES Y CONVENCIONALES &nbsp; EXQUISITO DISE\u00d1O Y RESISTENTE MATERIAL DURALUMIN Construida con materiales Duralumin altamente resistentes al \u00e1cido y tanque de PVC en su interior, esta procesadora para planchas esta dise\u00f1ada para una larga vida operativa. CONTROLES ELECTR\u00d3NICOS PRECISOS Equipado con control PLC Siemens, la procesadora opera el proceso revelado-lavado-engomado-secado en [&hellip;]<\/p>\n","protected":false},"featured_media":1107,"template":"","meta":{"pagelayer_contact_templates":[],"_pagelayer_content":""},"product_brand":[],"product_cat":[26],"product_tag":[],"class_list":{"0":"post-1106","1":"product","2":"type-product","3":"status-publish","4":"has-post-thumbnail","6":"product_cat-procesadoras","8":"first","9":"instock","10":"shipping-taxable","11":"product-type-simple"},"_links":{"self":[{"href":"https:\/\/www.alephgraphics.com\/es\/wp-json\/wp\/v2\/product\/1106","targetHints":{"allow":["GET"]}}],"collection":[{"href":"https:\/\/www.alephgraphics.com\/es\/wp-json\/wp\/v2\/product"}],"about":[{"href":"https:\/\/www.alephgraphics.com\/es\/wp-json\/wp\/v2\/types\/product"}],"wp:featuredmedia":[{"embeddable":true,"href":"https:\/\/www.alephgraphics.com\/es\/wp-json\/wp\/v2\/media\/1107"}],"wp:attachment":[{"href":"https:\/\/www.alephgraphics.com\/es\/wp-json\/wp\/v2\/media?parent=1106"}],"wp:term":[{"taxonomy":"product_brand","embeddable":true,"href":"https:\/\/www.alephgraphics.com\/es\/wp-json\/wp\/v2\/product_brand?post=1106"},{"taxonomy":"product_cat","embeddable":true,"href":"https:\/\/www.alephgraphics.com\/es\/wp-json\/wp\/v2\/product_cat?post=1106"},{"taxonomy":"product_tag","embeddable":true,"href":"https:\/\/www.alephgraphics.com\/es\/wp-json\/wp\/v2\/product_tag?post=1106"}],"curies":[{"name":"wp","href":"https:\/\/api.w.org\/{rel}","templated":true}]}}