{"id":1091,"date":"2020-09-14T22:14:52","date_gmt":"2020-09-14T22:14:52","guid":{"rendered":"http:\/\/192.168.1.192:8080\/?post_type=product&#038;p=1091"},"modified":"2020-09-14T22:20:54","modified_gmt":"2020-09-14T22:20:54","slug":"cron-crd-revelado-inteligente","status":"publish","type":"product","link":"https:\/\/www.alephgraphics.com\/es\/producto\/cron-crd-revelado-inteligente\/","title":{"rendered":"CRON CRD Revelado inteligente"},"content":{"rendered":"<h2>Control de Revelado inteligente CRD<\/h2>\n<h3>(CRD Digital Processing Control System)<\/h3>\n<p>El Control de Revelado inteligente CRD patentado por CRON utiliza tecnolog\u00eda de vanguardia en la detecci\u00f3n y automatizaci\u00f3n del control y monitoreo de las funciones del procesado de planchas en forma din\u00e1mica y en tiempo real.<\/p>\n<p>El CRD actuar\u00e1 sobre la condici\u00f3n del revelador, temperatura, cantidad de planchas, tiempo de revelado y otros datos de control, tomando decisiones inteligentes sobre el procesado y automatizando las necesidades de remplazo.<\/p>\n","protected":false},"excerpt":{"rendered":"<p>Control de Revelado inteligente CRD (CRD Digital Processing Control System) El Control de Revelado inteligente CRD patentado por CRON utiliza tecnolog\u00eda de vanguardia en la detecci\u00f3n y automatizaci\u00f3n del control y monitoreo de las funciones del procesado de planchas en forma din\u00e1mica y en tiempo real. El CRD actuar\u00e1 sobre la condici\u00f3n del revelador, temperatura, [&hellip;]<\/p>\n","protected":false},"featured_media":1092,"template":"","meta":{"pagelayer_contact_templates":[],"_pagelayer_content":""},"product_brand":[],"product_cat":[52,26],"product_tag":[],"class_list":{"0":"post-1091","1":"product","2":"type-product","3":"status-publish","4":"has-post-thumbnail","6":"product_cat-cron","7":"product_cat-procesadoras","9":"first","10":"instock","11":"shipping-taxable","12":"product-type-simple"},"_links":{"self":[{"href":"https:\/\/www.alephgraphics.com\/es\/wp-json\/wp\/v2\/product\/1091","targetHints":{"allow":["GET"]}}],"collection":[{"href":"https:\/\/www.alephgraphics.com\/es\/wp-json\/wp\/v2\/product"}],"about":[{"href":"https:\/\/www.alephgraphics.com\/es\/wp-json\/wp\/v2\/types\/product"}],"wp:featuredmedia":[{"embeddable":true,"href":"https:\/\/www.alephgraphics.com\/es\/wp-json\/wp\/v2\/media\/1092"}],"wp:attachment":[{"href":"https:\/\/www.alephgraphics.com\/es\/wp-json\/wp\/v2\/media?parent=1091"}],"wp:term":[{"taxonomy":"product_brand","embeddable":true,"href":"https:\/\/www.alephgraphics.com\/es\/wp-json\/wp\/v2\/product_brand?post=1091"},{"taxonomy":"product_cat","embeddable":true,"href":"https:\/\/www.alephgraphics.com\/es\/wp-json\/wp\/v2\/product_cat?post=1091"},{"taxonomy":"product_tag","embeddable":true,"href":"https:\/\/www.alephgraphics.com\/es\/wp-json\/wp\/v2\/product_tag?post=1091"}],"curies":[{"name":"wp","href":"https:\/\/api.w.org\/{rel}","templated":true}]}}