{"id":1088,"date":"2020-09-14T22:03:12","date_gmt":"2020-09-14T22:03:12","guid":{"rendered":"http:\/\/192.168.1.192:8080\/?post_type=product&#038;p=1088"},"modified":"2020-09-15T20:09:40","modified_gmt":"2020-09-15T20:09:40","slug":"xante-ilumina-hwc","status":"publish","type":"product","link":"https:\/\/www.alephgraphics.com\/es\/producto\/xante-ilumina-hwc\/","title":{"rendered":"XANT\u00c9 Ilumina HWC con PlateMaker 7"},"content":{"rendered":"<h2><strong>XANT\u00c9 Ilumina HWC \/ PlateMaker 7<\/strong><\/h2>\n<p>El PlateMaker 7 CTP System es una soluci\u00f3n asequible que te permite realizar placas de polyester de alta calidad y alta resoluci\u00f3n sin procesamiento o productos qu\u00edmicos. Tambi\u00e9n para imprimir acetatos para copiar planchas en sustituci\u00f3n del film. La soluci\u00f3n completa incluye iQueue Ultimate Workflow que agiliza todo el proceso de producci\u00f3n de planchas.<\/p>\n","protected":false},"excerpt":{"rendered":"<p>XANT\u00c9 Ilumina HWC \/ PlateMaker 7 El PlateMaker 7 CTP System es una soluci\u00f3n asequible que te permite realizar placas de polyester de alta calidad y alta resoluci\u00f3n sin procesamiento o productos qu\u00edmicos. Tambi\u00e9n para imprimir acetatos para copiar planchas en sustituci\u00f3n del film. La soluci\u00f3n completa incluye iQueue Ultimate Workflow que agiliza todo el [&hellip;]<\/p>\n","protected":false},"featured_media":1089,"template":"","meta":{"pagelayer_contact_templates":[],"_pagelayer_content":""},"product_brand":[],"product_cat":[40],"product_tag":[],"class_list":{"0":"post-1088","1":"product","2":"type-product","3":"status-publish","4":"has-post-thumbnail","6":"product_cat-impresion-digital","8":"first","9":"instock","10":"shipping-taxable","11":"product-type-simple"},"_links":{"self":[{"href":"https:\/\/www.alephgraphics.com\/es\/wp-json\/wp\/v2\/product\/1088","targetHints":{"allow":["GET"]}}],"collection":[{"href":"https:\/\/www.alephgraphics.com\/es\/wp-json\/wp\/v2\/product"}],"about":[{"href":"https:\/\/www.alephgraphics.com\/es\/wp-json\/wp\/v2\/types\/product"}],"wp:featuredmedia":[{"embeddable":true,"href":"https:\/\/www.alephgraphics.com\/es\/wp-json\/wp\/v2\/media\/1089"}],"wp:attachment":[{"href":"https:\/\/www.alephgraphics.com\/es\/wp-json\/wp\/v2\/media?parent=1088"}],"wp:term":[{"taxonomy":"product_brand","embeddable":true,"href":"https:\/\/www.alephgraphics.com\/es\/wp-json\/wp\/v2\/product_brand?post=1088"},{"taxonomy":"product_cat","embeddable":true,"href":"https:\/\/www.alephgraphics.com\/es\/wp-json\/wp\/v2\/product_cat?post=1088"},{"taxonomy":"product_tag","embeddable":true,"href":"https:\/\/www.alephgraphics.com\/es\/wp-json\/wp\/v2\/product_tag?post=1088"}],"curies":[{"name":"wp","href":"https:\/\/api.w.org\/{rel}","templated":true}]}}