{"id":1073,"date":"2020-09-14T20:17:40","date_gmt":"2020-09-14T20:17:40","guid":{"rendered":"http:\/\/192.168.1.192:8080\/?post_type=product&#038;p=1073"},"modified":"2020-09-14T20:22:14","modified_gmt":"2020-09-14T20:22:14","slug":"plancha-ctp-offset-termica","status":"publish","type":"product","link":"https:\/\/www.alephgraphics.com\/es\/producto\/plancha-ctp-offset-termica\/","title":{"rendered":"Plancha CTP Offset T\u00e9rmica"},"content":{"rendered":"<p>Placa CTP de compensaci\u00f3n t\u00e9rmica de alta durabilidad<\/p>\n<p>A trav\u00e9s de una tecnolog\u00eda de recubrimiento de dos capas recientemente desarrollada, la plancha CTP Offset Thermal ofrece una calidad y un rendimiento excepcionales para grandes tiradas de impresi\u00f3n, sin necesidad de llamar por tel\u00e9fono. La plancha ofrece una reproducci\u00f3n tonal precisa y de alta resoluci\u00f3n en los entornos de impresi\u00f3n m\u00e1s exigentes, como la tinta UV y los sustitutos del alcohol. La tecnolog\u00eda de vanguardia tambi\u00e9n ofrece una amplia latitud de procesamiento para una excelente estabilidad y capacidad de imagen FM. La placa offset CTP t\u00e9rmica es adecuada para una amplia gama de aplicaciones comerciales, de peri\u00f3dicos y de embalaje, y es ideal para los clientes que necesitan una placa CTP t\u00e9rmica robusta.<\/p>\n<p>&nbsp;<\/p>\n<p>&nbsp;<\/p>\n","protected":false},"excerpt":{"rendered":"<p>Placa CTP de compensaci\u00f3n t\u00e9rmica de alta durabilidad A trav\u00e9s de una tecnolog\u00eda de recubrimiento de dos capas recientemente desarrollada, la plancha CTP Offset Thermal ofrece una calidad y un rendimiento excepcionales para grandes tiradas de impresi\u00f3n, sin necesidad de llamar por tel\u00e9fono. La plancha ofrece una reproducci\u00f3n tonal precisa y de alta resoluci\u00f3n en [&hellip;]<\/p>\n","protected":false},"featured_media":1054,"template":"","meta":{"pagelayer_contact_templates":[],"_pagelayer_content":""},"product_brand":[],"product_cat":[39,42],"product_tag":[],"class_list":{"0":"post-1073","1":"product","2":"type-product","3":"status-publish","4":"has-post-thumbnail","6":"product_cat-insumos-graficos","7":"product_cat-planchas-para-ctp","9":"first","10":"instock","11":"shipping-taxable","12":"product-type-simple"},"_links":{"self":[{"href":"https:\/\/www.alephgraphics.com\/es\/wp-json\/wp\/v2\/product\/1073","targetHints":{"allow":["GET"]}}],"collection":[{"href":"https:\/\/www.alephgraphics.com\/es\/wp-json\/wp\/v2\/product"}],"about":[{"href":"https:\/\/www.alephgraphics.com\/es\/wp-json\/wp\/v2\/types\/product"}],"wp:featuredmedia":[{"embeddable":true,"href":"https:\/\/www.alephgraphics.com\/es\/wp-json\/wp\/v2\/media\/1054"}],"wp:attachment":[{"href":"https:\/\/www.alephgraphics.com\/es\/wp-json\/wp\/v2\/media?parent=1073"}],"wp:term":[{"taxonomy":"product_brand","embeddable":true,"href":"https:\/\/www.alephgraphics.com\/es\/wp-json\/wp\/v2\/product_brand?post=1073"},{"taxonomy":"product_cat","embeddable":true,"href":"https:\/\/www.alephgraphics.com\/es\/wp-json\/wp\/v2\/product_cat?post=1073"},{"taxonomy":"product_tag","embeddable":true,"href":"https:\/\/www.alephgraphics.com\/es\/wp-json\/wp\/v2\/product_tag?post=1073"}],"curies":[{"name":"wp","href":"https:\/\/api.w.org\/{rel}","templated":true}]}}