{"id":1063,"date":"2020-09-14T20:14:13","date_gmt":"2020-09-14T20:14:13","guid":{"rendered":"http:\/\/192.168.1.192:8080\/?post_type=product&#038;p=1063"},"modified":"2021-04-26T13:13:45","modified_gmt":"2021-04-26T13:13:45","slug":"polimero-letterpress-toyobo-printight","status":"publish","type":"product","link":"https:\/\/www.alephgraphics.com\/es\/producto\/polimero-letterpress-toyobo-printight\/","title":{"rendered":"Pol\u00edmero Letterpress TOYOBO Printight (Brasil)"},"content":{"rendered":"<p><strong>TOYOBO<\/strong> ha guiado a la impresi\u00f3n tipogr\u00e1fica (Dry Offset; Tampograf\u00eda) como pionera de la plancha de impresi\u00f3n fotosensible procesada con agua (Water Wash) Printight.<\/p>\n<p>La ventaja decisiva de todo el sistema de placas procesadas con agua es la facilidad de implementaci\u00f3n del proceso tecnol\u00f3gico y su cumplimiento de los requisitos m\u00e1s estrictos para la preservaci\u00f3n del medio ambiente.<\/p>\n<p>Las tecnolog\u00edas avanzadas para la fabricaci\u00f3n de fotopol\u00edmeros han permitido a TOYOBO crear planchas procesadas con agua que son compatibles con todo tipo de tintas de impresi\u00f3n para impresi\u00f3n flexogr\u00e1fica y tipogr\u00e1fica (Dry Offset, Tampograf\u00eda).<\/p>\n<p>TOYOBO, pionero en el desarrollo e implementaci\u00f3n de planchas para impresi\u00f3n flexogr\u00e1fica y tipogr\u00e1fica, produce una amplia gama de planchas procesadas con agua. Las fortalezas son:<\/p>\n<ul>\n<li>Excelente transferencia de tinta.<\/li>\n<li>Alta resistencia al ozono.<\/li>\n<li>Placa de alta resistencia.<\/li>\n<li>Planchas listas para imprimir en 1 hora.<\/li>\n<li>Estabilidad del espesor despu\u00e9s del procesamiento.<\/li>\n<\/ul>\n<p><img loading=\"lazy\" decoding=\"async\" class=\"alignnone wp-image-1067 size-large\" src=\"http:\/\/192.168.1.192:8080\/wp-content\/uploads\/2020\/09\/Printight_foto-2-1024x683.png\" alt=\"\" width=\"800\" height=\"534\" srcset=\"https:\/\/www.alephgraphics.com\/es\/wp-content\/uploads\/2020\/09\/Printight_foto-2-1024x683.png 1024w, https:\/\/www.alephgraphics.com\/es\/wp-content\/uploads\/2020\/09\/Printight_foto-2-416x277.png 416w, https:\/\/www.alephgraphics.com\/es\/wp-content\/uploads\/2020\/09\/Printight_foto-2-300x200.png 300w, https:\/\/www.alephgraphics.com\/es\/wp-content\/uploads\/2020\/09\/Printight_foto-2-768x512.png 768w, https:\/\/www.alephgraphics.com\/es\/wp-content\/uploads\/2020\/09\/Printight_foto-2.png 1200w\" sizes=\"auto, (max-width: 800px) 100vw, 800px\" \/><\/p>\n<p>&nbsp;<\/p>\n<h2>Ventajas del fotopol\u00edmero Letterpress <strong>Printight\u00ae<\/strong><\/h2>\n<h3>1 &#8211; Procesamiento de agua<\/h3>\n<p>Toyobo Printight permite a los clientes de este sistema utilizar agua corriente para lavar. El procesamiento de las planchas TOYOBO Printight\u00ae es extremadamente simple y m\u00e1s r\u00e1pido, y el proceso no requiere medidas especiales para proteger el medio ambiente. Esto da como resultado una calidad de plancha extremadamente uniforme y una reducci\u00f3n del tiempo de trabajo del personal, adem\u00e1s de reducir los costes operativos necesarios para el desarrollo de una plancha de impresi\u00f3n.<\/p>\n<h3>2 &#8211; L\u00e1mina transparente y flexible<\/h3>\n<p>La pel\u00edcula de poli\u00e9ster transparente como material de soporte proporciona una excelente estabilidad dimensional y una f\u00e1cil procesabilidad para las m\u00e1quinas de impresi\u00f3n. Tambi\u00e9n se encuentran disponibles placas base de acero.<\/p>\n<h3>3 &#8211; Revestimiento deslizante especial<\/h3>\n<p>Tiene un revestimiento deslizante especial para obtener un buen contacto entre la placa y la pel\u00edcula negativa. Puede utilizar una pel\u00edcula negativa simple.<\/p>\n<p><img loading=\"lazy\" decoding=\"async\" class=\"aligncenter wp-image-1068 size-large\" src=\"http:\/\/192.168.1.192:8080\/wp-content\/uploads\/2020\/09\/printight_1-1024x659.png\" alt=\"\" width=\"800\" height=\"515\" srcset=\"https:\/\/www.alephgraphics.com\/es\/wp-content\/uploads\/2020\/09\/printight_1-1024x659.png 1024w, https:\/\/www.alephgraphics.com\/es\/wp-content\/uploads\/2020\/09\/printight_1-416x268.png 416w, https:\/\/www.alephgraphics.com\/es\/wp-content\/uploads\/2020\/09\/printight_1-300x193.png 300w, https:\/\/www.alephgraphics.com\/es\/wp-content\/uploads\/2020\/09\/printight_1-768x494.png 768w, https:\/\/www.alephgraphics.com\/es\/wp-content\/uploads\/2020\/09\/printight_1-1536x989.png 1536w, https:\/\/www.alephgraphics.com\/es\/wp-content\/uploads\/2020\/09\/printight_1-2048x1318.png 2048w\" sizes=\"auto, (max-width: 800px) 100vw, 800px\" \/><\/p>\n<p><img loading=\"lazy\" decoding=\"async\" class=\"aligncenter wp-image-1061 size-full\" src=\"http:\/\/192.168.1.192:8080\/wp-content\/uploads\/2020\/09\/estrctura-toyobo.gif\" alt=\"\" width=\"400\" height=\"205\" \/><\/p>\n<h3>Propiedades<\/h3>\n<p><img loading=\"lazy\" decoding=\"async\" class=\"alignnone wp-image-1069 size-full\" src=\"http:\/\/192.168.1.192:8080\/wp-content\/uploads\/2020\/09\/printight-properties-2017.png\" alt=\"\" width=\"600\" height=\"209\" srcset=\"https:\/\/www.alephgraphics.com\/es\/wp-content\/uploads\/2020\/09\/printight-properties-2017.png 600w, https:\/\/www.alephgraphics.com\/es\/wp-content\/uploads\/2020\/09\/printight-properties-2017-416x145.png 416w, https:\/\/www.alephgraphics.com\/es\/wp-content\/uploads\/2020\/09\/printight-properties-2017-300x105.png 300w\" sizes=\"auto, (max-width: 600px) 100vw, 600px\" \/><\/p>\n<p>&nbsp;<\/p>\n<h2>Variedad de planchas anal\u00f3gicas y digitales CtP Printight\u00ae<\/h2>\n<p>TOYOBO produce una amplia gama de planchas Printight\u00ae Letterpress de 0,43 a 2,3 mm de grosor sobre una base de poli\u00e9ster o acero optimizada para imprimir en varios materiales. Estas planchas tambi\u00e9n se conocen en el mercado como planchas \u201cNylon Print\u201d, \u201cplanchas de tampograf\u00eda\u201d, planchas de nylon o simplemente planchas de fotopol\u00edmero.<\/p>\n<p>Las planchas digitales Printight QF y QM CtP utilizan un l\u00e1ser para eliminar la m\u00e1scara negra (LAMS) y permitir que la luz ultravioleta cure el fotopol\u00edmero. Las planchas de impresi\u00f3n CTP Printight\u00ae se pueden utilizar con todos los l\u00e1seres Flexo CtP.<\/p>\n<p>El resultado del uso de planchas Printight\u00ae es una alta calidad de impresi\u00f3n gracias al punto superior plano, la baja ganancia de punto y la alta transferencia de tinta.<\/p>\n<p>La plancha de impresi\u00f3n Toyobo CTP Printight\u00ae QF tiene una base de poli\u00e9ster y est\u00e1 disponible en varios espesores y durezas. Como ocurre con todos los dem\u00e1s productos fotopol\u00edmeros de TOYOBO, la principal ventaja es que no se utilizan disolventes en el proceso de preparaci\u00f3n y que el lavado se realiza con agua.<\/p>\n<p>TOYOBO CTP Printight\u00ae QM es adecuada para muchas aplicaciones especializadas. La hoja Printight\u00ae QM tiene una base de metal y est\u00e1 disponible en diferentes espesores y durezas. La ventaja de utilizar planchas de impresi\u00f3n Printight\u00ae QM es la alta calidad de los detalles: 175 LPI. El uso de fotopol\u00edmeros mejora la flexibilidad y reduce los costos operativos.<\/p>\n<p>Las planchas TOYOBO Printight\u00ae se utilizan ampliamente para imprimir en etiquetas, pegatinas, tazas, latas, cubos, tapas de botellas, as\u00ed como para tampograf\u00eda, gofrado y barnizado.<\/p>\n<p>La \u00faltima generaci\u00f3n de estas planchas de pol\u00edmero japon\u00e9s ofrece una flexibilidad y resistencia excepcionales, una mejor reproducci\u00f3n incluso de los medios tonos m\u00e1s peque\u00f1os, una superficie m\u00e1s suave despu\u00e9s del procesamiento y resoluciones m\u00e1s altas (hasta 200 lpi \/ 1% para planchas CtP y 175 lpi \/ 1% para tarjetas anal\u00f3gicas). Esto hace posible reproducir incluso los detalles m\u00e1s precisos en ejecuciones donde la calidad es primordial.<\/p>\n<p>La gama de productos actual incluye m\u00e1s de 200 planchas para satisfacer las necesidades de cada cliente. Las durezas Shore D est\u00e1n disponibles desde 25 \u00b0 a 80 \u00b0 Shore D. Las placas est\u00e1n disponibles en tama\u00f1os est\u00e1ndar A-1, A-2, A-3 y A-4, 600x800mm, 635 \u00d7 815mm, y muchos otros especialmente adaptados para las necesidades del cliente. Otras medidas utilizadas para la tampograf\u00eda son: 80x80mm, 100x100mm, 100x200mm etc.<\/p>\n<p><img loading=\"lazy\" decoding=\"async\" class=\"alignnone wp-image-1070 size-full\" src=\"http:\/\/192.168.1.192:8080\/wp-content\/uploads\/2020\/09\/printight-types-2017.png\" alt=\"\" width=\"1122\" height=\"836\" srcset=\"https:\/\/www.alephgraphics.com\/es\/wp-content\/uploads\/2020\/09\/printight-types-2017.png 1122w, https:\/\/www.alephgraphics.com\/es\/wp-content\/uploads\/2020\/09\/printight-types-2017-416x310.png 416w, https:\/\/www.alephgraphics.com\/es\/wp-content\/uploads\/2020\/09\/printight-types-2017-300x224.png 300w, https:\/\/www.alephgraphics.com\/es\/wp-content\/uploads\/2020\/09\/printight-types-2017-1024x763.png 1024w, https:\/\/www.alephgraphics.com\/es\/wp-content\/uploads\/2020\/09\/printight-types-2017-768x572.png 768w\" sizes=\"auto, (max-width: 1122px) 100vw, 1122px\" \/><\/p>\n<p><img loading=\"lazy\" decoding=\"async\" class=\"alignnone wp-image-1071 size-full\" src=\"http:\/\/192.168.1.192:8080\/wp-content\/uploads\/2020\/09\/table_printight-1.gif\" alt=\"\" width=\"551\" height=\"722\" \/><\/p>\n<div class=\"QmZWSe\">\n<div class=\"DHcWmd\"><\/div>\n<\/div>\n<div class=\"oSioSc\">\n<div id=\"tw-target\">\n<div id=\"kAz1tf\" class=\"g9WsWb\">\n<div id=\"tw-target-text-container\" class=\"tw-ta-container hide-focus-ring tw-nfl\" tabindex=\"0\">\n<h2 id=\"tw-target-text\" class=\"tw-data-text tw-text-large XcVN5d tw-ta\" dir=\"ltr\" data-placeholder=\"Traducci\u00f3n\"><span lang=\"es\">Proceso de grabado de placa de impresi\u00f3n tipogr\u00e1fica <\/span><\/h2>\n<p class=\"tw-data-text tw-text-large XcVN5d tw-ta\" dir=\"ltr\" data-placeholder=\"Traducci\u00f3n\"><span lang=\"es\">Procesamiento de agua<\/span><\/p>\n<\/div>\n<\/div>\n<\/div>\n<\/div>\n","protected":false},"excerpt":{"rendered":"<p>TOYOBO ha guiado a la impresi\u00f3n tipogr\u00e1fica (Dry Offset; Tampograf\u00eda) como pionera de la plancha de impresi\u00f3n fotosensible procesada con agua (Water Wash) Printight. La ventaja decisiva de todo el sistema de placas procesadas con agua es la facilidad de implementaci\u00f3n del proceso tecnol\u00f3gico y su cumplimiento de los requisitos m\u00e1s estrictos para la preservaci\u00f3n [&hellip;]<\/p>\n","protected":false},"featured_media":1064,"template":"","meta":{"pagelayer_contact_templates":[],"_pagelayer_content":""},"product_brand":[],"product_cat":[35,39],"product_tag":[],"class_list":{"0":"post-1063","1":"product","2":"type-product","3":"status-publish","4":"has-post-thumbnail","6":"product_cat-insumos-flexo","7":"product_cat-insumos-graficos","9":"first","10":"instock","11":"shipping-taxable","12":"product-type-simple"},"_links":{"self":[{"href":"https:\/\/www.alephgraphics.com\/es\/wp-json\/wp\/v2\/product\/1063","targetHints":{"allow":["GET"]}}],"collection":[{"href":"https:\/\/www.alephgraphics.com\/es\/wp-json\/wp\/v2\/product"}],"about":[{"href":"https:\/\/www.alephgraphics.com\/es\/wp-json\/wp\/v2\/types\/product"}],"wp:featuredmedia":[{"embeddable":true,"href":"https:\/\/www.alephgraphics.com\/es\/wp-json\/wp\/v2\/media\/1064"}],"wp:attachment":[{"href":"https:\/\/www.alephgraphics.com\/es\/wp-json\/wp\/v2\/media?parent=1063"}],"wp:term":[{"taxonomy":"product_brand","embeddable":true,"href":"https:\/\/www.alephgraphics.com\/es\/wp-json\/wp\/v2\/product_brand?post=1063"},{"taxonomy":"product_cat","embeddable":true,"href":"https:\/\/www.alephgraphics.com\/es\/wp-json\/wp\/v2\/product_cat?post=1063"},{"taxonomy":"product_tag","embeddable":true,"href":"https:\/\/www.alephgraphics.com\/es\/wp-json\/wp\/v2\/product_tag?post=1063"}],"curies":[{"name":"wp","href":"https:\/\/api.w.org\/{rel}","templated":true}]}}