{"id":1050,"date":"2020-09-14T19:09:11","date_gmt":"2020-09-14T19:09:11","guid":{"rendered":"http:\/\/192.168.1.192:8080\/?post_type=product&#038;p=1050"},"modified":"2020-09-14T21:33:25","modified_gmt":"2020-09-14T21:33:25","slug":"fotopolimero-solvente-alephgraphics","status":"publish","type":"product","link":"https:\/\/www.alephgraphics.com\/es\/producto\/fotopolimero-solvente-alephgraphics\/","title":{"rendered":"Fotopol\u00edmero Solvente ALEPHGRAPHICS"},"content":{"rendered":"<p>Plancha <strong>flexogr\u00e1fica digital<\/strong> y anal\u00f3gica a <strong>base de solvente<\/strong>. Fotopol\u00edmero dise\u00f1ado para todo tipo de impresi\u00f3n flexogr\u00e1fica, proporcionando una impresi\u00f3n de alta calidad y mayor productividad. Transferencia de tinta mejorada, proporcionando aceites extremadamente suaves.<\/p>\n<p>Caracter\u00edsticas principales de las planchas de fotopol\u00edmero <strong>ALEPHGRAPHICS<\/strong>:<\/p>\n<p>\u2022 Fidelidad de imagen para reproducci\u00f3n de gr\u00e1ficos y medios tonos de alta calidad en todos los espesores.<br \/>\n\u2022 Impresi\u00f3n uniforme a todas las velocidades.<br \/>\n\u2022 Alta resiliencia y buena resistencia a los impactos mec\u00e1nicos proporcionan una excelente durabilidad.<br \/>\n\u2022 Excelente transferencia de tinta.<br \/>\n\u2022 Apto para etiquetas, r\u00f3tulos, envases flexibles, bolsas, cartones plegables, films, etc.<\/p>\n<h2>Especificaciones t\u00e9cnicas de la placa flexogr\u00e1fica de solvente digital:<\/h2>\n<p><img loading=\"lazy\" decoding=\"async\" class=\"wp-image-1052 size-full alignnone\" src=\"http:\/\/192.168.1.192:8080\/wp-content\/uploads\/2020\/09\/digital-flexo-plate-solvent-alephgraphics.jpeg\" alt=\"\" width=\"961\" height=\"382\" srcset=\"https:\/\/www.alephgraphics.com\/es\/wp-content\/uploads\/2020\/09\/digital-flexo-plate-solvent-alephgraphics.jpeg 961w, https:\/\/www.alephgraphics.com\/es\/wp-content\/uploads\/2020\/09\/digital-flexo-plate-solvent-alephgraphics-416x165.jpeg 416w, https:\/\/www.alephgraphics.com\/es\/wp-content\/uploads\/2020\/09\/digital-flexo-plate-solvent-alephgraphics-300x119.jpeg 300w, https:\/\/www.alephgraphics.com\/es\/wp-content\/uploads\/2020\/09\/digital-flexo-plate-solvent-alephgraphics-768x305.jpeg 768w\" sizes=\"auto, (max-width: 961px) 100vw, 961px\" \/><\/p>\n<p>Aplicaciones: Embalaje flexible, Etiquetas; Etiquetas colgantes; Corrugado, Rafia, etc.<br \/>\nEspesor (mm): 1,14; 1,70; 2,28; 2,54; 2,84; 3,18; 3,94; 4,70; 5,50; 6,35<br \/>\nReproducci\u00f3n de im\u00e1genes 1 ~ 98%<br \/>\nLineatura: 175 lpp<br \/>\nL\u00ednea m\u00ednima aislada 0,1 mm<br \/>\nPunto aislado m\u00ednimo 0,15 mm<br \/>\nTama\u00f1o m\u00e1ximo (pulgadas \/ mm) 52 \u00d7 80\/1320 \u00d7 2032<\/p>\n<p>&nbsp;<\/p>\n<h2>Especificaciones t\u00e9cnicas de la placa flexogr\u00e1fica de solvente an\u00e1loga:<\/h2>\n<p><img loading=\"lazy\" decoding=\"async\" class=\"alignnone wp-image-1051 size-full\" src=\"http:\/\/192.168.1.192:8080\/wp-content\/uploads\/2020\/09\/analog-flexo-plate-solvent-alephgraphics.jpeg\" alt=\"\" width=\"961\" height=\"442\" srcset=\"https:\/\/www.alephgraphics.com\/es\/wp-content\/uploads\/2020\/09\/analog-flexo-plate-solvent-alephgraphics.jpeg 961w, https:\/\/www.alephgraphics.com\/es\/wp-content\/uploads\/2020\/09\/analog-flexo-plate-solvent-alephgraphics-416x191.jpeg 416w, https:\/\/www.alephgraphics.com\/es\/wp-content\/uploads\/2020\/09\/analog-flexo-plate-solvent-alephgraphics-300x138.jpeg 300w, https:\/\/www.alephgraphics.com\/es\/wp-content\/uploads\/2020\/09\/analog-flexo-plate-solvent-alephgraphics-768x353.jpeg 768w\" sizes=\"auto, (max-width: 961px) 100vw, 961px\" \/><\/p>\n<p>Aplicaciones: Embalaje flexible, Etiquetas; Etiquetas colgantes; Corrugado, Rafia, etc.<br \/>\nEspesor (mm): 1,70; 2,28; 2,54; 2,84; 3,18; 3,94; 4,70; 5,00; 5,50; 6,35; 7.00<br \/>\nReproducci\u00f3n de imagen 2 ~ 95%<br \/>\nLineatura: 133 lpp<br \/>\nL\u00ednea aislada m\u00ednima 0,15 mm<br \/>\nPunto m\u00ednimo aislado 0,25 mm<br \/>\nTama\u00f1o m\u00e1ximo (pulgadas \/ mm) 52 \u00d7 80\/1320 \u00d7 2032<\/p>\n<p>Los fotopol\u00edmeros ALEPHGRAPHICS son adecuadas para todas las tintas de impresi\u00f3n a base de agua y de alcohol (contenido de acetato de etilo preferiblemente por debajo del 15%, contenido de cetonas preferiblemente por debajo del 5%, no dise\u00f1ado para tintas solventes o UV).<\/p>\n","protected":false},"excerpt":{"rendered":"<p>Plancha flexogr\u00e1fica digital y anal\u00f3gica a base de solvente. Fotopol\u00edmero dise\u00f1ado para todo tipo de impresi\u00f3n flexogr\u00e1fica, proporcionando una impresi\u00f3n de alta calidad y mayor productividad. Transferencia de tinta mejorada, proporcionando aceites extremadamente suaves. Caracter\u00edsticas principales de las planchas de fotopol\u00edmero ALEPHGRAPHICS: \u2022 Fidelidad de imagen para reproducci\u00f3n de gr\u00e1ficos y medios tonos de alta [&hellip;]<\/p>\n","protected":false},"featured_media":1053,"template":"","meta":{"pagelayer_contact_templates":[],"_pagelayer_content":""},"product_brand":[],"product_cat":[35,39],"product_tag":[],"class_list":{"0":"post-1050","1":"product","2":"type-product","3":"status-publish","4":"has-post-thumbnail","6":"product_cat-insumos-flexo","7":"product_cat-insumos-graficos","9":"first","10":"instock","11":"shipping-taxable","12":"product-type-simple"},"_links":{"self":[{"href":"https:\/\/www.alephgraphics.com\/es\/wp-json\/wp\/v2\/product\/1050","targetHints":{"allow":["GET"]}}],"collection":[{"href":"https:\/\/www.alephgraphics.com\/es\/wp-json\/wp\/v2\/product"}],"about":[{"href":"https:\/\/www.alephgraphics.com\/es\/wp-json\/wp\/v2\/types\/product"}],"wp:featuredmedia":[{"embeddable":true,"href":"https:\/\/www.alephgraphics.com\/es\/wp-json\/wp\/v2\/media\/1053"}],"wp:attachment":[{"href":"https:\/\/www.alephgraphics.com\/es\/wp-json\/wp\/v2\/media?parent=1050"}],"wp:term":[{"taxonomy":"product_brand","embeddable":true,"href":"https:\/\/www.alephgraphics.com\/es\/wp-json\/wp\/v2\/product_brand?post=1050"},{"taxonomy":"product_cat","embeddable":true,"href":"https:\/\/www.alephgraphics.com\/es\/wp-json\/wp\/v2\/product_cat?post=1050"},{"taxonomy":"product_tag","embeddable":true,"href":"https:\/\/www.alephgraphics.com\/es\/wp-json\/wp\/v2\/product_tag?post=1050"}],"curies":[{"name":"wp","href":"https:\/\/api.w.org\/{rel}","templated":true}]}}