{"id":2192,"date":"2022-07-22T22:44:17","date_gmt":"2022-07-22T22:44:17","guid":{"rendered":"https:\/\/www.alephgraphics.com\/es\/?page_id=2192"},"modified":"2022-08-03T20:26:35","modified_gmt":"2022-08-03T20:26:35","slug":"summit","status":"publish","type":"page","link":"https:\/\/www.alephgraphics.com\/es\/summit\/","title":{"rendered":"Summit"},"content":{"rendered":"<header class=\"entry-header text-center p-5\">\n<h1 class=\"entry-title p-3\">Summit Graphics<\/h1>\n<p><span class=\"text-muted\"><br \/>\nContamos con todos los productos que necesitas para la producci\u00f3n de pol\u00edmeros.<br \/>\n<\/span><\/p>\n<\/header>\n<p><!-- Featurette divider --><\/p>\n<hr class=\"featurette-divider\" \/>\n<div class=\"container marketing\">\n<div class=\"row featurette\">\n<div class=\"col-md-7\">\n<h2 class=\"featurette-heading fw-normal lh-1\"><a class=\"text-decoration-none\" href=\"https:\/\/www.alephgraphics.com\/es\/showcase\/summit-graphics-pure-uva-led-dual-side\/\"><br \/>\nExpositora Pure UVA-LED Dual Side<\/a><\/h2>\n<p><span class=\"text-muted\"><br \/>\nEquipos fabricados con la nueva tecnolog\u00eda LED UV-A<\/span><\/p>\n<p class=\"lead\">La expositora Pure UVA-LED Dual Side tiene como principal carcter\u00edstica la exposici\u00f3n doble de frente y dorso, ideal para acabados de alta calidad en tus pol\u00edmeros.<\/p>\n<p> <a href=\"https:\/\/www.alephgraphics.com\/es\/showcase\/summit-graphics-pure-uva-led-dual-side\/\"\n                class=\" text-decoration-none btn btn-outline-primary\"> M\u00e1s informaci\u00f3n&#8230;<\/a>\n<\/div>\n<div class=\"col-md-5\"><a href=\"https:\/\/www.alephgraphics.com\/es\/showcase\/summit-graphics-pure-uva-led-dual-side\/\"><br \/>\n<img loading=\"lazy\" decoding=\"async\" class=\"featurette-image img-fluid mx-auto shadow-lg\" src=\"https:\/\/www.alephgraphics.com\/es\/wp-content\/uploads\/2022\/08\/Summit-PureUVA-LED-DS-500px.webp\" width=\"500\" height=\"500\" \/><br \/>\n<\/a><\/div>\n<\/div>\n<p><!-- Featurette divider --><\/p>\n<hr class=\"featurette-divider\" \/>\n<div class=\"row featurette\">\n<div class=\"col-md-7 order-md-2\">\n<h2 class=\"featurette-heading fw-normal lh-1\"><a class=\"text-decoration-none\" href=\"https:\/\/www.alephgraphics.com\/es\/showcase\/summit-graphics-pure-uva-led\/\"><br \/>\nExpositora Pure UVA-LED<\/a><\/h2>\n<p><span class=\"text-muted\"><br \/>\nLa tecnolog\u00eda UV-A LED ofrece una mejor uniformidad en todo el ancho de exposici\u00f3n.<br \/>\n<\/span><\/p>\n<p class=\"lead\">La expositora Pure UVA-LED posee un esc\u00e1ner con una potencia 20 veces mayor a sistemas convencionales.<\/p>\n<p> <a href=\"https:\/\/www.alephgraphics.com\/es\/showcase\/summit-graphics-pure-uva-led\/\"\n                class=\" text-decoration-none btn btn-outline-primary\"> M\u00e1s informaci\u00f3n&#8230;<\/a><\/p>\n<\/div>\n<div class=\"col-md-5 order-md-1\"><a href=\"https:\/\/www.alephgraphics.com\/es\/showcase\/summit-graphics-pure-uva-led\/\"><br \/>\n<img loading=\"lazy\" decoding=\"async\" class=\"featurette-image img-fluid mx-auto shadow-lg\" src=\"https:\/\/www.alephgraphics.com\/es\/wp-content\/uploads\/2022\/08\/Summit-PureUVA-LED-500px.webp\" width=\"500\" height=\"500\" \/><br \/>\n<\/a><\/div>\n<\/div>\n<p><!-- Featurette divider --><\/p>\n<hr class=\"featurette-divider\" \/>\n<div class=\"row featurette\">\n<div class=\"col-md-7\">\n<h2 class=\"featurette-heading fw-normal lh-1\"><a class=\"text-decoration-none\" href=\"https:\/\/www.alephgraphics.com\/es\/showcase\/summit-graphic-lpd\/\"><br \/>\nLavadora de Pol\u00edmeros LPD<\/a><\/h2>\n<p><span class=\"text-muted\"><br \/>\nLavadora en l\u00ednea de pol\u00edmeros digitales.<br \/>\n<\/span><\/p>\n<p class=\"lead\">El equipo LPD posee un sistema de pre-lavado de capa negra para pol\u00edmeros digitales.<\/p>\n<p>\n <a href=\"https:\/\/www.alephgraphics.com\/es\/showcase\/summit-graphic-lpd\/\"\n                class=\" text-decoration-none btn btn-outline-primary\"> M\u00e1s informaci\u00f3n&#8230;<\/a><\/p>\n<\/div>\n<div class=\"col-md-5\"><a href=\"https:\/\/www.alephgraphics.com\/es\/showcase\/summit-graphics-lpd\/\"><br \/>\n<img loading=\"lazy\" decoding=\"async\" class=\"featurette-image img-fluid mx-auto shadow-lg\" src=\"https:\/\/www.alephgraphics.com\/es\/wp-content\/uploads\/2022\/08\/Summit-LPD-500px.webp\" width=\"500\" height=\"500\" \/><br \/>\n<\/a><\/div>\n<\/div>\n<p><!-- Featurette divider --><\/p>\n<hr class=\"featurette-divider\" \/>\n<div class=\"row featurette\">\n<div class=\"col-md-7 order-md-2\">\n<h2 class=\"featurette-heading fw-normal lh-1\"><a class=\"text-decoration-none\" href=\"https:\/\/www.alephgraphics.com\/es\/showcase\/summit-graphics-lpca\/\"><br \/>\nLavadora de Pol\u00edmeros LPCA<\/a><\/h2>\n<p><span class=\"text-muted\"><br \/>\nLavadora en \u00ednea de pol\u00edmeros convencionales anal\u00f3gicos.<br \/>\n<\/span><\/p>\n<p class=\"lead\">El equipo LPCA posee un sistema en l\u00ednea de lavado y secado, a un costo accesible. <\/p>\n<p> <a href=\"https:\/\/www.alephgraphics.com\/es\/showcase\/summit-graphics-lpca\/\"\n                class=\" text-decoration-none btn btn-outline-primary\"> M\u00e1s informaci\u00f3n&#8230;<\/a><\/p>\n<\/div>\n<div class=\"col-md-5 order-md-1\"><a href=\"https:\/\/www.alephgraphics.com\/es\/showcase\/summit-graphics-lpca\/\"><br \/>\n<img loading=\"lazy\" decoding=\"async\" class=\"featurette-image img-fluid mx-auto shadow-lg\" src=\"https:\/\/www.alephgraphics.com\/es\/wp-content\/uploads\/2022\/08\/Summit-LPCA-500px.webp\" width=\"500\" height=\"500\" \/><br \/>\n<\/a><\/div>\n<\/div>\n<p><!-- Featurette divider --><\/p>\n<hr class=\"featurette-divider\" \/>\n<div class=\"row featurette\">\n<div class=\"col-md-7\">\n<h2 class=\"featurette-heading fw-normal lh-1\"><a class=\"text-decoration-none\" href=\" https:\/\/www.alephgraphics.com\/es\/showcase\/summit-graphics-postfpd\/\"><br \/>\nUnidad de Post-Procesamiento PostFPD<\/a><\/h2>\n<p><span class=\"text-muted\"><br \/>\nAnti-tack UV-C y horno de secado de pol\u00edmeros.<br \/>\n<\/span><\/p>\n<p class=\"lead\">El equipo Post-FPD nos permite realizar los procesos Anti-Tack y secado en una sola m\u00e1quina, lo que aporta m\u00e1s estabilidad en todo el proceso.<\/p>\n<p> <a href=\" https:\/\/www.alephgraphics.com\/es\/showcase\/summit-graphics-postfpd\/\"\n                class=\" text-decoration-none btn btn-outline-primary\"> M\u00e1s informaci\u00f3n&#8230;<\/a><\/p>\n<\/div>\n<div class=\"col-md-5\"><a href=\" https:\/\/www.alephgraphics.com\/es\/showcase\/summit-graphics-postfpd\/\"><br \/>\n<img loading=\"lazy\" decoding=\"async\" class=\"featurette-image img-fluid mx-auto shadow-lg\" src=\"https:\/\/www.alephgraphics.com\/es\/wp-content\/uploads\/2022\/08\/Summit-PostPFD-500px.webp\" width=\"500\" height=\"500\" \/><br \/>\n<\/a><\/div>\n<\/div>\n<p><!-- Featurette divider --><\/p>\n<hr class=\"featurette-divider\" \/>\n<div class=\"row featurette\">\n<div class=\"col-md-7 order-md-2\">\n<h2 class=\"featurette-heading fw-normal lh-1\"><a class=\"text-decoration-none\" href=\"https:\/\/www.alephgraphics.com\/es\/showcase\/summit-graphics-ecorec-4\/\"><br \/>\nRecicladora EcoRec4<\/a><\/h2>\n<p><span class=\"text-muted\"><br \/>\nReciladora de solvente, minimiza costos en solvente y cuida al medio ambiente.<br \/>\n<\/span><\/p>\n<p class=\"lead\">La recicladora de solvente EcoRec 4 le da al que la posee un costo-beneficio altamente positivo, ahorrando altas sumas de dinero mensualente, lo que hace que la ecuaci\u00f3n de toda una empresa tengan sentido.<\/p>\n<p> <a href=\"https:\/\/www.alephgraphics.com\/es\/showcase\/summit-graphics-ecorec-4\/\"\n                class=\" text-decoration-none btn btn-outline-primary\"> M\u00e1s informaci\u00f3n&#8230;<\/a><\/p>\n<\/div>\n<div class=\"col-md-5 order-md-1\"><a href=\"https:\/\/www.alephgraphics.com\/es\/showcase\/summit-graphics-ecorec-4\/\/\"><br \/>\n<img loading=\"lazy\" decoding=\"async\" class=\"featurette-image img-fluid mx-auto shadow-lg\" src=\"https:\/\/www.alephgraphics.com\/es\/wp-content\/uploads\/2022\/08\/Summit-EcoRec4-500px.webp\" width=\"500\" height=\"500\" \/><br \/>\n<\/a><\/div>\n<\/div>\n<p><!-- Featurette divider --><\/p>\n<hr class=\"featurette-divider\" \/>\n<\/div>\n","protected":false},"excerpt":{"rendered":"<p>Summit Graphics Contamos con todos los productos que necesitas para la producci\u00f3n de pol\u00edmeros. Expositora Pure UVA-LED Dual Side Equipos fabricados con la nueva tecnolog\u00eda LED UV-A La expositora Pure UVA-LED Dual Side tiene como principal carcter\u00edstica la exposici\u00f3n doble de frente y dorso, ideal para acabados de alta calidad en tus pol\u00edmeros. M\u00e1s informaci\u00f3n&#8230; [&hellip;]<\/p>\n","protected":false},"author":2,"featured_media":0,"parent":0,"menu_order":0,"comment_status":"closed","ping_status":"closed","template":"","meta":{"pagelayer_contact_templates":[],"_pagelayer_content":"","footnotes":""},"class_list":["post-2192","page","type-page","status-publish","hentry"],"_links":{"self":[{"href":"https:\/\/www.alephgraphics.com\/es\/wp-json\/wp\/v2\/pages\/2192","targetHints":{"allow":["GET"]}}],"collection":[{"href":"https:\/\/www.alephgraphics.com\/es\/wp-json\/wp\/v2\/pages"}],"about":[{"href":"https:\/\/www.alephgraphics.com\/es\/wp-json\/wp\/v2\/types\/page"}],"author":[{"embeddable":true,"href":"https:\/\/www.alephgraphics.com\/es\/wp-json\/wp\/v2\/users\/2"}],"replies":[{"embeddable":true,"href":"https:\/\/www.alephgraphics.com\/es\/wp-json\/wp\/v2\/comments?post=2192"}],"version-history":[{"count":5,"href":"https:\/\/www.alephgraphics.com\/es\/wp-json\/wp\/v2\/pages\/2192\/revisions"}],"predecessor-version":[{"id":2364,"href":"https:\/\/www.alephgraphics.com\/es\/wp-json\/wp\/v2\/pages\/2192\/revisions\/2364"}],"wp:attachment":[{"href":"https:\/\/www.alephgraphics.com\/es\/wp-json\/wp\/v2\/media?parent=2192"}],"curies":[{"name":"wp","href":"https:\/\/api.w.org\/{rel}","templated":true}]}}