{"id":2186,"date":"2022-07-22T22:42:38","date_gmt":"2022-07-22T22:42:38","guid":{"rendered":"https:\/\/www.alephgraphics.com\/es\/?page_id=2186"},"modified":"2022-08-03T17:58:26","modified_gmt":"2022-08-03T17:58:26","slug":"cron-ctp","status":"publish","type":"page","link":"https:\/\/www.alephgraphics.com\/es\/cron-ctp\/","title":{"rendered":"CRON CTP"},"content":{"rendered":"<header class=\"entry-header text-center p-5\">\n<h1 class=\"entry-title p-3\">CRON CTP<\/h1>\n<p>    <span class=\"text-muted\"><br \/>\n        Computer to Plate Digital: Directo a Plancha sin necesidad de Pel\u00edcula.<br \/>\n    <\/span><br \/>\n<\/header>\n<p><!-- Featurette divider --><\/p>\n<hr class=\"featurette-divider\" \/>\n<div class=\"container marketing\">\n<div class=\"row featurette\">\n<div class=\"col-md-7\">\n<h2 class=\"featurette-heading fw-normal lh-1\"><a class=\"text-decoration-none\"\n                    href=\"https:\/\/www.alephgraphics.com\/es\/showcase\/cron-ctp-g\/\"><br \/>\n                    CRON CTP G+<\/a><\/h2>\n<p>            <span class=\"text-muted\"><br \/>\n                CTP de Primer Nivel. Relacion Precio\/Prestaciones incomparable.<br \/>\n            <\/span><\/p>\n<p class=\"lead\">CRON CTP G+ es el siguiente paso en la evoluci\u00f3n de la pre-prensa off-set.<\/p>\n<p>             <a href=\"https:\/\/www.alephgraphics.com\/es\/showcase\/cron-ctp-g\/\"\n    class=\" text-decoration-none btn btn-outline-primary \"> M\u00e1s informaci\u00f3n&#8230;<\/a>\n        <\/div>\n<div class=\"col-md-5\"><a href=\"https:\/\/www.alephgraphics.com\/es\/showcase\/cron-ctp-g\/\"><br \/>\n                <img loading=\"lazy\" decoding=\"async\" class=\"featurette-image img-fluid mx-auto shadow-lg\"\n                    src=\"https:\/\/www.alephgraphics.com\/es\/wp-content\/uploads\/2022\/08\/CRON-CTP-46G-Plus-500px.webp\"\n                    width=\"500\" height=\"500\" \/><br \/>\n            <\/a><\/div>\n<\/p><\/div>\n<p>    <!-- Featurette divider --><\/p>\n<hr class=\"featurette-divider\" \/>\n<div class=\"row featurette\">\n<div class=\"col-md-7 order-md-2\">\n<h2 class=\"featurette-heading fw-normal lh-1\"><a class=\"text-decoration-none\"\n                    href=\"https:\/\/www.alephgraphics.com\/es\/showcase\/cron-ctp-h\/\"><br \/>\n                    CRON CTP H+<\/a><\/h2>\n<p>            <span class=\"text-muted\"><br \/>\n                Automatizaci\u00f3n al alcance de su mano.<br \/>\n            <\/span><\/p>\n<p class=\"lead\">Los equipos mas r\u00e1pidos, mas eficaces, con el mejor retorno de inversi\u00f3n&#8230; y con el precio mas competitivo del mercado.<\/p>\n<p>            <a href=\"https:\/\/www.alephgraphics.com\/es\/showcase\/cron-ctp-h\/\"\n    class=\" text-decoration-none btn btn-outline-primary \"> M\u00e1s informaci\u00f3n&#8230;<\/a>\n        <\/div>\n<div class=\"col-md-5 order-md-1\"><a href=\"https:\/\/www.alephgraphics.com\/es\/showcase\/cron-ctp-h\/\"><br \/>\n                <img loading=\"lazy\" decoding=\"async\" class=\"featurette-image img-fluid mx-auto shadow-lg\"\n                    src=\"https:\/\/www.alephgraphics.com\/es\/wp-content\/uploads\/2022\/08\/CRON-CTP-46H-Plus-500px.webp\"\n                    width=\"500\" height=\"500\" \/><br \/>\n            <\/a><\/div>\n<\/p><\/div>\n<p>    <!-- Featurette divider --><\/p>\n<hr class=\"featurette-divider\" \/>\n<div class=\"row featurette\">\n<div class=\"col-md-7\">\n<h2 class=\"featurette-heading fw-normal lh-1\"><a class=\"text-decoration-none\"\n                    href=\"https:\/\/www.alephgraphics.com\/es\/showcase\/cron-ctp-h-classic\/\"><br \/>\n                    CRON CTP H Classic<\/a><\/h2>\n<p>            <span class=\"text-muted\"><br \/>\n                Equipos que hacen posible el equilibrio entre Automatizaci\u00f3n y Espacio.<br \/>\n            <\/span><\/p>\n<p class=\"lead\">\n                CTP con cargador automatico integrado. Produzca mas en menos espacio&#8230; y en menos tiempo.\n            <\/p>\n<p>            <a href=\"https:\/\/www.alephgraphics.com\/es\/showcase\/cron-ctp-h-classic\/\"\n    class=\" text-decoration-none btn btn-outline-primary \"> M\u00e1s informaci\u00f3n&#8230;<\/a>\n        <\/div>\n<div class=\"col-md-5\"><a href=\"https:\/\/www.alephgraphics.com\/es\/showcase\/cron-ctp-h-classic\/\"><br \/>\n                <img loading=\"lazy\" decoding=\"async\" class=\"featurette-image img-fluid mx-auto shadow-lg\"\n                    src=\"https:\/\/www.alephgraphics.com\/es\/wp-content\/uploads\/2022\/08\/CRON-CTP-46H-500px.webp\"\n                    width=\"500\" height=\"500\" \/><br \/>\n            <\/a><\/div>\n<\/p><\/div>\n<p>    <!-- Featurette divider --><\/p>\n<hr class=\"featurette-divider\" \/>\n<div class=\"row featurette\">\n<div class=\"col-md-7 order-md-2\">\n<h2 class=\"featurette-heading fw-normal lh-1\"><a class=\"text-decoration-none\"\n                    href=\"https:\/\/www.alephgraphics.com\/es\/showcase\/cron-ctp-hn\/\"><br \/>\n                    CRON CTP Hn<\/a><\/h2>\n<p>            <span class=\"text-muted\"><br \/>\n                Mas de 10 a\u00f1os de refinacion e inovacion.<br \/>\n            <\/span><\/p>\n<p class=\"lead\">\n                Mejore su calidad, consistencia y al mismo tiempo reduzca el desperdicio y la perdida de tiempo.\n            <\/p>\n<p>             <a href=\"https:\/\/www.alephgraphics.com\/es\/showcase\/cron-ctp-hn\/\"\n    class=\" text-decoration-none btn btn-outline-primary \"> M\u00e1s informaci\u00f3n&#8230;<\/a><\/p><\/div>\n<div class=\"col-md-5 order-md-1\"><a href=\"https:\/\/www.alephgraphics.com\/es\/showcase\/cron-ctp-hn\/\"><br \/>\n                <img loading=\"lazy\" decoding=\"async\" class=\"featurette-image img-fluid mx-auto shadow-lg\"\n                    src=\"https:\/\/www.alephgraphics.com\/es\/wp-content\/uploads\/2022\/08\/CRON-CTP-46Hn-500px.webp\"\n                    width=\"500\" height=\"500\" \/><br \/>\n            <\/a><\/div>\n<\/p><\/div>\n<p>    <!-- Featurette divider --><\/p>\n<hr class=\"featurette-divider\" \/>\n<div class=\"row featurette\">\n<div class=\"col-md-7\">\n<h2 class=\"featurette-heading fw-normal lh-1\"><a class=\"text-decoration-none\"\n                    href=\"https:\/\/www.alephgraphics.com\/es\/showcase\/cron-ctp-dd\/\"><br \/>\n                    CRON CTP Double Drum<\/a><\/h2>\n<p>            <span class=\"text-muted\"><br \/>\n                El equipo para la producci\u00f3n y velocidad: al maximo.<br \/>\n            <\/span><\/p>\n<p class=\"lead\">Tecnologia verdadera, donde el termino \u00abUltima Generaci\u00f3n\u00bb no logra describir.<\/p>\n<p>            <a href=\"https:\/\/www.alephgraphics.com\/es\/showcase\/cron-ctp-dd\/\"\n    class=\" text-decoration-none btn btn-outline-primary \"> M\u00e1s informaci\u00f3n&#8230;<\/a><\/p><\/div>\n<div class=\"col-md-5\"><a href=\"https:\/\/www.alephgraphics.com\/es\/showcase\/cron-ctp-dd\/\"><br \/>\n                <img loading=\"lazy\" decoding=\"async\" class=\"featurette-image img-fluid mx-auto shadow-lg\"\n                    src=\"https:\/\/www.alephgraphics.com\/es\/wp-content\/uploads\/2022\/08\/CRON-CTP-46-DD-500px.webp\"\n                    width=\"500\" height=\"500\" \/><br \/>\n            <\/a><\/div>\n<\/p><\/div>\n<p>    <!-- Featurette divider --><\/p>\n<hr class=\"featurette-divider\" \/>\n<div class=\"row featurette\">\n<div class=\"col-md-7 order-md-2\">\n<h2 class=\"featurette-heading fw-normal lh-1\"><a class=\"text-decoration-none\"\n                    href=\"https:\/\/www.alephgraphics.com\/es\/showcase\/cron-ctp-vlf-g\/\"><br \/>\n                    CRON CTP VLF G+<\/a><\/h2>\n<p>            <span class=\"text-muted\"><br \/>\n                VLF veloz, agil y dinamico.<br \/>\n            <\/span><\/p>\n<p class=\"lead\">Mejore su calidad, consistencia y al mismo tiempo reduzca el desperdicio y la perdida de tiempo.\n            <\/p>\n<p>           <a href=\"https:\/\/www.alephgraphics.com\/es\/showcase\/cron-ctp-vlf-g\/\"\n    class=\" text-decoration-none btn btn-outline-primary \"> M\u00e1s informaci\u00f3n&#8230;<\/a><\/p><\/div>\n<div class=\"col-md-5 order-md-1\"><a href=\"https:\/\/www.alephgraphics.com\/es\/showcase\/cron-ctp-vlf-g\/\"><br \/>\n                <img loading=\"lazy\" decoding=\"async\" class=\"featurette-image img-fluid mx-auto shadow-lg\"\n                    src=\"https:\/\/www.alephgraphics.com\/es\/wp-content\/uploads\/2022\/08\/CRON-CTP-VLF-46G-Plus-500px.webp\"\n                    width=\"500\" height=\"500\" \/><br \/>\n            <\/a><\/div>\n<\/p><\/div>\n<p>    <!-- Featurette divider --><\/p>\n<hr class=\"featurette-divider\" \/>\n<div class=\"row featurette\">\n<div class=\"col-md-7\">\n<h2 class=\"featurette-heading fw-normal lh-1\"><a class=\"text-decoration-none\"\n                    href=\"https:\/\/www.alephgraphics.com\/es\/showcase\/cron-ctp-vlf-h-classic\/\"><br \/>\n                    CRON CTP VLF H Classic<\/a><\/h2>\n<p>            <span class=\"text-muted\"><br \/>\n                VLF con Automatizaci\u00f3n: todo en uno.<br \/>\n            <\/span><\/p>\n<p class=\"lead\">Expositoras, dryers, anti-tack, tecnologia LED de Ultima Generaci\u00f3n.<\/p>\n<p>             <a href=\"https:\/\/www.alephgraphics.com\/es\/showcase\/cron-ctp-vlf-h-classic\/\"\n    class=\" text-decoration-none btn btn-outline-primary \"> M\u00e1s informaci\u00f3n&#8230;<\/a><\/p><\/div>\n<div class=\"col-md-5\"><a href=\"https:\/\/www.alephgraphics.com\/es\/showcase\/cron-ctp-vlf-h-classic\/\"><br \/>\n                <img loading=\"lazy\" decoding=\"async\" class=\"featurette-image img-fluid mx-auto shadow-lg\"\n                    src=\"https:\/\/www.alephgraphics.com\/es\/wp-content\/uploads\/2022\/08\/CRON-CTP-VLF-46H-Classic-500px.webp\"\n                    width=\"500\" height=\"500\" \/><br \/>\n            <\/a><\/div>\n<\/p><\/div>\n<\/div>\n","protected":false},"excerpt":{"rendered":"<p>CRON CTP Computer to Plate Digital: Directo a Plancha sin necesidad de Pel\u00edcula. CRON CTP G+ CTP de Primer Nivel. Relacion Precio\/Prestaciones incomparable. CRON CTP G+ es el siguiente paso en la evoluci\u00f3n de la pre-prensa off-set. M\u00e1s informaci\u00f3n&#8230; CRON CTP H+ Automatizaci\u00f3n al alcance de su mano. Los equipos mas r\u00e1pidos, mas eficaces, con [&hellip;]<\/p>\n","protected":false},"author":2,"featured_media":0,"parent":0,"menu_order":0,"comment_status":"closed","ping_status":"closed","template":"","meta":{"pagelayer_contact_templates":[],"_pagelayer_content":"","footnotes":""},"class_list":["post-2186","page","type-page","status-publish","hentry"],"_links":{"self":[{"href":"https:\/\/www.alephgraphics.com\/es\/wp-json\/wp\/v2\/pages\/2186","targetHints":{"allow":["GET"]}}],"collection":[{"href":"https:\/\/www.alephgraphics.com\/es\/wp-json\/wp\/v2\/pages"}],"about":[{"href":"https:\/\/www.alephgraphics.com\/es\/wp-json\/wp\/v2\/types\/page"}],"author":[{"embeddable":true,"href":"https:\/\/www.alephgraphics.com\/es\/wp-json\/wp\/v2\/users\/2"}],"replies":[{"embeddable":true,"href":"https:\/\/www.alephgraphics.com\/es\/wp-json\/wp\/v2\/comments?post=2186"}],"version-history":[{"count":9,"href":"https:\/\/www.alephgraphics.com\/es\/wp-json\/wp\/v2\/pages\/2186\/revisions"}],"predecessor-version":[{"id":2340,"href":"https:\/\/www.alephgraphics.com\/es\/wp-json\/wp\/v2\/pages\/2186\/revisions\/2340"}],"wp:attachment":[{"href":"https:\/\/www.alephgraphics.com\/es\/wp-json\/wp\/v2\/media?parent=2186"}],"curies":[{"name":"wp","href":"https:\/\/api.w.org\/{rel}","templated":true}]}}