{"id":2184,"date":"2022-07-22T22:42:18","date_gmt":"2022-07-22T22:42:18","guid":{"rendered":"https:\/\/www.alephgraphics.com\/es\/?page_id=2184"},"modified":"2025-05-21T15:34:43","modified_gmt":"2025-05-21T15:34:43","slug":"cron-hdi","status":"publish","type":"page","link":"https:\/\/www.alephgraphics.com\/es\/cron-hdi\/","title":{"rendered":"CRON HDI"},"content":{"rendered":"<header class=\"entry-header text-center p-5\">\n<h1 class=\"entry-title p-3\">CTP Flexo CRON HDI<\/h1>\n<p>    <span class=\"text-muted\"><br \/>\n        CDI Digital: Directo a Fotopol\u00edmero sin necesidad de Pel\u00edcula.<br \/>\n    <\/span><br \/>\n<\/header>\n<p><!-- Featurette divider --><\/p>\n<hr class=\"featurette-divider\" \/>\n<div class=\"container marketing\">\n<div class=\"row featurette\">\n<div class=\"col-md-7\">\n<h2 class=\"featurette-heading fw-normal lh-1\"><a class=\"text-decoration-none\"\n                    href=\"https:\/\/www.alephgraphics.com\/es\/showcase\/cron-hdi-400\/\"><br \/>\n                    CTP Flexo CRON HDI 400<\/a><\/h2>\n<p>            <span class=\"text-muted\"><br \/>\n                CDI Digital: Es el siguiente paso en la evoluci\u00f3n de la pre-prensa flexogr\u00e1fica.<br \/>\n            <\/span><\/p>\n<p class=\"lead\">CTP Flexo CRON HDI 400 es el equipo ideal para etiquetas y banda angosta.<\/p>\n<p>            <a href=\"https:\/\/www.alephgraphics.com\/es\/showcase\/cron-hdi-400\/\"\n                class=\" text-decoration-none btn btn-outline-primary\"> M\u00e1s informaci\u00f3n&#8230;<\/a>\n        <\/div>\n<div class=\"col-md-5\"><a href=\"https:\/\/www.alephgraphics.com\/es\/showcase\/cron-hdi-400\/\"><br \/>\n                <img loading=\"lazy\" decoding=\"async\" class=\"featurette-image img-fluid mx-auto shadow-lg\"\n                    src=\"https:\/\/www.alephgraphics.com\/es\/wp-content\/uploads\/2022\/08\/HDI-400-500px.webp\" width=\"500\"\n                    height=\"500\" \/><br \/>\n            <\/a><\/div>\n<\/p><\/div>\n<p>    <!-- Featurette divider --><\/p>\n<hr class=\"featurette-divider\" \/>\n<div class=\"row featurette\">\n<div class=\"col-md-7 order-md-2\">\n<h2 class=\"featurette-heading fw-normal lh-1\"><a class=\"text-decoration-none\"\n                    href=\"https:\/\/www.alephgraphics.com\/es\/showcase\/cron-hdi-600\/\"><br \/>\n                    CTP Flexo CRON HDI 600<\/a><\/h2>\n<p>            <span class=\"text-muted\"><br \/>\n                CRON hace uso de las tecnolog\u00edas m\u00e1s avanzadas para la pre-prensa flexogr\u00e1fica.<br \/>\n            <\/span><\/p>\n<p class=\"lead\">CTP Flexo CRON HDI 600 es el equipo ideal para adhesivos, grifas y peque\u00f1os empaques.<\/p>\n<p>            <a href=\"https:\/\/www.alephgraphics.com\/es\/showcase\/cron-hdi-600\/\" class=\" text-decoration-none btn btn-outline-primary\"> M\u00e1s informaci\u00f3n&#8230;<\/a><\/p><\/div>\n<div class=\"col-md-5 order-md-1\"><a href=\"https:\/\/www.alephgraphics.com\/es\/showcase\/cron-hdi-600\/\"><br \/>\n                <img loading=\"lazy\" decoding=\"async\" class=\"featurette-image img-fluid mx-auto shadow-lg\"\n                    src=\"https:\/\/www.alephgraphics.com\/es\/wp-content\/uploads\/2022\/08\/HDI-600-500px.webp\" width=\"500\"\n                    height=\"500\" \/><br \/>\n            <\/a><\/div>\n<\/p><\/div>\n<p>    <!-- Featurette divider --><\/p>\n<hr class=\"featurette-divider\" \/>\n<div class=\"row featurette\">\n<div class=\"col-md-7\">\n<h2 class=\"featurette-heading fw-normal lh-1\"><a class=\"text-decoration-none\"\n                    href=\"https:\/\/www.alephgraphics.com\/es\/showcase\/cron-hdi-920\/\"><br \/>\n                    CTP Flexo CRON HDI 920<\/a><\/h2>\n<p>            <span class=\"text-muted\"><br \/>\n                CTP Flexo HDI 920 pre-prensa flexogr\u00e1fica de alta performance.<\/span><\/p>\n<p class=\"lead\">El CTP Flexo HDI 920 es el eqeuipo ideal para envances pequ\u00f1os y banda media.<\/p>\n<p>            <a href=\"https:\/\/www.alephgraphics.com\/es\/showcase\/cron-hdi-920\/\" class=\" text-decoration-none btn btn-outline-primary\"> M\u00e1s informaci\u00f3n&#8230;<\/a><\/p><\/div>\n<div class=\"col-md-5\"><a href=\"https:\/\/www.alephgraphics.com\/es\/showcase\/cron-hdi-920\/\"><br \/>\n                <img loading=\"lazy\" decoding=\"async\" class=\"featurette-image img-fluid mx-auto shadow-lg\"\n                    src=\"https:\/\/www.alephgraphics.com\/es\/wp-content\/uploads\/2022\/08\/HDI-920-500px.webp\" width=\"500\"\n                    height=\"500\" \/><br \/>\n            <\/a><\/div>\n<\/p><\/div>\n<p>    <!-- Featurette divider --><\/p>\n<hr class=\"featurette-divider\" \/>\n<div class=\"row featurette\">\n<div class=\"col-md-7 order-md-2\">\n<h2 class=\"featurette-heading fw-normal lh-1\"><a class=\"text-decoration-none\"\n                    href=\"https:\/\/www.alephgraphics.com\/es\/showcase\/cron-hdi-1600\/\"><br \/>\n                    HDI 1200 &#038; HDI 1600<\/a><\/h2>\n<p>            <span class=\"text-muted\"><br \/>\n                Si hablamos de innovaci\u00f3n, hablamos de HDI.<br \/>\n            <\/span><\/p>\n<p class=\"lead\"> Los equipos HDI 1200 &#038; 1600 son capaces de producir desde banda angosta, hasta corrugado y bolsas plastilleras.<\/p>\n<p>            <a href=\"https:\/\/www.alephgraphics.com\/es\/showcase\/cron-hdi-1600\/\" class=\" text-decoration-none btn btn-outline-primary\"> M\u00e1s informaci\u00f3n&#8230;<\/a>\n        <\/div>\n<div class=\"col-md-5 order-md-1\"><a href=\"https:\/\/www.alephgraphics.com\/es\/showcase\/cron-hdi-1600\/\"><br \/>\n                <img loading=\"lazy\" decoding=\"async\" class=\"featurette-image img-fluid mx-auto shadow-lg\"\n                    src=\"https:\/\/www.alephgraphics.com\/es\/wp-content\/uploads\/2022\/08\/HDI-1600-500px.webp\" width=\"500\"\n                    height=\"500\" \/><br \/>\n            <\/a><\/div>\n<\/p><\/div>\n<p>    <!-- Featurette divider --><\/p>\n<hr class=\"featurette-divider\" \/>\n<div class=\"row featurette\">\n<div class=\"col-md-7\">\n<h2 class=\"featurette-heading fw-normal lh-1\"><a class=\"text-decoration-none\"\n                    href=\"https:\/\/www.alephgraphics.com\/es\/showcase\/cron-hdi-2000\/\"><br \/>\n                    HDI 2000<\/a><\/h2>\n<p>            <span class=\"text-muted\"><br \/>\n                Nuestros equipos flexogr\u00e1ficos son vanguardia.<br \/>\n            <\/span><\/p>\n<p class=\"lead\">Los HDI 2000 son capaces de producir desde banda angosta hasta aceptar placas jumbo sin necesidad de cortes<\/p>\n<p>            <a href=\"https:\/\/www.alephgraphics.com\/es\/showcase\/cron-hdi-2000\/\" class=\" text-decoration-none btn btn-outline-primary\"> M\u00e1s informaci\u00f3n&#8230;<\/a><\/p><\/div>\n<div class=\"col-md-5\"><a href=\"https:\/\/www.alephgraphics.com\/es\/showcase\/cron-hdi-2000\/\"><br \/>\n                <img loading=\"lazy\" decoding=\"async\" class=\"featurette-image img-fluid mx-auto shadow-lg\"\n                    src=\"https:\/\/www.alephgraphics.com\/es\/wp-content\/uploads\/2022\/08\/HDI-2000-500px.webp\" width=\"500\"\n                    height=\"500\" \/><br \/>\n            <\/a><\/div>\n<\/p><\/div>\n<\/div>\n","protected":false},"excerpt":{"rendered":"<p>CTP Flexo CRON HDI CDI Digital: Directo a Fotopol\u00edmero sin necesidad de Pel\u00edcula. CTP Flexo CRON HDI 400 CDI Digital: Es el siguiente paso en la evoluci\u00f3n de la pre-prensa flexogr\u00e1fica. CTP Flexo CRON HDI 400 es el equipo ideal para etiquetas y banda angosta. M\u00e1s informaci\u00f3n&#8230; CTP Flexo CRON HDI 600 CRON hace uso [&hellip;]<\/p>\n","protected":false},"author":2,"featured_media":0,"parent":0,"menu_order":0,"comment_status":"closed","ping_status":"closed","template":"","meta":{"pagelayer_contact_templates":[],"_pagelayer_content":"","footnotes":""},"class_list":["post-2184","page","type-page","status-publish","hentry"],"_links":{"self":[{"href":"https:\/\/www.alephgraphics.com\/es\/wp-json\/wp\/v2\/pages\/2184","targetHints":{"allow":["GET"]}}],"collection":[{"href":"https:\/\/www.alephgraphics.com\/es\/wp-json\/wp\/v2\/pages"}],"about":[{"href":"https:\/\/www.alephgraphics.com\/es\/wp-json\/wp\/v2\/types\/page"}],"author":[{"embeddable":true,"href":"https:\/\/www.alephgraphics.com\/es\/wp-json\/wp\/v2\/users\/2"}],"replies":[{"embeddable":true,"href":"https:\/\/www.alephgraphics.com\/es\/wp-json\/wp\/v2\/comments?post=2184"}],"version-history":[{"count":27,"href":"https:\/\/www.alephgraphics.com\/es\/wp-json\/wp\/v2\/pages\/2184\/revisions"}],"predecessor-version":[{"id":2710,"href":"https:\/\/www.alephgraphics.com\/es\/wp-json\/wp\/v2\/pages\/2184\/revisions\/2710"}],"wp:attachment":[{"href":"https:\/\/www.alephgraphics.com\/es\/wp-json\/wp\/v2\/media?parent=2184"}],"curies":[{"name":"wp","href":"https:\/\/api.w.org\/{rel}","templated":true}]}}