{"id":2056,"date":"2022-07-20T15:55:24","date_gmt":"2022-07-20T15:55:24","guid":{"rendered":"http:\/\/www.alephgraphics.com\/es\/?page_id=2056"},"modified":"2022-08-02T17:16:34","modified_gmt":"2022-08-02T17:16:34","slug":"asesoramiento","status":"publish","type":"page","link":"https:\/\/www.alephgraphics.com\/es\/asesoramiento\/","title":{"rendered":"Asesoramiento"},"content":{"rendered":"<div>\n<h3>La renovaci\u00f3n tecn\u00f3gicas en la Industria Gr\u00e1fica supone grandes desaf\u00edos para las empresas. Es por eso que en Alephgraphics, te brindamos junto con nuestras soluciones, <strong>asesoramiento<\/strong>, recomend\u00e1ndote cu\u00e1les son los mejores equipos para tu empresa, \u00bfC\u00f3mo lo hacemos? para ayudarte tomamos en cuenta cuatro aristas diferntes:<\/h3>\n<\/div>\n<p>&nbsp;<\/p>\n<p>&nbsp;<\/p>\n<div>\n<ul>\n<li style=\"list-style-type: none;\">\n<ul>\n<li><strong>Tecnolog\u00eda:<\/strong> cuentanos acerca de lo que quieres producir y nosotros te asesoramos que tecnolog\u00eda necesitas<\/li>\n<\/ul>\n<\/li>\n<\/ul>\n<p>&nbsp;<\/p>\n<ul>\n<li style=\"list-style-type: none;\">\n<ul>\n<li><strong>Vol\u00fames de producci\u00f3n:<\/strong> dinos cu\u00e1nto planeas producir<\/li>\n<\/ul>\n<\/li>\n<\/ul>\n<p>&nbsp;<\/p>\n<ul>\n<li style=\"list-style-type: none;\">\n<ul>\n<li><strong>Espacio:<\/strong> cuentanos como son las dimenciones de tu espacio de producci\u00f3n y buscaremos un equipo ideal para ti<\/li>\n<\/ul>\n<\/li>\n<\/ul>\n<p>&nbsp;<\/p>\n<ul>\n<li style=\"list-style-type: none;\">\n<ul>\n<li><strong>Presupuesto:<\/strong> buscaremos equipos que se adec\u00faen a tu presupuesto.<\/li>\n<\/ul>\n<\/li>\n<\/ul>\n<p>&nbsp;<\/p>\n<p>&nbsp;<\/p>\n<h2 class=\"bg-primary text-white text-center\"><strong>EN ALEPHGRAPHICS ESTAMOS PARA AYUDARTE<\/strong><\/h2>\n<\/div>\n<div class=\"wpforms-container wpforms-container-full\" id=\"wpforms-2043\"><form id=\"wpforms-form-2043\" class=\"wpforms-validate wpforms-form wpforms-ajax-form\" data-formid=\"2043\" method=\"post\" enctype=\"multipart\/form-data\" action=\"\/es\/wp-json\/wp\/v2\/pages\/2056\" data-token=\"13813df4c679690a63db7216ff1b2967\" data-token-time=\"1776378790\"><noscript class=\"wpforms-error-noscript\">Por favor, activa JavaScript en tu navegador para completar este formulario.<\/noscript><div class=\"wpforms-field-container\"><div id=\"wpforms-2043-field_0-container\" class=\"wpforms-field wpforms-field-name\" data-field-id=\"0\"><label class=\"wpforms-field-label\">Nombre <span class=\"wpforms-required-label\">*<\/span><\/label><div class=\"wpforms-field-row wpforms-field-medium\"><div class=\"wpforms-field-row-block wpforms-first wpforms-one-half\"><input type=\"text\" id=\"wpforms-2043-field_0\" class=\"wpforms-field-name-first wpforms-field-required\" name=\"wpforms[fields][0][first]\" required><label for=\"wpforms-2043-field_0\" class=\"wpforms-field-sublabel after\">Nombre<\/label><\/div><div class=\"wpforms-field-row-block wpforms-one-half\"><input type=\"text\" id=\"wpforms-2043-field_0-last\" class=\"wpforms-field-name-last wpforms-field-required\" name=\"wpforms[fields][0][last]\" required><label for=\"wpforms-2043-field_0-last\" class=\"wpforms-field-sublabel after\">Apellidos<\/label><\/div><\/div><div class=\"wpforms-field-description\">\u00bfA quien debemos dirigirnos al responder?<\/div><\/div><div id=\"wpforms-2043-field_3-container\" class=\"wpforms-field wpforms-field-text\" data-field-id=\"3\"><label class=\"wpforms-field-label\" for=\"wpforms-2043-field_3\">Empresa <span class=\"wpforms-required-label\">*<\/span><\/label><input type=\"text\" id=\"wpforms-2043-field_3\" class=\"wpforms-field-medium wpforms-field-required\" name=\"wpforms[fields][3]\" required><div class=\"wpforms-field-description\">\u00bfDe que empresa nos escribes?<\/div><\/div><div id=\"wpforms-2043-field_1-container\" class=\"wpforms-field wpforms-field-email\" data-field-id=\"1\"><label class=\"wpforms-field-label\" for=\"wpforms-2043-field_1\">Correo electr\u00f3nico <span class=\"wpforms-required-label\">*<\/span><\/label><input type=\"email\" id=\"wpforms-2043-field_1\" class=\"wpforms-field-medium wpforms-field-required\" name=\"wpforms[fields][1]\" spellcheck=\"false\" required><\/div><div id=\"wpforms-2043-field_4-container\" class=\"wpforms-field wpforms-field-text\" data-field-id=\"4\"><label class=\"wpforms-field-label\" for=\"wpforms-2043-field_4\">Tel\u00e9fono<\/label><input type=\"text\" id=\"wpforms-2043-field_4\" class=\"wpforms-field-medium\" name=\"wpforms[fields][4]\" ><div class=\"wpforms-field-description\">Opcionalmente podemos llamar por tel\u00e9fono si as\u00ed lo prefieren<\/div><\/div><div id=\"wpforms-2043-field_2-container\" class=\"wpforms-field wpforms-field-textarea\" data-field-id=\"2\"><label class=\"wpforms-field-label\" for=\"wpforms-2043-field_2\">Deja tu mensaje aqu\u00ed <span class=\"wpforms-required-label\">*<\/span><\/label><textarea id=\"wpforms-2043-field_2\" class=\"wpforms-field-medium wpforms-field-required\" name=\"wpforms[fields][2]\" required><\/textarea><\/div><\/div><!-- .wpforms-field-container --><div class=\"wpforms-recaptcha-container wpforms-is-recaptcha wpforms-is-recaptcha-type-v3\" ><input type=\"hidden\" name=\"wpforms[recaptcha]\" value=\"\"><\/div><div class=\"wpforms-submit-container\" ><input type=\"hidden\" name=\"wpforms[id]\" value=\"2043\"><input type=\"hidden\" name=\"page_title\" value=\"\"><input type=\"hidden\" name=\"page_url\" value=\"https:\/\/www.alephgraphics.com\/es\/wp-json\/wp\/v2\/pages\/2056\"><input type=\"hidden\" name=\"url_referer\" value=\"\"><button type=\"submit\" name=\"wpforms[submit]\" id=\"wpforms-submit-2043\" class=\"wpforms-submit\" data-alt-text=\"Enviando...\" data-submit-text=\"Enviar\" aria-live=\"assertive\" value=\"wpforms-submit\">Enviar<\/button><img loading=\"lazy\" decoding=\"async\" src=\"https:\/\/www.alephgraphics.com\/es\/wp-content\/plugins\/wpforms-lite\/assets\/images\/submit-spin.svg\" class=\"wpforms-submit-spinner\" style=\"display: none;\" width=\"26\" height=\"26\" alt=\"Cargando\"><\/div><\/form><\/div>  <!-- .wpforms-container -->\n","protected":false},"excerpt":{"rendered":"<p>La renovaci\u00f3n tecn\u00f3gicas en la Industria Gr\u00e1fica supone grandes desaf\u00edos para las empresas. Es por eso que en Alephgraphics, te brindamos junto con nuestras soluciones, asesoramiento, recomend\u00e1ndote cu\u00e1les son los mejores equipos para tu empresa, \u00bfC\u00f3mo lo hacemos? para ayudarte tomamos en cuenta cuatro aristas diferntes: &nbsp; &nbsp; Tecnolog\u00eda: cuentanos acerca de lo que quieres [&hellip;]<\/p>\n","protected":false},"author":2,"featured_media":1991,"parent":0,"menu_order":0,"comment_status":"closed","ping_status":"closed","template":"","meta":{"pagelayer_contact_templates":[],"_pagelayer_content":"","footnotes":""},"class_list":["post-2056","page","type-page","status-publish","has-post-thumbnail","hentry"],"_links":{"self":[{"href":"https:\/\/www.alephgraphics.com\/es\/wp-json\/wp\/v2\/pages\/2056","targetHints":{"allow":["GET"]}}],"collection":[{"href":"https:\/\/www.alephgraphics.com\/es\/wp-json\/wp\/v2\/pages"}],"about":[{"href":"https:\/\/www.alephgraphics.com\/es\/wp-json\/wp\/v2\/types\/page"}],"author":[{"embeddable":true,"href":"https:\/\/www.alephgraphics.com\/es\/wp-json\/wp\/v2\/users\/2"}],"replies":[{"embeddable":true,"href":"https:\/\/www.alephgraphics.com\/es\/wp-json\/wp\/v2\/comments?post=2056"}],"version-history":[{"count":1,"href":"https:\/\/www.alephgraphics.com\/es\/wp-json\/wp\/v2\/pages\/2056\/revisions"}],"predecessor-version":[{"id":2270,"href":"https:\/\/www.alephgraphics.com\/es\/wp-json\/wp\/v2\/pages\/2056\/revisions\/2270"}],"wp:featuredmedia":[{"embeddable":true,"href":"https:\/\/www.alephgraphics.com\/es\/wp-json\/wp\/v2\/media\/1991"}],"wp:attachment":[{"href":"https:\/\/www.alephgraphics.com\/es\/wp-json\/wp\/v2\/media?parent=2056"}],"curies":[{"name":"wp","href":"https:\/\/api.w.org\/{rel}","templated":true}]}}