{"id":2003,"date":"2022-07-15T23:02:43","date_gmt":"2022-07-15T23:02:43","guid":{"rendered":"http:\/\/www.alephgraphics.com\/es\/?page_id=2003"},"modified":"2022-08-05T20:07:01","modified_gmt":"2022-08-05T20:07:01","slug":"representaciones","status":"publish","type":"page","link":"https:\/\/www.alephgraphics.com\/es\/representaciones\/","title":{"rendered":"Representaciones"},"content":{"rendered":"<div>\n<h3>La credibilidad para Alephgraphics se ha convertido en su mayor distinci\u00f3n. Prueba de ello es la gran cantidad de empresas de primera l\u00ednea mundialmente reconocidas que han depositado su confianza en nuestra empresa para la representaci\u00f3n y distribuci\u00f3n de sus marcas y productos.<br \/>\n    <\/h3>\n<p>&nbsp;<\/p>\n<\/div>\n<h3>Algunas de las marcas y productos de nuestra amplia selecci\u00f3n de las cuales tenemos el honor de representar y distribuir:<\/h3>\n<p>&nbsp;<\/p>\n<hr \/>\n<p>&nbsp;<\/p>\n<p><img loading=\"lazy\" decoding=\"async\" class=\"mx-auto d-block img-fluid wp-image-2006\" src=\"https:\/\/www.alephgraphics.com\/es\/wp-content\/uploads\/2022\/07\/marcas-representadas.webp\" alt=\"\" width=\"844\" height=\"1542\" srcset=\"https:\/\/www.alephgraphics.com\/es\/wp-content\/uploads\/2022\/07\/marcas-representadas.webp 844w, https:\/\/www.alephgraphics.com\/es\/wp-content\/uploads\/2022\/07\/marcas-representadas-164x300.webp 164w, https:\/\/www.alephgraphics.com\/es\/wp-content\/uploads\/2022\/07\/marcas-representadas-560x1024.webp 560w, https:\/\/www.alephgraphics.com\/es\/wp-content\/uploads\/2022\/07\/marcas-representadas-768x1403.webp 768w, https:\/\/www.alephgraphics.com\/es\/wp-content\/uploads\/2022\/07\/marcas-representadas-841x1536.webp 841w, https:\/\/www.alephgraphics.com\/es\/wp-content\/uploads\/2022\/07\/marcas-representadas-416x760.webp 416w\" sizes=\"auto, (max-width: 844px) 100vw, 844px\" \/><\/p>\n<header class=\"entry-header text-center p-5\">\n<h1 class=\"entry-title p-3\"><strong>Estamos a tu disposici\u00f3n<\/strong><\/h1>\n<\/header>\n<hr \/>\n<p>Por favor, comun\u00edquese con nosotros si tiene alguna pregunta o comentario. Con gusto responderemos sus consultas.<\/p>\n<p>Para hablar con nuestro equipo de servicio al cliente, llama al <a href=\"tel:+13059949933\">+1 (305) 994 9933<\/a> de Lunes a Viernes de 9 a. m. a 6 p. m. (EST).<\/p>\n<p><strong>Utiliza el formulario que aparece abajo<\/strong> para contactarnos y nos pondremos en comunicaci\u00f3n <strong>lo m\u00e1s pronto posible.<\/strong><\/p>\n<p>Cuando se haya enviado tu pregunta, un representante de servicio al cliente te responder\u00e1 tu consulta.<\/p>\n<p>&nbsp;<\/p>\n<div class=\"wpforms-container wpforms-container-full\" id=\"wpforms-2043\"><form id=\"wpforms-form-2043\" class=\"wpforms-validate wpforms-form wpforms-ajax-form\" data-formid=\"2043\" method=\"post\" enctype=\"multipart\/form-data\" action=\"\/es\/wp-json\/wp\/v2\/pages\/2003\" data-token=\"fc04537eb92853559bcdf3b4151004c4\" data-token-time=\"1776199986\"><noscript class=\"wpforms-error-noscript\">Por favor, activa JavaScript en tu navegador para completar este formulario.<\/noscript><div class=\"wpforms-field-container\"><div id=\"wpforms-2043-field_0-container\" class=\"wpforms-field wpforms-field-name\" data-field-id=\"0\"><label class=\"wpforms-field-label\">Nombre <span class=\"wpforms-required-label\">*<\/span><\/label><div class=\"wpforms-field-row wpforms-field-medium\"><div class=\"wpforms-field-row-block wpforms-first wpforms-one-half\"><input type=\"text\" id=\"wpforms-2043-field_0\" class=\"wpforms-field-name-first wpforms-field-required\" name=\"wpforms[fields][0][first]\" required><label for=\"wpforms-2043-field_0\" class=\"wpforms-field-sublabel after\">Nombre<\/label><\/div><div class=\"wpforms-field-row-block wpforms-one-half\"><input type=\"text\" id=\"wpforms-2043-field_0-last\" class=\"wpforms-field-name-last wpforms-field-required\" name=\"wpforms[fields][0][last]\" required><label for=\"wpforms-2043-field_0-last\" class=\"wpforms-field-sublabel after\">Apellidos<\/label><\/div><\/div><div class=\"wpforms-field-description\">\u00bfA quien debemos dirigirnos al responder?<\/div><\/div><div id=\"wpforms-2043-field_3-container\" class=\"wpforms-field wpforms-field-text\" data-field-id=\"3\"><label class=\"wpforms-field-label\" for=\"wpforms-2043-field_3\">Empresa <span class=\"wpforms-required-label\">*<\/span><\/label><input type=\"text\" id=\"wpforms-2043-field_3\" class=\"wpforms-field-medium wpforms-field-required\" name=\"wpforms[fields][3]\" required><div class=\"wpforms-field-description\">\u00bfDe que empresa nos escribes?<\/div><\/div><div id=\"wpforms-2043-field_1-container\" class=\"wpforms-field wpforms-field-email\" data-field-id=\"1\"><label class=\"wpforms-field-label\" for=\"wpforms-2043-field_1\">Correo electr\u00f3nico <span class=\"wpforms-required-label\">*<\/span><\/label><input type=\"email\" id=\"wpforms-2043-field_1\" class=\"wpforms-field-medium wpforms-field-required\" name=\"wpforms[fields][1]\" spellcheck=\"false\" required><\/div><div id=\"wpforms-2043-field_4-container\" class=\"wpforms-field wpforms-field-text\" data-field-id=\"4\"><label class=\"wpforms-field-label\" for=\"wpforms-2043-field_4\">Tel\u00e9fono<\/label><input type=\"text\" id=\"wpforms-2043-field_4\" class=\"wpforms-field-medium\" name=\"wpforms[fields][4]\" ><div class=\"wpforms-field-description\">Opcionalmente podemos llamar por tel\u00e9fono si as\u00ed lo prefieren<\/div><\/div><div id=\"wpforms-2043-field_2-container\" class=\"wpforms-field wpforms-field-textarea\" data-field-id=\"2\"><label class=\"wpforms-field-label\" for=\"wpforms-2043-field_2\">Deja tu mensaje aqu\u00ed <span class=\"wpforms-required-label\">*<\/span><\/label><textarea id=\"wpforms-2043-field_2\" class=\"wpforms-field-medium wpforms-field-required\" name=\"wpforms[fields][2]\" required><\/textarea><\/div><\/div><!-- .wpforms-field-container --><div class=\"wpforms-recaptcha-container wpforms-is-recaptcha wpforms-is-recaptcha-type-v3\" ><input type=\"hidden\" name=\"wpforms[recaptcha]\" value=\"\"><\/div><div class=\"wpforms-submit-container\" ><input type=\"hidden\" name=\"wpforms[id]\" value=\"2043\"><input type=\"hidden\" name=\"page_title\" value=\"\"><input type=\"hidden\" name=\"page_url\" value=\"https:\/\/www.alephgraphics.com\/es\/wp-json\/wp\/v2\/pages\/2003\"><input type=\"hidden\" name=\"url_referer\" value=\"\"><button type=\"submit\" name=\"wpforms[submit]\" id=\"wpforms-submit-2043\" class=\"wpforms-submit\" data-alt-text=\"Enviando...\" data-submit-text=\"Enviar\" aria-live=\"assertive\" value=\"wpforms-submit\">Enviar<\/button><img loading=\"lazy\" decoding=\"async\" src=\"https:\/\/www.alephgraphics.com\/es\/wp-content\/plugins\/wpforms-lite\/assets\/images\/submit-spin.svg\" class=\"wpforms-submit-spinner\" style=\"display: none;\" width=\"26\" height=\"26\" alt=\"Cargando\"><\/div><\/form><\/div>  <!-- .wpforms-container -->\n","protected":false},"excerpt":{"rendered":"<p>La credibilidad para Alephgraphics se ha convertido en su mayor distinci\u00f3n. Prueba de ello es la gran cantidad de empresas de primera l\u00ednea mundialmente reconocidas que han depositado su confianza en nuestra empresa para la representaci\u00f3n y distribuci\u00f3n de sus marcas y productos. &nbsp; Algunas de las marcas y productos de nuestra amplia selecci\u00f3n de [&hellip;]<\/p>\n","protected":false},"author":2,"featured_media":0,"parent":0,"menu_order":0,"comment_status":"closed","ping_status":"closed","template":"","meta":{"pagelayer_contact_templates":[],"_pagelayer_content":"","footnotes":""},"class_list":["post-2003","page","type-page","status-publish","hentry"],"_links":{"self":[{"href":"https:\/\/www.alephgraphics.com\/es\/wp-json\/wp\/v2\/pages\/2003","targetHints":{"allow":["GET"]}}],"collection":[{"href":"https:\/\/www.alephgraphics.com\/es\/wp-json\/wp\/v2\/pages"}],"about":[{"href":"https:\/\/www.alephgraphics.com\/es\/wp-json\/wp\/v2\/types\/page"}],"author":[{"embeddable":true,"href":"https:\/\/www.alephgraphics.com\/es\/wp-json\/wp\/v2\/users\/2"}],"replies":[{"embeddable":true,"href":"https:\/\/www.alephgraphics.com\/es\/wp-json\/wp\/v2\/comments?post=2003"}],"version-history":[{"count":1,"href":"https:\/\/www.alephgraphics.com\/es\/wp-json\/wp\/v2\/pages\/2003\/revisions"}],"predecessor-version":[{"id":2401,"href":"https:\/\/www.alephgraphics.com\/es\/wp-json\/wp\/v2\/pages\/2003\/revisions\/2401"}],"wp:attachment":[{"href":"https:\/\/www.alephgraphics.com\/es\/wp-json\/wp\/v2\/media?parent=2003"}],"curies":[{"name":"wp","href":"https:\/\/api.w.org\/{rel}","templated":true}]}}