{"id":1998,"date":"2022-07-15T22:58:56","date_gmt":"2022-07-15T22:58:56","guid":{"rendered":"http:\/\/www.alephgraphics.com\/es\/?page_id=1998"},"modified":"2022-08-05T20:06:18","modified_gmt":"2022-08-05T20:06:18","slug":"acerca-de-nosotros","status":"publish","type":"page","link":"https:\/\/www.alephgraphics.com\/es\/acerca-de-nosotros\/","title":{"rendered":"Acerca de Nosotros"},"content":{"rendered":"<div class=\"container text-center\">\n<p>    <img decoding=\"async\" src=\"https:\/\/www.alephgraphics.com\/es\/wp-content\/uploads\/2020\/05\/alephgraphics-building-300x102.jpg\" \/><\/p>\n<p>    <img decoding=\"async\" src=\"https:\/\/www.alephgraphics.com\/es\/wp-content\/uploads\/2020\/05\/logo-alephgraphics-300x144.jpg\" \/><\/p>\n<p>    <strong>Integrador de soluciones, productos y servicios<\/strong><br \/>\n    <strong>para la industria gr\u00e1fica.<\/strong><br \/>\n    <strong>Un socio estrat\u00e9gico y un proveedor<\/strong><br \/>\n    <strong>confiable con quien contar.<\/strong><\/p>\n<p>    &nbsp;<\/p>\n<h2>Experiencia<\/h2>\n<hr \/>\n<p>    Fundada en 1996, Alephgraphics se ha proyectado como una empresa de gran dinamismo, solvencia y seriedad basada en<br \/>\n    m\u00e1s<br \/>\n    de 20 a\u00f1os de capacitaci\u00f3n tecnol\u00f3gica permanente y de experiencia de campo de su equipo t\u00e9cnico.<\/p>\n<p>    Los clientes de Alephgraphics est\u00e1n principalmente localizados en Estados Unidos, Am\u00e9rica Latina y el Caribe.<br \/>\n    Ellos representan una variedad de negocios relacionados con la industria gr\u00e1fica tales como Imprentas, Peri\u00f3dicos,<br \/>\n    Editoriales, Medios Digitales y Service Bureau de Pre-prensa.<\/p>\n<p>    <img decoding=\"async\" src=\"https:\/\/www.alephgraphics.com\/es\/wp-content\/uploads\/2022\/08\/alephgraphics-office.webp\" \/><\/p>\n<p>    &nbsp;<\/p>\n<h2>Red de Filiales<\/h2>\n<hr \/>\n<p>    Alephgraphics cuenta con su sede central en Miami y una amplia red de filiales y empresas asociadas en Am\u00e9rica<br \/>\n    Latina y el Caribe. Ello le permite tener una respuesta r\u00e1pida y efectiva cerca suyo siempre que el cliente lo<br \/>\n    necesite.<\/p>\n<p>    &nbsp;<\/p>\n<h2>Productos<\/h2>\n<hr \/>\n<p>    La credibilidad para Alephgraphics se ha convertido en su mayor distinci\u00f3n. Prueba de lo dicho, es la gran cantidad<br \/>\n    de empresas de primera l\u00ednea mundialmente reconocidas que han depositado su confianza en nuestra empresa para la<br \/>\n    representaci\u00f3n y distribuci\u00f3n de sus marcas y productos.<\/p>\n<p>    <img decoding=\"async\" src=\"https:\/\/www.alephgraphics.com\/es\/wp-content\/uploads\/2022\/08\/alephgraphics-staff.webp\" \/><\/p>\n<p>    &nbsp;<\/p>\n<h2>Asesoramiento<\/h2>\n<hr \/>\n<p>    Selecci\u00f3n de productos de marcas de primera l\u00ednea unido a un capacitado personal t\u00e9cnico con gran experiencia de<br \/>\n    campo permiten a Alephgraphics ofrecer a sus clientes, siempre la mejor opci\u00f3n.<\/p>\n<p>    Mediante un asesoramiento personalizado, analizando junto a usted, el equipamiento que mejor se adapte a sus<br \/>\n    necesidades<\/p>\n<p>    &nbsp;<\/p>\n<h2>Eventos y Ferias Gr\u00e1ficas<\/h2>\n<hr \/>\n<p>    Alephgraphics tiene permanente presencia en los m\u00e1s importantes eventos internacionales de la industria gr\u00e1fica.<br \/>\n    Esto le permite estar en contacto con las novedades en productos y adelantos tecnol\u00f3gicos tan pronto salen al<br \/>\n    mercado.<\/p>\n<p>    <img decoding=\"async\" src=\"https:\/\/www.alephgraphics.com\/es\/wp-content\/uploads\/2022\/08\/trade-show.webp\" \/><\/p>\n<p>    &nbsp;<\/p>\n<h2>Venta de Insumos<\/h2>\n<hr \/>\n<p>    Alephgraphics cuenta con su oficina central en Miami, muy pr\u00f3ximo al Aeropuerto Internacional de Miami y a minutos<br \/>\n    de todos los Freight Forwarders que operan con Am\u00e9rica Latina y el Caribe.<\/p>\n<p>    Desde esta inmejorable posici\u00f3n para el comercio exterior se establecen los contactos con los proveedores y en su<br \/>\n    gran Warehouse mantiene un stock permanente de insumos, repuestos y maquinarias prontas para el despacho.<\/p>\n<p>    Es por esto que Alephgraphics puede ofrecer el mejor apoyo log\u00edstico para la provisi\u00f3n de insumos y consolidaci\u00f3n<br \/>\n    de cargas.<\/p>\n<p>    &nbsp;<\/p>\n<p>    <img decoding=\"async\" src=\"https:\/\/www.alephgraphics.com\/es\/wp-content\/uploads\/2022\/08\/warehouse.webp\" \/><\/p>\n<p>    &nbsp;<\/p>\n<p>    Todas estas ventajas hacen que Alephgraphics reafirme d\u00eda a d\u00eda su posicionamiento en el mercado.<\/p>\n<p>    A su vez, le permiten brindar a sus clientes soluciones confiables que aumentar\u00e1n su competitividad, acompa\u00f1\u00e1ndoles<br \/>\n    en la b\u00fasqueda de mayor eficiencia y productividad para su empresa.<\/p>\n<\/div>\n<header class=\"entry-header text-center p-5\">\n<h1 class=\"entry-title p-3\"><strong>Estamos a tu disposici\u00f3n<\/strong><\/h1>\n<\/header>\n<hr \/>\n<p>Por favor, comun\u00edquese con nosotros si tiene alguna pregunta o comentario. Con gusto responderemos sus consultas.<\/p>\n<p>Para hablar con nuestro equipo de servicio al cliente, llama al <a href=\"tel:+13059949933\">+1 (305) 994 9933<\/a> de Lunes a Viernes de 9 a. m. a 6 p. m. (EST).<\/p>\n<p><strong>Utiliza el formulario que aparece abajo<\/strong> para contactarnos y nos pondremos en comunicaci\u00f3n <strong>lo m\u00e1s pronto posible.<\/strong><\/p>\n<p>Cuando se haya enviado tu pregunta, un representante de servicio al cliente te responder\u00e1 tu consulta.<\/p>\n<p>&nbsp;<\/p>\n<div class=\"wpforms-container wpforms-container-full\" id=\"wpforms-2043\"><form id=\"wpforms-form-2043\" class=\"wpforms-validate wpforms-form wpforms-ajax-form\" data-formid=\"2043\" method=\"post\" enctype=\"multipart\/form-data\" action=\"\/es\/wp-json\/wp\/v2\/pages\/1998\" data-token=\"13813df4c679690a63db7216ff1b2967\" data-token-time=\"1776357869\"><noscript class=\"wpforms-error-noscript\">Por favor, activa JavaScript en tu navegador para completar este formulario.<\/noscript><div class=\"wpforms-field-container\"><div id=\"wpforms-2043-field_0-container\" class=\"wpforms-field wpforms-field-name\" data-field-id=\"0\"><label class=\"wpforms-field-label\">Nombre <span class=\"wpforms-required-label\">*<\/span><\/label><div class=\"wpforms-field-row wpforms-field-medium\"><div class=\"wpforms-field-row-block wpforms-first wpforms-one-half\"><input type=\"text\" id=\"wpforms-2043-field_0\" class=\"wpforms-field-name-first wpforms-field-required\" name=\"wpforms[fields][0][first]\" required><label for=\"wpforms-2043-field_0\" class=\"wpforms-field-sublabel after\">Nombre<\/label><\/div><div class=\"wpforms-field-row-block wpforms-one-half\"><input type=\"text\" id=\"wpforms-2043-field_0-last\" class=\"wpforms-field-name-last wpforms-field-required\" name=\"wpforms[fields][0][last]\" required><label for=\"wpforms-2043-field_0-last\" class=\"wpforms-field-sublabel after\">Apellidos<\/label><\/div><\/div><div class=\"wpforms-field-description\">\u00bfA quien debemos dirigirnos al responder?<\/div><\/div><div id=\"wpforms-2043-field_3-container\" class=\"wpforms-field wpforms-field-text\" data-field-id=\"3\"><label class=\"wpforms-field-label\" for=\"wpforms-2043-field_3\">Empresa <span class=\"wpforms-required-label\">*<\/span><\/label><input type=\"text\" id=\"wpforms-2043-field_3\" class=\"wpforms-field-medium wpforms-field-required\" name=\"wpforms[fields][3]\" required><div class=\"wpforms-field-description\">\u00bfDe que empresa nos escribes?<\/div><\/div><div id=\"wpforms-2043-field_1-container\" class=\"wpforms-field wpforms-field-email\" data-field-id=\"1\"><label class=\"wpforms-field-label\" for=\"wpforms-2043-field_1\">Correo electr\u00f3nico <span class=\"wpforms-required-label\">*<\/span><\/label><input type=\"email\" id=\"wpforms-2043-field_1\" class=\"wpforms-field-medium wpforms-field-required\" name=\"wpforms[fields][1]\" spellcheck=\"false\" required><\/div><div id=\"wpforms-2043-field_4-container\" class=\"wpforms-field wpforms-field-text\" data-field-id=\"4\"><label class=\"wpforms-field-label\" for=\"wpforms-2043-field_4\">Tel\u00e9fono<\/label><input type=\"text\" id=\"wpforms-2043-field_4\" class=\"wpforms-field-medium\" name=\"wpforms[fields][4]\" ><div class=\"wpforms-field-description\">Opcionalmente podemos llamar por tel\u00e9fono si as\u00ed lo prefieren<\/div><\/div><div id=\"wpforms-2043-field_2-container\" class=\"wpforms-field wpforms-field-textarea\" data-field-id=\"2\"><label class=\"wpforms-field-label\" for=\"wpforms-2043-field_2\">Deja tu mensaje aqu\u00ed <span class=\"wpforms-required-label\">*<\/span><\/label><textarea id=\"wpforms-2043-field_2\" class=\"wpforms-field-medium wpforms-field-required\" name=\"wpforms[fields][2]\" required><\/textarea><\/div><\/div><!-- .wpforms-field-container --><div class=\"wpforms-recaptcha-container wpforms-is-recaptcha wpforms-is-recaptcha-type-v3\" ><input type=\"hidden\" name=\"wpforms[recaptcha]\" value=\"\"><\/div><div class=\"wpforms-submit-container\" ><input type=\"hidden\" name=\"wpforms[id]\" value=\"2043\"><input type=\"hidden\" name=\"page_title\" value=\"\"><input type=\"hidden\" name=\"page_url\" value=\"https:\/\/www.alephgraphics.com\/es\/wp-json\/wp\/v2\/pages\/1998\"><input type=\"hidden\" name=\"url_referer\" value=\"\"><button type=\"submit\" name=\"wpforms[submit]\" id=\"wpforms-submit-2043\" class=\"wpforms-submit\" data-alt-text=\"Enviando...\" data-submit-text=\"Enviar\" aria-live=\"assertive\" value=\"wpforms-submit\">Enviar<\/button><img loading=\"lazy\" decoding=\"async\" src=\"https:\/\/www.alephgraphics.com\/es\/wp-content\/plugins\/wpforms-lite\/assets\/images\/submit-spin.svg\" class=\"wpforms-submit-spinner\" style=\"display: none;\" width=\"26\" height=\"26\" alt=\"Cargando\"><\/div><\/form><\/div>  <!-- .wpforms-container -->\n","protected":false},"excerpt":{"rendered":"<p>Integrador de soluciones, productos y servicios para la industria gr\u00e1fica. Un socio estrat\u00e9gico y un proveedor confiable con quien contar. &nbsp; Experiencia Fundada en 1996, Alephgraphics se ha proyectado como una empresa de gran dinamismo, solvencia y seriedad basada en m\u00e1s de 20 a\u00f1os de capacitaci\u00f3n tecnol\u00f3gica permanente y de experiencia de campo de su [&hellip;]<\/p>\n","protected":false},"author":2,"featured_media":0,"parent":0,"menu_order":0,"comment_status":"closed","ping_status":"closed","template":"","meta":{"pagelayer_contact_templates":[],"_pagelayer_content":"","footnotes":""},"class_list":["post-1998","page","type-page","status-publish","hentry"],"_links":{"self":[{"href":"https:\/\/www.alephgraphics.com\/es\/wp-json\/wp\/v2\/pages\/1998","targetHints":{"allow":["GET"]}}],"collection":[{"href":"https:\/\/www.alephgraphics.com\/es\/wp-json\/wp\/v2\/pages"}],"about":[{"href":"https:\/\/www.alephgraphics.com\/es\/wp-json\/wp\/v2\/types\/page"}],"author":[{"embeddable":true,"href":"https:\/\/www.alephgraphics.com\/es\/wp-json\/wp\/v2\/users\/2"}],"replies":[{"embeddable":true,"href":"https:\/\/www.alephgraphics.com\/es\/wp-json\/wp\/v2\/comments?post=1998"}],"version-history":[{"count":8,"href":"https:\/\/www.alephgraphics.com\/es\/wp-json\/wp\/v2\/pages\/1998\/revisions"}],"predecessor-version":[{"id":2400,"href":"https:\/\/www.alephgraphics.com\/es\/wp-json\/wp\/v2\/pages\/1998\/revisions\/2400"}],"wp:attachment":[{"href":"https:\/\/www.alephgraphics.com\/es\/wp-json\/wp\/v2\/media?parent=1998"}],"curies":[{"name":"wp","href":"https:\/\/api.w.org\/{rel}","templated":true}]}}