{"id":1912,"date":"2022-06-17T16:59:30","date_gmt":"2022-06-17T16:59:30","guid":{"rendered":"http:\/\/www.alephgraphics.com\/es\/?page_id=1912"},"modified":"2022-07-22T23:45:21","modified_gmt":"2022-07-22T23:45:21","slug":"soporte","status":"publish","type":"page","link":"https:\/\/www.alephgraphics.com\/es\/soporte\/","title":{"rendered":"Soporte"},"content":{"rendered":"<header class=\"entry-header text-center p-5\">\n<h1 class=\"entry-title p-3\">Soporte<\/h1>\n<\/header>\n<hr \/>\n<p><strong>Alephgraphics<\/strong> cuenta con su sede central en Miami y una amplia red de filiales y empresas asociadas en Am\u00e9rica Latina y el Caribe.<\/p>\n<p>Ello le permite tener una respuesta r\u00e1pida y efectiva cerca suyo siempre que el cliente lo necesite.<\/p>\n<p>Cuando haga su consulta, no olvide de incluir marca, modelo, a\u00f1o, n\u00famero de serie y toda la informaci\u00f3n que posea as\u00ed como la descripci\u00f3n del problema. <strong>Haremos nuestro m\u00e1ximo esfuerzo para responderle a la brevedad.<\/strong><\/p>\n<p>&nbsp;<\/p>\n<div class=\"wpforms-container wpforms-container-full\" id=\"wpforms-2049\"><form id=\"wpforms-form-2049\" class=\"wpforms-validate wpforms-form wpforms-ajax-form\" data-formid=\"2049\" method=\"post\" enctype=\"multipart\/form-data\" action=\"\/es\/wp-json\/wp\/v2\/pages\/1912\" data-token=\"5efebd183cecfee5e07b1403fa4f36d0\" data-token-time=\"1776392556\"><noscript class=\"wpforms-error-noscript\">Por favor, activa JavaScript en tu navegador para completar este formulario.<\/noscript><div class=\"wpforms-field-container\"><div id=\"wpforms-2049-field_0-container\" class=\"wpforms-field wpforms-field-name\" data-field-id=\"0\"><label class=\"wpforms-field-label\">Nombre <span class=\"wpforms-required-label\">*<\/span><\/label><div class=\"wpforms-field-row wpforms-field-medium\"><div class=\"wpforms-field-row-block wpforms-first wpforms-one-half\"><input type=\"text\" id=\"wpforms-2049-field_0\" class=\"wpforms-field-name-first wpforms-field-required\" name=\"wpforms[fields][0][first]\" required><label for=\"wpforms-2049-field_0\" class=\"wpforms-field-sublabel after\">Nombre<\/label><\/div><div class=\"wpforms-field-row-block wpforms-one-half\"><input type=\"text\" id=\"wpforms-2049-field_0-last\" class=\"wpforms-field-name-last wpforms-field-required\" name=\"wpforms[fields][0][last]\" required><label for=\"wpforms-2049-field_0-last\" class=\"wpforms-field-sublabel after\">Apellidos<\/label><\/div><\/div><div class=\"wpforms-field-description\">\u00bfA quien debemos dirigirnos al responder?<\/div><\/div><div id=\"wpforms-2049-field_3-container\" class=\"wpforms-field wpforms-field-text\" data-field-id=\"3\"><label class=\"wpforms-field-label\" for=\"wpforms-2049-field_3\">Empresa <span class=\"wpforms-required-label\">*<\/span><\/label><input type=\"text\" id=\"wpforms-2049-field_3\" class=\"wpforms-field-medium wpforms-field-required\" name=\"wpforms[fields][3]\" required><div class=\"wpforms-field-description\">\u00bfDe que empresa nos escribes?<\/div><\/div><div id=\"wpforms-2049-field_1-container\" class=\"wpforms-field wpforms-field-email\" data-field-id=\"1\"><label class=\"wpforms-field-label\" for=\"wpforms-2049-field_1\">Correo electr\u00f3nico <span class=\"wpforms-required-label\">*<\/span><\/label><input type=\"email\" id=\"wpforms-2049-field_1\" class=\"wpforms-field-medium wpforms-field-required\" name=\"wpforms[fields][1]\" spellcheck=\"false\" required><\/div><div id=\"wpforms-2049-field_4-container\" class=\"wpforms-field wpforms-field-text\" data-field-id=\"4\"><label class=\"wpforms-field-label\" for=\"wpforms-2049-field_4\">Telefono<\/label><input type=\"text\" id=\"wpforms-2049-field_4\" class=\"wpforms-field-medium\" name=\"wpforms[fields][4]\" ><div class=\"wpforms-field-description\">Opcionalmente podemos llamar por tel\u00e9fono si as\u00ed lo prefieren<\/div><\/div><div id=\"wpforms-2049-field_2-container\" class=\"wpforms-field wpforms-field-textarea\" data-field-id=\"2\"><label class=\"wpforms-field-label\" for=\"wpforms-2049-field_2\">Deja tu mensaje aqu\u00ed <span class=\"wpforms-required-label\">*<\/span><\/label><textarea id=\"wpforms-2049-field_2\" class=\"wpforms-field-medium wpforms-field-required\" name=\"wpforms[fields][2]\" required><\/textarea><\/div><\/div><!-- .wpforms-field-container --><div class=\"wpforms-recaptcha-container wpforms-is-recaptcha wpforms-is-recaptcha-type-v3\" ><input type=\"hidden\" name=\"wpforms[recaptcha]\" value=\"\"><\/div><div class=\"wpforms-submit-container\" ><input type=\"hidden\" name=\"wpforms[id]\" value=\"2049\"><input type=\"hidden\" name=\"page_title\" value=\"\"><input type=\"hidden\" name=\"page_url\" value=\"https:\/\/www.alephgraphics.com\/es\/wp-json\/wp\/v2\/pages\/1912\"><input type=\"hidden\" name=\"url_referer\" value=\"\"><button type=\"submit\" name=\"wpforms[submit]\" id=\"wpforms-submit-2049\" class=\"wpforms-submit\" data-alt-text=\"Enviando...\" data-submit-text=\"Enviar\" aria-live=\"assertive\" value=\"wpforms-submit\">Enviar<\/button><img loading=\"lazy\" decoding=\"async\" src=\"https:\/\/www.alephgraphics.com\/es\/wp-content\/plugins\/wpforms-lite\/assets\/images\/submit-spin.svg\" class=\"wpforms-submit-spinner\" style=\"display: none;\" width=\"26\" height=\"26\" alt=\"Cargando\"><\/div><\/form><\/div>  <!-- .wpforms-container -->\n","protected":false},"excerpt":{"rendered":"<p>Soporte Alephgraphics cuenta con su sede central en Miami y una amplia red de filiales y empresas asociadas en Am\u00e9rica Latina y el Caribe. Ello le permite tener una respuesta r\u00e1pida y efectiva cerca suyo siempre que el cliente lo necesite. Cuando haga su consulta, no olvide de incluir marca, modelo, a\u00f1o, n\u00famero de serie [&hellip;]<\/p>\n","protected":false},"author":2,"featured_media":0,"parent":0,"menu_order":0,"comment_status":"closed","ping_status":"closed","template":"","meta":{"pagelayer_contact_templates":[],"_pagelayer_content":"","footnotes":""},"class_list":["post-1912","page","type-page","status-publish","hentry"],"_links":{"self":[{"href":"https:\/\/www.alephgraphics.com\/es\/wp-json\/wp\/v2\/pages\/1912","targetHints":{"allow":["GET"]}}],"collection":[{"href":"https:\/\/www.alephgraphics.com\/es\/wp-json\/wp\/v2\/pages"}],"about":[{"href":"https:\/\/www.alephgraphics.com\/es\/wp-json\/wp\/v2\/types\/page"}],"author":[{"embeddable":true,"href":"https:\/\/www.alephgraphics.com\/es\/wp-json\/wp\/v2\/users\/2"}],"replies":[{"embeddable":true,"href":"https:\/\/www.alephgraphics.com\/es\/wp-json\/wp\/v2\/comments?post=1912"}],"version-history":[{"count":1,"href":"https:\/\/www.alephgraphics.com\/es\/wp-json\/wp\/v2\/pages\/1912\/revisions"}],"predecessor-version":[{"id":2205,"href":"https:\/\/www.alephgraphics.com\/es\/wp-json\/wp\/v2\/pages\/1912\/revisions\/2205"}],"wp:attachment":[{"href":"https:\/\/www.alephgraphics.com\/es\/wp-json\/wp\/v2\/media?parent=1912"}],"curies":[{"name":"wp","href":"https:\/\/api.w.org\/{rel}","templated":true}]}}